{"id":90,"date":"2012-07-24T17:09:37","date_gmt":"2012-07-24T17:09:37","guid":{"rendered":"http:\/\/apartments-zizic.com\/how-to-reach-us\/"},"modified":"2017-11-03T01:25:15","modified_gmt":"2017-11-03T01:25:15","slug":"kako-doci-do-nas","status":"publish","type":"page","link":"https:\/\/apartments-zizic.com\/hr\/kako-doci-do-nas\/","title":{"rendered":"Kako do\u0107i do nas?"},"content":{"rendered":"<h1 style=\"text-align: center;\">Kako do\u0107i do nas?<\/h1>\n<h4>Automobilom<\/h4>\n<p>Iz <strong>smjera Zagreba<\/strong><\/p>\n<ul>\n<li>Autocestom A1 &#8211; vozite iz Zagreba u smjeru Splita te iza\u0111ete na izlaz za Trogir.<\/li>\n<li>Dr\u017eavnom cestom D1 &#8211; sa autoputa Zagreb-Karlovac iza\u0111ete u Karlovcu i vozite preko Karlovca, Slunja, Plitvica, Gra\u010daca, Knina, Drni\u0161a, Une\u0161i\u0107a do Trogira.<\/li>\n<\/ul>\n<p>Iz <strong>smjera Rijeke<\/strong><\/p>\n<ul>\n<li>Autocestom A1 &#8211; vozite iz Rijeke u smjeru Senja. U Senju pratite oznake za A1 i uklju\u010dite se u smjer za Split, te iza\u0111ite na izlazu za Trogir.<\/li>\n<li>Jadranskom magistralom &#8211; idete preko Senja, Karlobaga, Zadra, \u0160ibenika do Trogira.<\/li>\n<\/ul>\n<p style=\"text-align: justify;\"><strong>Kada stignete u Trogir<\/strong> treba skrenuti na prvi (manji) most, pro\u0107i kroz grad na drugi (ve\u0107i) most koji Trogir povezuje sa \u010ciovom. Na silasku sa mosta na \u010ciovo treba skrenuti lijevo i voziti cestom uz more oko 7 km dok ne do\u0111ete do oznake Osoje. Nakon tog znaka voziti jo\u0161 500 m i do\u0107i \u0107ete do apartmana \u017di\u017ei\u0107 (to\u010dnu rutu od Trogira do na\u0161ih apartmana mo\u017eete vidjeti na mapi ispod).<\/p>\n<p><iframe src=\"https:\/\/maps.google.com\/maps?f=d&amp;source=s_d&amp;saddr=D315&amp;daddr=Unknown+road&amp;hl=en&amp;geocode=FZQKmAIdrfb3AA%3BFRTWlwIdvAr5AA&amp;aq=0&amp;oq=slatine&amp;sll=43.518019,16.251408&amp;sspn=0.001556,0.004128&amp;t=h&amp;mra=dme&amp;mrsp=0&amp;sz=19&amp;ie=UTF8&amp;ll=43.507351,16.28294&amp;spn=0.056027,0.101109&amp;z=13&amp;output=embed\" marginwidth=\"0\" marginheight=\"0\" scrolling=\"no\" frameborder=\"0\" height=\"450\" width=\"590\"><\/iframe><br \/>\n<small><a style=\"color: #0000ff; text-align: left;\" href=\"https:\/\/maps.google.com\/maps?f=d&amp;source=embed&amp;saddr=D315&amp;daddr=Unknown+road&amp;hl=en&amp;geocode=FZQKmAIdrfb3AA%3BFRTWlwIdvAr5AA&amp;aq=0&amp;oq=slatine&amp;sll=43.518019,16.251408&amp;sspn=0.001556,0.004128&amp;t=h&amp;mra=dme&amp;mrsp=0&amp;sz=19&amp;ie=UTF8&amp;ll=43.507351,16.28294&amp;spn=0.056027,0.101109&amp;z=13\">View Larger Map<\/a><\/small><\/p>\n<p>Pratite link ako \u017eelite pro\u010ditati vi\u0161e o <a title=\"Vo\u017enja u Hrvatskoj\" href=\"https:\/\/apartments-zizic.com\/hr\/voznja-u-hrvatskoj\/\">vo\u017enji u Hrvatskoj<\/a>.<\/p>\n<h4>Autobusom<\/h4>\n<p style=\"text-align: justify;\">Autobusne linije voze iz svih ve\u0107ih gradova u Hrvatskoj za Split, ako nemaju stajanje u Trogiru. Kada stignete u Split tada se ukrcavate u bilo koju autobusnu liniju koja staje u Trogiru. Lokalna autobusna linija povezuje Trogir sa Slatinama gdje su na\u0161i apartmani.<\/p>\n<p style=\"text-align: justify;\"><strong>Autobusni kolodvor Split:<\/strong> + 385 060 327 327<br \/>\n<strong>Autobusni kolodvor Zagreb:<\/strong> + 385 060 313 333 (<a href=\"http:\/\/www.akz.hr\/\" target=\"_blank\">www.akz.hr<\/a>)<\/p>\n<h4 style=\"text-align: justify;\">Vlakom<\/h4>\n<p style=\"text-align: justify;\">Putujete li vlakom iz europskih metropola, onda se u Zagrebu ukrcavate u vlak za Split. \u017deljezni\u010dka stanica u Splitu je odmah do autobusnog kolodvora gdje se ukrcavate na bilo koju liniju koja staje u Trogiru. Lokalna autobusna linija povezuje Trogir sa Slatinama gdje su na\u0161i apartmani. Svi ve\u0107i gradovi u Hrvatskoj povezani su \u017eeljeznicom, osim Dubrovnika. Hrvatska ima izravne veze sa Slovenijom, Bosnom i Hercegovinom, Ma\u0111arskom, Italijom, Austrijom, \u0160vicarskom, Njema\u010dkom, Srbijom i Crnom Gorom, te posredne veze s gotovo svim europskim zemljama. Eurocity i Intercity:<\/p>\n<ul>\n<li>EC &#8220;Mimara&#8221;: Munchen &#8211; Salzburg &#8211; Villach &#8211; Ljubljana &#8211; Zagreb;<\/li>\n<li>IC &#8220;Croatia&#8221;: Be? &#8211; Maribor &#8211; Zagreb;<\/li>\n<li>IC &#8220;Sava&#8221;: Munchen &#8211; Salzburg &#8211; Villach &#8211; Ljubljana &#8211; Zagreb &#8211; Beograd;<\/li>\n<li>IC &#8220;Kvarner&#8221;: Budimpe\u0161ta-Zagreb-Rijeka;<\/li>\n<li>IC &#8220;Podravka&#8221;: Osijek-Na\u0161ice-Virovitica-Koprivnica-Zagreb<\/li>\n<li>&#8220;Olimpus&#8221;: Zagreb-Beograd-Skoplje-Solun<\/li>\n<li>brzi vlak: Zurich-Zagreb<\/li>\n<\/ul>\n<p><strong>Informacije o redu vo\u017enje:<\/strong><br \/>\nTel: 060 333 444<br \/>\nE-mail: <a href=\"mailto:informacije@hznet.hr\">informacije@hznet.hr<\/a><br \/>\nWeb: <a href=\"http:\/\/www.hznet.hr\/\" target=\"_blank\">www.hznet.hr<\/a><\/p>\n<p><strong>\u017deljezni\u010dki kolodvor Split<\/strong><br \/>\nZlodrina poljana 20<br \/>\ntel: 060 333 444<\/p>\n<h4>Avionom<\/h4>\n<p style=\"text-align: justify;\">Iz svih ve\u0107ih europskih i svjetskih metropola, mo\u017eete nekoliko puta tjedno sletjeti u zra\u010dnu luku Resnik koja je udaljena samo 10 km od Trogira. Za sve goste pristigle avionom osiguravamo prijevoz do na\u0161ih apartmana.<\/p>\n<p><strong>Kontaktni centar Croatia Airlinesa:<\/strong><\/p>\n<p style=\"text-align: justify;\"><strong>Telefonska prodaja<br \/>\n<\/strong><\/p>\n<div>\n<ul>\n<li>Tel: 062 500 505, +385 1 66 76 555<\/li>\n<li>Broj za pozive iz mobilnih mre\u017ea u Hrvatskoj: *500<br \/>\n(Cijena poziva iz mobilne mre\u017ee na ovaj broj jednaka je cijeni poziva na bilo koji fiksni broj. Cijene su razli\u010dite i ovise o ugovorenoj tarifi koju pozivatelj koristi.)<\/li>\n<li>E-mail: <a href=\"mailto:contact@croatiaairlines.hr\">contact@croatiaairlines.hr<\/a><\/li>\n<li>Radno vrijeme:<br \/>\npon-pet.: 08:00 &#8211; 20:00<br \/>\nvikendom i praznikom: 09:00 &#8211; 18:00<\/li>\n<\/ul>\n<\/div>\n<p><strong>Internetska prodaja (FlyOnLine)<\/strong><\/p>\n<ul>\n<li>E-mail: <a href=\"mailto:flyonline@croatiaairlines.hr%20\">flyonline@croatiaairlines.hr&nbsp;<\/a><\/li>\n<li>Radno vrijeme:<br \/>\npon-pet: 08:00 &#8211; 20:00<br \/>\nvikendom i praznikom: 09:00 &#8211; 16:00<\/li>\n<\/ul>\n<p style=\"text-align: justify;\"><strong>Aerodrom &#8211; Zagreb<\/strong><br \/>\nTelefoni: 01 4562 222 , 01 6265 222<br \/>\nWeb: <a href=\"http:\/\/www.zagreb-airport.hr\/\" target=\"_blank\">www.zagreb-airport.hr<\/a><\/p>\n<p style=\"text-align: justify;\"><strong>Aerodrom &#8211; Split<\/strong><br \/>\nTelefoni: 021 203 555 , 021 203 171<br \/>\nWeb: <a href=\"http:\/\/www.split-airport.hr\/\" target=\"_blank\">www.split-airport.hr<\/a><\/p>\n<h4 style=\"text-align: justify;\">Trajektom<\/h4>\n<p style=\"text-align: justify;\">Split je najve\u0107a hrvatska putni\u010dka luka i povezana je direktnim trajektnim vezama sa talijanskim lukama, te sa gradovima Rijekom i Dubrovnikom u Hrvatskoj. Odmah kraj trajektne luke se nalazi me\u0111ugradski i me\u0111unarodni autobusni kolodvor gdje se mo\u017eete ukrcati na bilo koju autobusnu liniju koja staje u Trogiru. Lokalna autobusna linija povezuje Trogir sa Slatinama gdje su na\u0161i apartmani.<\/p>\n<p><strong>Jadrolinija<\/strong><br \/>\nGlavna hrvatska brodarska kompanija koja dr\u017ei glavne trajektne i brodske linije u Hrvatskoj. Internacionalni trajekt za automobile:<\/p>\n<ul>\n<li>Rijeka-Zadar-Split-Stari Grad (otok Hvar)-Kor\u010dula-Dubrovnik-Bari<\/li>\n<li>Split &#8211; Ancona &#8211; Split<\/li>\n<li>Kor\u010dula &#8211; Stari Grad (otok Hvar) &#8211; Split &#8211; Ancona<\/li>\n<li>Zadar &#8211; Ancona &#8211; Zadar<\/li>\n<li>Zadar &#8211; Brbinj (Dugi otok) &#8211; Ancona<\/li>\n<li>Dubrovnik &#8211; Bari &#8211; Dubrovnik<\/li>\n<\/ul>\n<p><strong>Informacije o rasporedu brodova i cijene karata mogu se prona\u0107i na sljede\u0107oj adresi:<\/strong><br \/>\nTel. +385 (0)51 666 111; +385 (0)51 211 444<br \/>\nFax. +385 (0)51 213 116<br \/>\nWeb: <a href=\"http:\/\/www.jadrolinija.hr\/\" target=\"_blank\">www.jadrolinija.hr<\/a><br \/>\nE-mail: <a href=\"mailto:passdept_if@jadrolinija.hr\">passdept_if@jadrolinija.hr<\/a><\/p>\n","protected":false},"excerpt":{"rendered":"<p>Kako do\u0107i do nas? Automobilom Iz smjera Zagreba Autocestom A1 &#8211; vozite iz Zagreba u smjeru Splita te iza\u0111ete na izlaz za Trogir. Dr\u017eavnom cestom D1 &#8211; sa autoputa Zagreb-Karlovac iza\u0111ete u Karlovcu i vozite preko Karlovca, Slunja, Plitvica, Gra\u010daca, Knina, Drni\u0161a, Une\u0161i\u0107a do Trogira. Iz smjera Rijeke Autocestom A1 &#8211; vozite iz Rijeke u  [&#8230;]<\/p>\n","protected":false},"author":1,"featured_media":0,"parent":0,"menu_order":0,"comment_status":"closed","ping_status":"open","template":"","meta":{"ngg_post_thumbnail":0,"footnotes":""},"class_list":["post-90","page","type-page","status-publish","hentry"],"yoast_head":"<!-- This site is optimized with the Yoast SEO plugin v27.0 - https:\/\/yoast.com\/product\/yoast-seo-wordpress\/ -->\n<title>Kako do\u0107i do nas? | Apartments Zizic - Accommodation - Slatine - \u010ciovo island<\/title>\n<meta name=\"robots\" content=\"index, follow, max-snippet:-1, max-image-preview:large, max-video-preview:-1\" \/>\n<link rel=\"canonical\" href=\"https:\/\/apartments-zizic.com\/hr\/kako-doci-do-nas\/\" \/>\n<meta property=\"og:locale\" content=\"hr_HR\" \/>\n<meta property=\"og:type\" content=\"article\" \/>\n<meta property=\"og:title\" content=\"Kako do\u0107i do nas? | Apartments Zizic - Accommodation - Slatine - \u010ciovo island\" \/>\n<meta property=\"og:description\" content=\"Kako do\u0107i do nas? Automobilom Iz smjera Zagreba Autocestom A1 &#8211; vozite iz Zagreba u smjeru Splita te iza\u0111ete na izlaz za Trogir. Dr\u017eavnom cestom D1 &#8211; sa autoputa Zagreb-Karlovac iza\u0111ete u Karlovcu i vozite preko Karlovca, Slunja, Plitvica, Gra\u010daca, Knina, Drni\u0161a, Une\u0161i\u0107a do Trogira. Iz smjera Rijeke Autocestom A1 &#8211; vozite iz Rijeke u [...]\" \/>\n<meta property=\"og:url\" content=\"https:\/\/apartments-zizic.com\/hr\/kako-doci-do-nas\/\" \/>\n<meta property=\"og:site_name\" content=\"Apartments Zizic - Accommodation - Slatine - \u010ciovo island\" \/>\n<meta property=\"article:publisher\" content=\"https:\/\/www.facebook.com\/apartments.zizic.croatia\/\" \/>\n<meta property=\"article:modified_time\" content=\"2017-11-03T01:25:15+00:00\" \/>\n<meta name=\"twitter:label1\" content=\"Procijenjeno vrijeme \u010ditanja\" \/>\n\t<meta name=\"twitter:data1\" content=\"3 minute\" \/>\n<script type=\"application\/ld+json\" class=\"yoast-schema-graph\">{\"@context\":\"https:\/\/schema.org\",\"@graph\":[{\"@type\":\"WebPage\",\"@id\":\"https:\/\/apartments-zizic.com\/hr\/kako-doci-do-nas\/\",\"url\":\"https:\/\/apartments-zizic.com\/hr\/kako-doci-do-nas\/\",\"name\":\"Kako do\u0107i do nas? | Apartments Zizic - Accommodation - Slatine - \u010ciovo island\",\"isPartOf\":{\"@id\":\"https:\/\/apartments-zizic.com\/hr\/#website\"},\"datePublished\":\"2012-07-24T17:09:37+00:00\",\"dateModified\":\"2017-11-03T01:25:15+00:00\",\"breadcrumb\":{\"@id\":\"https:\/\/apartments-zizic.com\/hr\/kako-doci-do-nas\/#breadcrumb\"},\"inLanguage\":\"hr\",\"potentialAction\":[{\"@type\":\"ReadAction\",\"target\":[\"https:\/\/apartments-zizic.com\/hr\/kako-doci-do-nas\/\"]}]},{\"@type\":\"BreadcrumbList\",\"@id\":\"https:\/\/apartments-zizic.com\/hr\/kako-doci-do-nas\/#breadcrumb\",\"itemListElement\":[{\"@type\":\"ListItem\",\"position\":1,\"name\":\"Home\",\"item\":\"https:\/\/apartments-zizic.com\/hr\/pocetna\/\"},{\"@type\":\"ListItem\",\"position\":2,\"name\":\"Kako do\u0107i do nas?\"}]},{\"@type\":\"WebSite\",\"@id\":\"https:\/\/apartments-zizic.com\/hr\/#website\",\"url\":\"https:\/\/apartments-zizic.com\/hr\/\",\"name\":\"Apartments Zizic - Accommodation - Slatine - \u010ciovo island\",\"description\":\"Vacation rental, apartments, accommodation\",\"publisher\":{\"@id\":\"https:\/\/apartments-zizic.com\/hr\/#organization\"},\"potentialAction\":[{\"@type\":\"SearchAction\",\"target\":{\"@type\":\"EntryPoint\",\"urlTemplate\":\"https:\/\/apartments-zizic.com\/hr\/?s={search_term_string}\"},\"query-input\":{\"@type\":\"PropertyValueSpecification\",\"valueRequired\":true,\"valueName\":\"search_term_string\"}}],\"inLanguage\":\"hr\"},{\"@type\":\"Organization\",\"@id\":\"https:\/\/apartments-zizic.com\/hr\/#organization\",\"name\":\"Apartments Zizic\",\"url\":\"https:\/\/apartments-zizic.com\/hr\/\",\"logo\":{\"@type\":\"ImageObject\",\"inLanguage\":\"hr\",\"@id\":\"https:\/\/apartments-zizic.com\/hr\/#\/schema\/logo\/image\/\",\"url\":\"\",\"contentUrl\":\"\",\"caption\":\"Apartments Zizic\"},\"image\":{\"@id\":\"https:\/\/apartments-zizic.com\/hr\/#\/schema\/logo\/image\/\"},\"sameAs\":[\"https:\/\/www.facebook.com\/apartments.zizic.croatia\/\"]}]}<\/script>\n<!-- \/ Yoast SEO plugin. -->","yoast_head_json":{"title":"Kako do\u0107i do nas? | Apartments Zizic - Accommodation - Slatine - \u010ciovo island","robots":{"index":"index","follow":"follow","max-snippet":"max-snippet:-1","max-image-preview":"max-image-preview:large","max-video-preview":"max-video-preview:-1"},"canonical":"https:\/\/apartments-zizic.com\/hr\/kako-doci-do-nas\/","og_locale":"hr_HR","og_type":"article","og_title":"Kako do\u0107i do nas? | Apartments Zizic - Accommodation - Slatine - \u010ciovo island","og_description":"Kako do\u0107i do nas? Automobilom Iz smjera Zagreba Autocestom A1 &#8211; vozite iz Zagreba u smjeru Splita te iza\u0111ete na izlaz za Trogir. Dr\u017eavnom cestom D1 &#8211; sa autoputa Zagreb-Karlovac iza\u0111ete u Karlovcu i vozite preko Karlovca, Slunja, Plitvica, Gra\u010daca, Knina, Drni\u0161a, Une\u0161i\u0107a do Trogira. Iz smjera Rijeke Autocestom A1 &#8211; vozite iz Rijeke u [...]","og_url":"https:\/\/apartments-zizic.com\/hr\/kako-doci-do-nas\/","og_site_name":"Apartments Zizic - Accommodation - Slatine - \u010ciovo island","article_publisher":"https:\/\/www.facebook.com\/apartments.zizic.croatia\/","article_modified_time":"2017-11-03T01:25:15+00:00","twitter_misc":{"Procijenjeno vrijeme \u010ditanja":"3 minute"},"schema":{"@context":"https:\/\/schema.org","@graph":[{"@type":"WebPage","@id":"https:\/\/apartments-zizic.com\/hr\/kako-doci-do-nas\/","url":"https:\/\/apartments-zizic.com\/hr\/kako-doci-do-nas\/","name":"Kako do\u0107i do nas? | Apartments Zizic - Accommodation - Slatine - \u010ciovo island","isPartOf":{"@id":"https:\/\/apartments-zizic.com\/hr\/#website"},"datePublished":"2012-07-24T17:09:37+00:00","dateModified":"2017-11-03T01:25:15+00:00","breadcrumb":{"@id":"https:\/\/apartments-zizic.com\/hr\/kako-doci-do-nas\/#breadcrumb"},"inLanguage":"hr","potentialAction":[{"@type":"ReadAction","target":["https:\/\/apartments-zizic.com\/hr\/kako-doci-do-nas\/"]}]},{"@type":"BreadcrumbList","@id":"https:\/\/apartments-zizic.com\/hr\/kako-doci-do-nas\/#breadcrumb","itemListElement":[{"@type":"ListItem","position":1,"name":"Home","item":"https:\/\/apartments-zizic.com\/hr\/pocetna\/"},{"@type":"ListItem","position":2,"name":"Kako do\u0107i do nas?"}]},{"@type":"WebSite","@id":"https:\/\/apartments-zizic.com\/hr\/#website","url":"https:\/\/apartments-zizic.com\/hr\/","name":"Apartments Zizic - Accommodation - Slatine - \u010ciovo island","description":"Vacation rental, apartments, accommodation","publisher":{"@id":"https:\/\/apartments-zizic.com\/hr\/#organization"},"potentialAction":[{"@type":"SearchAction","target":{"@type":"EntryPoint","urlTemplate":"https:\/\/apartments-zizic.com\/hr\/?s={search_term_string}"},"query-input":{"@type":"PropertyValueSpecification","valueRequired":true,"valueName":"search_term_string"}}],"inLanguage":"hr"},{"@type":"Organization","@id":"https:\/\/apartments-zizic.com\/hr\/#organization","name":"Apartments Zizic","url":"https:\/\/apartments-zizic.com\/hr\/","logo":{"@type":"ImageObject","inLanguage":"hr","@id":"https:\/\/apartments-zizic.com\/hr\/#\/schema\/logo\/image\/","url":"","contentUrl":"","caption":"Apartments Zizic"},"image":{"@id":"https:\/\/apartments-zizic.com\/hr\/#\/schema\/logo\/image\/"},"sameAs":["https:\/\/www.facebook.com\/apartments.zizic.croatia\/"]}]}},"_links":{"self":[{"href":"https:\/\/apartments-zizic.com\/hr\/wp-json\/wp\/v2\/pages\/90","targetHints":{"allow":["GET"]}}],"collection":[{"href":"https:\/\/apartments-zizic.com\/hr\/wp-json\/wp\/v2\/pages"}],"about":[{"href":"https:\/\/apartments-zizic.com\/hr\/wp-json\/wp\/v2\/types\/page"}],"author":[{"embeddable":true,"href":"https:\/\/apartments-zizic.com\/hr\/wp-json\/wp\/v2\/users\/1"}],"replies":[{"embeddable":true,"href":"https:\/\/apartments-zizic.com\/hr\/wp-json\/wp\/v2\/comments?post=90"}],"version-history":[{"count":0,"href":"https:\/\/apartments-zizic.com\/hr\/wp-json\/wp\/v2\/pages\/90\/revisions"}],"wp:attachment":[{"href":"https:\/\/apartments-zizic.com\/hr\/wp-json\/wp\/v2\/media?parent=90"}],"curies":[{"name":"wp","href":"https:\/\/api.w.org\/{rel}","templated":true}]}}