{"id":876,"date":"2012-11-12T04:49:13","date_gmt":"2012-11-12T04:49:13","guid":{"rendered":"http:\/\/apartments-zizic.com\/culture-events-2\/"},"modified":"2020-01-08T03:15:26","modified_gmt":"2020-01-08T03:15:26","slug":"kulturni-dogadjaji","status":"publish","type":"page","link":"https:\/\/apartments-zizic.com\/hr\/kulturni-dogadjaji\/","title":{"rendered":"Kulturni doga\u0111aji"},"content":{"rendered":"<p><div class=\"fusion-fullwidth fullwidth-box fusion-builder-row-1 nonhundred-percent-fullwidth non-hundred-percent-height-scrolling\" style=\"--awb-border-radius-top-left:0px;--awb-border-radius-top-right:0px;--awb-border-radius-bottom-right:0px;--awb-border-radius-bottom-left:0px;--awb-padding-top:20px;--awb-padding-bottom:20px;--awb-flex-wrap:wrap;\" ><div class=\"fusion-builder-row fusion-row\"><div class=\"fusion-layout-column fusion_builder_column fusion-builder-column-0 fusion_builder_column_1_1 1_1 fusion-one-full fusion-column-first fusion-column-last\" style=\"--awb-bg-size:cover;\"><div class=\"fusion-column-wrapper fusion-flex-column-wrapper-legacy\"><div class=\"fusion-text fusion-text-1\"><h1 align=\"left\">Kulturni doga\u0111aji<br \/><\/h1>\n<\/div><div class=\"fusion-clearfix\"><\/div><\/div><\/div><\/div><\/div><div class=\"fusion-fullwidth fullwidth-box fusion-builder-row-2 nonhundred-percent-fullwidth non-hundred-percent-height-scrolling\" style=\"--awb-background-position:left top;--awb-border-radius-top-left:0px;--awb-border-radius-top-right:0px;--awb-border-radius-bottom-right:0px;--awb-border-radius-bottom-left:0px;--awb-padding-top:20px;--awb-padding-bottom:20px;--awb-border-sizes-top:0px;--awb-border-sizes-bottom:0px;--awb-flex-wrap:wrap;\" ><div class=\"fusion-builder-row fusion-row\"><div class=\"fusion-layout-column fusion_builder_column fusion-builder-column-1 fusion_builder_column_1_1 1_1 fusion-one-full fusion-column-first fusion-column-last\" style=\"--awb-bg-size:cover;\"><div class=\"fusion-column-wrapper fusion-flex-column-wrapper-legacy\"><div class=\"fusion-text fusion-text-2\"><p>Ovo su neki od kulturnih doga\u0111aja koji se organiziraju ljeti u Splitu, Trogiru i okolici:<\/p>\n<h2>Trogirsko kulturno ljeto<\/h2>\n<p style=\"text-align: justify;\">Tijekom<a href=\"http:\/\/apartments-zizic.com\/wp-content\/uploads\/trogir-summer.jpg\"><img decoding=\"async\" class=\" wp-image-3416 alignleft\" src=\"http:\/\/apartments-zizic.com\/wp-content\/uploads\/trogir-summer.jpg\" alt=\"trogir-summer\" height=\"302\" width=\"395\" srcset=\"https:\/\/apartments-zizic.com\/wp-content\/uploads\/trogir-summer-200x153.jpg 200w, https:\/\/apartments-zizic.com\/wp-content\/uploads\/trogir-summer-300x229.jpg 300w, https:\/\/apartments-zizic.com\/wp-content\/uploads\/trogir-summer-400x306.jpg 400w, https:\/\/apartments-zizic.com\/wp-content\/uploads\/trogir-summer.jpg 543w\" sizes=\"(max-width: 395px) 100vw, 395px\" \/><\/a> cijelog ljeta trogirske se ulice tresu od mno\u0161tva kulturnih doga\u0111aja. Svi posjetitelji Trogira mogu prona\u0107i pone\u0161to za sebe.<\/p>\n<p style=\"text-align: justify;\">Ljubitelji ozbiljne umjetnosti mogu u\u017eivati u koncertima klasi\u010dnih i komornih ansambala, izlo\u017ebama u prostorijama Moderne galerije te kazali\u0161nim predstavama, \u010dije su izvedbe smje\u0161tene unutar stare gradske jezgre.<\/p>\n<p style=\"text-align: justify;\">Goste \u017eeljnije zabavnog programa cijelog \u0107e ljeta zabavljati estradne zvijezde iz Hrvatske i inozemstva, a za potpuno veselje zadu\u017eene su pu\u010dke fe\u0161te poput Ribarske no\u0107i, kada se po ulicama grada pripremaju riblji specijaliteti, te fe\u0161ta za Dan Trogira<\/p>\n<\/div><div class=\"fusion-sep-clear\"><\/div><div class=\"fusion-separator fusion-full-width-sep\" style=\"margin-left: auto;margin-right: auto;margin-top:30px;width:100%;\"><\/div><div class=\"fusion-sep-clear\"><\/div><div class=\"fusion-text fusion-text-3\"><h2 style=\"text-align: justify;\">Splitsko ljeto<\/h2>\n<p style=\"text-align: justify;\"><a href=\"http:\/\/apartments-zizic.com\/wp-content\/uploads\/splitsko-ljeto-by-ivanko-mise-morski.jpg\"><img decoding=\"async\" class=\" wp-image-3418 alignleft\" src=\"http:\/\/apartments-zizic.com\/wp-content\/uploads\/splitsko-ljeto-by-ivanko-mise-morski.jpg\" alt=\"splitsko ljeto\" height=\"253\" width=\"337\" srcset=\"https:\/\/apartments-zizic.com\/wp-content\/uploads\/splitsko-ljeto-by-ivanko-mise-morski-200x150.jpg 200w, https:\/\/apartments-zizic.com\/wp-content\/uploads\/splitsko-ljeto-by-ivanko-mise-morski-300x225.jpg 300w, https:\/\/apartments-zizic.com\/wp-content\/uploads\/splitsko-ljeto-by-ivanko-mise-morski-400x300.jpg 400w, https:\/\/apartments-zizic.com\/wp-content\/uploads\/splitsko-ljeto-by-ivanko-mise-morski-600x450.jpg 600w, https:\/\/apartments-zizic.com\/wp-content\/uploads\/splitsko-ljeto-by-ivanko-mise-morski-768x576.jpg 768w, https:\/\/apartments-zizic.com\/wp-content\/uploads\/splitsko-ljeto-by-ivanko-mise-morski-800x600.jpg 800w, https:\/\/apartments-zizic.com\/wp-content\/uploads\/splitsko-ljeto-by-ivanko-mise-morski.jpg 960w\" sizes=\"(max-width: 337px) 100vw, 337px\" \/><\/a>Split se ljeti pretvara u grad scenskih umjetnosti. Ve\u0107 tradicionalno, Splitsko se ljeto najvi\u0161e koncentrira na operne produkcije predstavljaju\u0107i splitskoj publici prominentne operne izvedbe probranih kazali\u0161nih ku\u0107a iz cijeloga svijeta.<\/p>\n<p style=\"text-align: justify;\">Slavni vokalisti pred auditorij izlaze nadahnuti anti\u010dkim ambijentom stare splitske jezgre, a ulice Dioklecijanove pala\u010de \u010dine savr\u0161enu zvu\u010dnu kulisu.<\/p>\n<p style=\"text-align: justify;\">Uz opere, Splitsko ljeto svojim posjetiteljima nudi i brojne dramske predstave te balete i izlo\u017ebe, a posljednjih godina njegovi su se organizatori okrenuli i promoviranju odre\u0111enih formi suvremene umjetnosti kao \u0161to su jazz koncerti, filmske projekcije te uli\u010dno kazali\u0161te i performansi. Idealan izbor za sve one koji jednako u\u017eivaju u moru i vrhunskoj umjetnosti.<\/p>\n<\/div><div class=\"fusion-sep-clear\"><\/div><div class=\"fusion-separator fusion-full-width-sep\" style=\"margin-left: auto;margin-right: auto;margin-top:30px;width:100%;\"><\/div><div class=\"fusion-sep-clear\"><\/div><div class=\"fusion-text fusion-text-4\"><div id=\"jig1\" class=\"justified-image-grid jig-9595bb71401c3d4590209ba67a3cc4bf jig-preset-11 jig-source-nextgen\"><div class=\"jig-clearfix\"><\/div><noscript id=\"jig1-html\" class=\"justified-image-grid-html\" data-lazy-src=\"skiplazyload\" data-src=\"skipunveillazyload\"><ul><li><a href=\"https:\/\/apartments-zizic.com\/photo-gallery\/splitsko-ljeto-photos\/splitsko-ljeto-by-morski-6.jpg\"><img decoding=\"async\" src=\"https:\/\/apartments-zizic.com\/photo-gallery\/splitsko-ljeto-photos\/splitsko-ljeto-by-morski-6.jpg\" alt=\"splitsko-ljeto-by-morski-6\" width=\"306\" height=\"230\" \/><\/a><p class=\"jig-HTMLdescription\">splitsko-ljeto-by-morski-6<\/p><\/li><li><a href=\"https:\/\/apartments-zizic.com\/photo-gallery\/splitsko-ljeto-photos\/splitsko-ljeto-by-morski-7.jpg\"><img decoding=\"async\" src=\"https:\/\/apartments-zizic.com\/photo-gallery\/splitsko-ljeto-photos\/splitsko-ljeto-by-morski-7.jpg\" alt=\"splitsko-ljeto-by-morski-7\" width=\"306\" height=\"230\" \/><\/a><p class=\"jig-HTMLdescription\">splitsko-ljeto-by-morski-7<\/p><\/li><li><a href=\"https:\/\/apartments-zizic.com\/photo-gallery\/splitsko-ljeto-photos\/splitsko-ljeto-by-morski-1.jpg\"><img decoding=\"async\" src=\"https:\/\/apartments-zizic.com\/photo-gallery\/splitsko-ljeto-photos\/splitsko-ljeto-by-morski-1.jpg\" alt=\"splitsko-ljeto-by-morski-1\" width=\"306\" height=\"230\" \/><\/a><p class=\"jig-HTMLdescription\">splitsko-ljeto-by-morski-1<\/p><\/li><li><a href=\"https:\/\/apartments-zizic.com\/photo-gallery\/splitsko-ljeto-photos\/splitsko-ljeto-by-morski-2.jpg\"><img decoding=\"async\" src=\"https:\/\/apartments-zizic.com\/photo-gallery\/splitsko-ljeto-photos\/splitsko-ljeto-by-morski-2.jpg\" alt=\"splitsko-ljeto-by-morski-2\" width=\"306\" height=\"230\" \/><\/a><p class=\"jig-HTMLdescription\">splitsko-ljeto-by-morski-2<\/p><\/li><li><a href=\"https:\/\/apartments-zizic.com\/photo-gallery\/splitsko-ljeto-photos\/splitsko-ljeto-by-morski-3.jpg\"><img decoding=\"async\" src=\"https:\/\/apartments-zizic.com\/photo-gallery\/splitsko-ljeto-photos\/splitsko-ljeto-by-morski-3.jpg\" alt=\"splitsko-ljeto-by-morski-3\" width=\"306\" height=\"230\" \/><\/a><p class=\"jig-HTMLdescription\">splitsko-ljeto-by-morski-3<\/p><\/li><li><a href=\"https:\/\/apartments-zizic.com\/photo-gallery\/splitsko-ljeto-photos\/splitsko-ljeto-by-morski-4.jpg\"><img decoding=\"async\" src=\"https:\/\/apartments-zizic.com\/photo-gallery\/splitsko-ljeto-photos\/splitsko-ljeto-by-morski-4.jpg\" alt=\"splitsko-ljeto-by-morski-4\" width=\"306\" height=\"230\" \/><\/a><p class=\"jig-HTMLdescription\">splitsko-ljeto-by-morski-4<\/p><\/li><li><a href=\"https:\/\/apartments-zizic.com\/photo-gallery\/splitsko-ljeto-photos\/splitsko-ljeto-by-morski-5.jpg\"><img decoding=\"async\" src=\"https:\/\/apartments-zizic.com\/photo-gallery\/splitsko-ljeto-photos\/splitsko-ljeto-by-morski-5.jpg\" alt=\"splitsko-ljeto-by-morski-5\" width=\"306\" height=\"230\" \/><\/a><p class=\"jig-HTMLdescription\">splitsko-ljeto-by-morski-5<\/p><\/li><\/ul><\/noscript><\/div>\n<\/div><div class=\"fusion-sep-clear\"><\/div><div class=\"fusion-separator fusion-full-width-sep\" style=\"margin-left: auto;margin-right: auto;margin-top:30px;width:100%;\"><\/div><div class=\"fusion-sep-clear\"><\/div><div class=\"fusion-text fusion-text-5\"><h2 style=\"text-align: justify;\">Dani Dioklecijana &#8211; Split<\/h2>\n<p style=\"text-align: justify;\"><a href=\"http:\/\/apartments-zizic.com\/wp-content\/uploads\/dani-dioklecijana-split.jpg\"><img decoding=\"async\" class=\" wp-image-3420 alignleft\" src=\"http:\/\/apartments-zizic.com\/wp-content\/uploads\/dani-dioklecijana-split.jpg\" alt=\"dani-dioklecijana-split\" height=\"250\" width=\"403\" srcset=\"https:\/\/apartments-zizic.com\/wp-content\/uploads\/dani-dioklecijana-split-200x124.jpg 200w, https:\/\/apartments-zizic.com\/wp-content\/uploads\/dani-dioklecijana-split-300x186.jpg 300w, https:\/\/apartments-zizic.com\/wp-content\/uploads\/dani-dioklecijana-split-400x248.jpg 400w, https:\/\/apartments-zizic.com\/wp-content\/uploads\/dani-dioklecijana-split.jpg 468w\" sizes=\"(max-width: 403px) 100vw, 403px\" \/><\/a>Iako je Dioklecijanova pala\u010da znak veli\u010danstvene splitske povijesti, Spli\u0107ani ovom rasko\u0161nom manifestacijom svojim gostima \u017eele jo\u0161 znakovitije ukazati na 1700 godina svoga Grada vra\u0107anjem u svoju anti\u010dku pro\u0161lost.<\/p>\n<p style=\"text-align: justify;\">Ulicama nekada\u0161nje pala\u010de \u0161e\u0107u prolaznici u togama i tunikama, rivom prolazi povorka starinskih ko\u010dija, koja cara Dioklecijana i njegovu svitu prevozi do Peristila gdje se Car ba\u0161 kao nekad obra\u0107a gra\u0111anima. Uskim prolazima \u0161ire se zamamni mirisi mediteranske kuhinje kao da nikada niste zakora\u010dili u 21. stolje\u0107e, a u isto vrijeme \u017eivopisni \u0161tandovi (Obala hrv. narodnog preporoda) obiluje delicijima, rukotvorinama, pro\u0161losti, sada\u0161njosti&#8230;<\/p>\n<p style=\"text-align: justify;\">Dani Dioklecijana organiziraju se svako ljeto, krajem 8. mjeseca.<\/p>\n<\/div><div class=\"fusion-sep-clear\"><\/div><div class=\"fusion-separator fusion-full-width-sep\" style=\"margin-left: auto;margin-right: auto;margin-top:30px;width:100%;\"><\/div><div class=\"fusion-sep-clear\"><\/div><div class=\"fusion-text fusion-text-6\"><h2>Sinjska Alka<\/h2>\n<p style=\"text-align: justify;\"><a href=\"http:\/\/apartments-zizic.com\/wp-content\/uploads\/Sinjska-alka.jpg\"><img decoding=\"async\" class=\" wp-image-3422 alignleft\" src=\"http:\/\/apartments-zizic.com\/wp-content\/uploads\/Sinjska-alka.jpg\" alt=\"alka\" height=\"276\" width=\"412\" srcset=\"https:\/\/apartments-zizic.com\/wp-content\/uploads\/Sinjska-alka-200x134.jpg 200w, https:\/\/apartments-zizic.com\/wp-content\/uploads\/Sinjska-alka-300x201.jpg 300w, https:\/\/apartments-zizic.com\/wp-content\/uploads\/Sinjska-alka-400x268.jpg 400w, https:\/\/apartments-zizic.com\/wp-content\/uploads\/Sinjska-alka-600x402.jpg 600w, https:\/\/apartments-zizic.com\/wp-content\/uploads\/Sinjska-alka-768x514.jpg 768w, https:\/\/apartments-zizic.com\/wp-content\/uploads\/Sinjska-alka-800x536.jpg 800w, https:\/\/apartments-zizic.com\/wp-content\/uploads\/Sinjska-alka.jpg 960w\" sizes=\"(max-width: 412px) 100vw, 412px\" \/><\/a>Kao tradicionalno vite\u0161ko natjecanje sinjskih alkara Sinjska je alka \u017eivi spomenik kojim Sinjani jo\u0161 od 1715. godine odr\u017eavaju uspomenu na pobjedu naroda Cetinske krajine nad turskom vojskom.<\/p>\n<p style=\"text-align: justify;\">Naime, Sinjani su u \u010dast tom juna\u010dkom doga\u0111aju iz svoje povijesti osmislili igru u kojoj su se svake godine na godi\u0161njicu pobjede natjecali vitezovi koji su se i sami borili u bici. Kasnije su u Alki sudjelovali njihovi potomci i nasljednici po juna\u0161tvu, a sve\u010danost se odr\u017eala sve do danas. Na autenti\u010dnim lokacijama &#8211; drevna sinjska tvr\u0111ava Grad, pomo\u0107na tvr\u0111ava Kami\u010dak, Alkarski dvori i Alkarsko trkali\u0161te &#8211; brojni alkari i alkarski momci ponosno odr\u017eavaju trostoljetnu tradiciju koja simbolizira juna\u0161tvo i \u017eelju za slobodom.<\/p>\n<p style=\"text-align: justify;\">Kulminacija ove trodnevne manifestacije jest poznata borba vitezova za alku. Naravno, vitezovi se ne obra\u010dunavaju jedni s drugima, ve\u0107 ja\u0161u\u0107i galopiraju\u0107eg konja kopljem poku\u0161avaju pogoditi sredi\u0161te alke. Onaj tko sakupi najvi\u0161e bodova, pobjednik je i njemu pripada sva \u010dast juna\u010dkih predaka.<\/p>\n<p style=\"text-align: justify;\">Kao podsjetnik na jedan od najslavnijih trenutaka u hrvatskoj povijesti, Sinjska alka zauzima i posebno mjesto u na\u0161oj kulturnoj ponudi.<\/p>\n<p>Izvor: <a title=\"Hrvatska turisti\u010dka zajednica\" href=\"http:\/\/croatia.hr\/hr-HR\/Aktivnosti-i-atrakcije\/Dogadanja\" target=\"_blank\" rel=\"noopener noreferrer\">Hrvatska turisti\u010dka zajednica<\/a><\/p>\n<\/div><div class=\"fusion-clearfix\"><\/div><\/div><\/div><\/div><\/div><\/p>\n","protected":false},"excerpt":{"rendered":"","protected":false},"author":1,"featured_media":0,"parent":0,"menu_order":0,"comment_status":"closed","ping_status":"open","template":"100-width.php","meta":{"ngg_post_thumbnail":0,"footnotes":""},"class_list":["post-876","page","type-page","status-publish","hentry"],"yoast_head":"<!-- This site is optimized with the Yoast SEO plugin v27.0 - https:\/\/yoast.com\/product\/yoast-seo-wordpress\/ -->\n<title>Kulturni doga\u0111aji | Apartments Zizic - Accommodation - Slatine - \u010ciovo island<\/title>\n<meta name=\"robots\" content=\"index, follow, max-snippet:-1, max-image-preview:large, max-video-preview:-1\" \/>\n<link rel=\"canonical\" href=\"https:\/\/apartments-zizic.com\/hr\/kulturni-dogadjaji\/\" \/>\n<meta property=\"og:locale\" content=\"hr_HR\" \/>\n<meta property=\"og:type\" content=\"article\" \/>\n<meta property=\"og:title\" content=\"Kulturni doga\u0111aji | Apartments Zizic - Accommodation - Slatine - \u010ciovo island\" \/>\n<meta property=\"og:url\" content=\"https:\/\/apartments-zizic.com\/hr\/kulturni-dogadjaji\/\" \/>\n<meta property=\"og:site_name\" content=\"Apartments Zizic - Accommodation - Slatine - \u010ciovo island\" \/>\n<meta property=\"article:publisher\" content=\"https:\/\/www.facebook.com\/apartments.zizic.croatia\/\" \/>\n<meta property=\"article:modified_time\" content=\"2020-01-08T03:15:26+00:00\" \/>\n<meta property=\"og:image\" content=\"http:\/\/apartments-zizic.com\/wp-content\/uploads\/trogir-summer.jpg\" \/>\n<meta name=\"twitter:label1\" content=\"Procijenjeno vrijeme \u010ditanja\" \/>\n\t<meta name=\"twitter:data1\" content=\"5 minuta\" \/>\n<script type=\"application\/ld+json\" class=\"yoast-schema-graph\">{\"@context\":\"https:\/\/schema.org\",\"@graph\":[{\"@type\":\"WebPage\",\"@id\":\"https:\/\/apartments-zizic.com\/hr\/kulturni-dogadjaji\/\",\"url\":\"https:\/\/apartments-zizic.com\/hr\/kulturni-dogadjaji\/\",\"name\":\"Kulturni doga\u0111aji | Apartments Zizic - Accommodation - Slatine - \u010ciovo island\",\"isPartOf\":{\"@id\":\"https:\/\/apartments-zizic.com\/hr\/#website\"},\"primaryImageOfPage\":{\"@id\":\"https:\/\/apartments-zizic.com\/hr\/kulturni-dogadjaji\/#primaryimage\"},\"image\":{\"@id\":\"https:\/\/apartments-zizic.com\/hr\/kulturni-dogadjaji\/#primaryimage\"},\"thumbnailUrl\":\"http:\/\/apartments-zizic.com\/wp-content\/uploads\/trogir-summer.jpg\",\"datePublished\":\"2012-11-12T04:49:13+00:00\",\"dateModified\":\"2020-01-08T03:15:26+00:00\",\"breadcrumb\":{\"@id\":\"https:\/\/apartments-zizic.com\/hr\/kulturni-dogadjaji\/#breadcrumb\"},\"inLanguage\":\"hr\",\"potentialAction\":[{\"@type\":\"ReadAction\",\"target\":[\"https:\/\/apartments-zizic.com\/hr\/kulturni-dogadjaji\/\"]}]},{\"@type\":\"ImageObject\",\"inLanguage\":\"hr\",\"@id\":\"https:\/\/apartments-zizic.com\/hr\/kulturni-dogadjaji\/#primaryimage\",\"url\":\"http:\/\/apartments-zizic.com\/wp-content\/uploads\/trogir-summer.jpg\",\"contentUrl\":\"http:\/\/apartments-zizic.com\/wp-content\/uploads\/trogir-summer.jpg\"},{\"@type\":\"BreadcrumbList\",\"@id\":\"https:\/\/apartments-zizic.com\/hr\/kulturni-dogadjaji\/#breadcrumb\",\"itemListElement\":[{\"@type\":\"ListItem\",\"position\":1,\"name\":\"Home\",\"item\":\"https:\/\/apartments-zizic.com\/hr\/pocetna\/\"},{\"@type\":\"ListItem\",\"position\":2,\"name\":\"Kulturni doga\u0111aji\"}]},{\"@type\":\"WebSite\",\"@id\":\"https:\/\/apartments-zizic.com\/hr\/#website\",\"url\":\"https:\/\/apartments-zizic.com\/hr\/\",\"name\":\"Apartments Zizic - Accommodation - Slatine - \u010ciovo island\",\"description\":\"Vacation rental, apartments, accommodation\",\"publisher\":{\"@id\":\"https:\/\/apartments-zizic.com\/hr\/#organization\"},\"potentialAction\":[{\"@type\":\"SearchAction\",\"target\":{\"@type\":\"EntryPoint\",\"urlTemplate\":\"https:\/\/apartments-zizic.com\/hr\/?s={search_term_string}\"},\"query-input\":{\"@type\":\"PropertyValueSpecification\",\"valueRequired\":true,\"valueName\":\"search_term_string\"}}],\"inLanguage\":\"hr\"},{\"@type\":\"Organization\",\"@id\":\"https:\/\/apartments-zizic.com\/hr\/#organization\",\"name\":\"Apartments Zizic\",\"url\":\"https:\/\/apartments-zizic.com\/hr\/\",\"logo\":{\"@type\":\"ImageObject\",\"inLanguage\":\"hr\",\"@id\":\"https:\/\/apartments-zizic.com\/hr\/#\/schema\/logo\/image\/\",\"url\":\"\",\"contentUrl\":\"\",\"caption\":\"Apartments Zizic\"},\"image\":{\"@id\":\"https:\/\/apartments-zizic.com\/hr\/#\/schema\/logo\/image\/\"},\"sameAs\":[\"https:\/\/www.facebook.com\/apartments.zizic.croatia\/\"]}]}<\/script>\n<!-- \/ Yoast SEO plugin. -->","yoast_head_json":{"title":"Kulturni doga\u0111aji | Apartments Zizic - Accommodation - Slatine - \u010ciovo island","robots":{"index":"index","follow":"follow","max-snippet":"max-snippet:-1","max-image-preview":"max-image-preview:large","max-video-preview":"max-video-preview:-1"},"canonical":"https:\/\/apartments-zizic.com\/hr\/kulturni-dogadjaji\/","og_locale":"hr_HR","og_type":"article","og_title":"Kulturni doga\u0111aji | Apartments Zizic - Accommodation - Slatine - \u010ciovo island","og_url":"https:\/\/apartments-zizic.com\/hr\/kulturni-dogadjaji\/","og_site_name":"Apartments Zizic - Accommodation - Slatine - \u010ciovo island","article_publisher":"https:\/\/www.facebook.com\/apartments.zizic.croatia\/","article_modified_time":"2020-01-08T03:15:26+00:00","og_image":[{"url":"http:\/\/apartments-zizic.com\/wp-content\/uploads\/trogir-summer.jpg","type":"","width":"","height":""}],"twitter_misc":{"Procijenjeno vrijeme \u010ditanja":"5 minuta"},"schema":{"@context":"https:\/\/schema.org","@graph":[{"@type":"WebPage","@id":"https:\/\/apartments-zizic.com\/hr\/kulturni-dogadjaji\/","url":"https:\/\/apartments-zizic.com\/hr\/kulturni-dogadjaji\/","name":"Kulturni doga\u0111aji | Apartments Zizic - Accommodation - Slatine - \u010ciovo island","isPartOf":{"@id":"https:\/\/apartments-zizic.com\/hr\/#website"},"primaryImageOfPage":{"@id":"https:\/\/apartments-zizic.com\/hr\/kulturni-dogadjaji\/#primaryimage"},"image":{"@id":"https:\/\/apartments-zizic.com\/hr\/kulturni-dogadjaji\/#primaryimage"},"thumbnailUrl":"http:\/\/apartments-zizic.com\/wp-content\/uploads\/trogir-summer.jpg","datePublished":"2012-11-12T04:49:13+00:00","dateModified":"2020-01-08T03:15:26+00:00","breadcrumb":{"@id":"https:\/\/apartments-zizic.com\/hr\/kulturni-dogadjaji\/#breadcrumb"},"inLanguage":"hr","potentialAction":[{"@type":"ReadAction","target":["https:\/\/apartments-zizic.com\/hr\/kulturni-dogadjaji\/"]}]},{"@type":"ImageObject","inLanguage":"hr","@id":"https:\/\/apartments-zizic.com\/hr\/kulturni-dogadjaji\/#primaryimage","url":"http:\/\/apartments-zizic.com\/wp-content\/uploads\/trogir-summer.jpg","contentUrl":"http:\/\/apartments-zizic.com\/wp-content\/uploads\/trogir-summer.jpg"},{"@type":"BreadcrumbList","@id":"https:\/\/apartments-zizic.com\/hr\/kulturni-dogadjaji\/#breadcrumb","itemListElement":[{"@type":"ListItem","position":1,"name":"Home","item":"https:\/\/apartments-zizic.com\/hr\/pocetna\/"},{"@type":"ListItem","position":2,"name":"Kulturni doga\u0111aji"}]},{"@type":"WebSite","@id":"https:\/\/apartments-zizic.com\/hr\/#website","url":"https:\/\/apartments-zizic.com\/hr\/","name":"Apartments Zizic - Accommodation - Slatine - \u010ciovo island","description":"Vacation rental, apartments, accommodation","publisher":{"@id":"https:\/\/apartments-zizic.com\/hr\/#organization"},"potentialAction":[{"@type":"SearchAction","target":{"@type":"EntryPoint","urlTemplate":"https:\/\/apartments-zizic.com\/hr\/?s={search_term_string}"},"query-input":{"@type":"PropertyValueSpecification","valueRequired":true,"valueName":"search_term_string"}}],"inLanguage":"hr"},{"@type":"Organization","@id":"https:\/\/apartments-zizic.com\/hr\/#organization","name":"Apartments Zizic","url":"https:\/\/apartments-zizic.com\/hr\/","logo":{"@type":"ImageObject","inLanguage":"hr","@id":"https:\/\/apartments-zizic.com\/hr\/#\/schema\/logo\/image\/","url":"","contentUrl":"","caption":"Apartments Zizic"},"image":{"@id":"https:\/\/apartments-zizic.com\/hr\/#\/schema\/logo\/image\/"},"sameAs":["https:\/\/www.facebook.com\/apartments.zizic.croatia\/"]}]}},"_links":{"self":[{"href":"https:\/\/apartments-zizic.com\/hr\/wp-json\/wp\/v2\/pages\/876","targetHints":{"allow":["GET"]}}],"collection":[{"href":"https:\/\/apartments-zizic.com\/hr\/wp-json\/wp\/v2\/pages"}],"about":[{"href":"https:\/\/apartments-zizic.com\/hr\/wp-json\/wp\/v2\/types\/page"}],"author":[{"embeddable":true,"href":"https:\/\/apartments-zizic.com\/hr\/wp-json\/wp\/v2\/users\/1"}],"replies":[{"embeddable":true,"href":"https:\/\/apartments-zizic.com\/hr\/wp-json\/wp\/v2\/comments?post=876"}],"version-history":[{"count":1,"href":"https:\/\/apartments-zizic.com\/hr\/wp-json\/wp\/v2\/pages\/876\/revisions"}],"predecessor-version":[{"id":4124,"href":"https:\/\/apartments-zizic.com\/hr\/wp-json\/wp\/v2\/pages\/876\/revisions\/4124"}],"wp:attachment":[{"href":"https:\/\/apartments-zizic.com\/hr\/wp-json\/wp\/v2\/media?parent=876"}],"curies":[{"name":"wp","href":"https:\/\/api.w.org\/{rel}","templated":true}]}}