{"id":82,"date":"2012-07-24T16:57:00","date_gmt":"2012-07-24T16:57:00","guid":{"rendered":"http:\/\/apartments-zizic.com\/driving-in-croatia\/"},"modified":"2020-01-18T17:13:37","modified_gmt":"2020-01-18T17:13:37","slug":"voznja-u-hrvatskoj","status":"publish","type":"page","link":"https:\/\/apartments-zizic.com\/hr\/voznja-u-hrvatskoj\/","title":{"rendered":"Vo\u017enja u Hrvatskoj"},"content":{"rendered":"<p><div class=\"fusion-fullwidth fullwidth-box fusion-builder-row-1 nonhundred-percent-fullwidth non-hundred-percent-height-scrolling\" style=\"--awb-border-radius-top-left:0px;--awb-border-radius-top-right:0px;--awb-border-radius-bottom-right:0px;--awb-border-radius-bottom-left:0px;--awb-flex-wrap:wrap;\" ><div class=\"fusion-builder-row fusion-row\"><div class=\"fusion-layout-column fusion_builder_column fusion-builder-column-0 fusion_builder_column_1_1 1_1 fusion-one-full fusion-column-first fusion-column-last\" style=\"--awb-bg-size:cover;--awb-margin-bottom:0px;\"><div class=\"fusion-column-wrapper fusion-flex-column-wrapper-legacy\"><div class=\"fusion-text fusion-text-1\"><h1 style=\"text-align: justify;\">Vo\u017enja u Hrvatskoj<\/h1>\n<p style=\"text-align: justify;\">Da biste doputovali u Hrvatsku automobilom, potrebne su prometna dozvola, dokumenti o osiguranju automobila i zelena karica. Za korisnike usluga rent-a-car, potrebna je me\u0111unarodna voza\u010dka dozvola. Voza\u010di motocikala koji ulaze u teritorij Republike Hrvatske moraju imati \u201cInternational Motor Third part Liability Insurance document.\u201c<\/p>\n<h2 style=\"text-align: justify;\">Prometna pravila<\/h2>\n<h4>Ograni\u010denja brzine<\/h4>\n<ul>\n<li>50 km\/h \u2013 u naseljenom mjestu<\/li>\n<li>90 km\/h \u2013 izvan naseljenog mjesta<\/li>\n<li>110 km\/h \u2013 na cesti namijenjenoj isklju\u010divo motornim vozilima<\/li>\n<li>130 km\/h \u2013 na autocesti<\/li>\n<\/ul>\n<p><strong>Svjetla<\/strong> &#8211; Obvezno je paljenje kratkih svjetala tijekom zimskog ra\u010dunanja vremena. Za ljetnog vremena svjetla su obavezna samo u iznimnim situacijama.<br \/>\n<strong>Mobiteli<\/strong> &#8211; Tijekom vo\u017enje je zabranjena uporaba mobitela.<br \/>\n<strong>Sigurnosni pojasevi<\/strong> &#8211; Obavezna je uporaba sigurnosnog pojasa za sve putnike u automobilu.<\/p>\n<p style=\"text-align: justify;\"><strong>Benzinske postaje<\/strong><br \/>\nU ve\u0107im gradovima i na autocestama benzinske su crpke otvorene od 0 do 24, uklju\u010duju\u0107i praznike i blagdane. Ukoliko dolazite u manji grad ili mjesto, benzinske postaje naj\u010de\u0161\u0107e rade od 07.00 do 22.00 h.<\/p>\n<\/div><div class=\"fusion-text fusion-text-2\"><h2>Autoceste<\/h2>\n<p>Hrvatska ima dobro razvijenu mre\u017eu autocesta. Sustav naplate na autocestama organiziran je na dva na\u010dina: <strong>otvoreni i zatvoreni sustav<\/strong> naplate. Kod <strong>otvorenog sustava<\/strong> naplatna postaja je ujedno izlazna i ulazna, pa se cestarina napla\u0107uje odmah. Koristi se na nekim kra\u0107im dionicama autocesta i na mostovima, tunelima i sl.<\/p>\n<p>Kod <strong>zatvorenog sustava<\/strong>, na ulazu se uzima kartica koja se na izlazu predaje blagajniku koji na temelju du\u017eine vo\u017enje i kategorije vozila napla\u0107uje cestarinu. Zatvoreni sustav se koristi na autocestama s vi\u0161e ulaza i izlaza.<\/p>\n<p>Postoji i <strong>automatizirana elektroni\u010dka naplata cestarine <\/strong>(<strong>ENC<\/strong>). To je beskontaktni sustav koji funkcionira uz pomo\u0107 ENC ure\u0111aja u vozilu. Vozilo opremljeno tim ure\u0111ajem se ne zaustavlja na naplatnim postajama ve\u0107 se automatski registrira i propu\u0161ta na ulazu i izlazu s autoceste, a potro\u0161eni iznos se oduzima s ENC ra\u010duna. Za takav sustav naplate postoje zasebni trakovi na naplatnim postajama.<\/p>\n<p>Osim gotovinskog, karti\u010dnog, te pla\u0107anja putem ENC-a, pla\u0107anje cestarine mogu\u0107e je i prepaid karticama (smart card), te SMS porukama ili putem mre\u017enog portala. Cijenik cestarine mo\u017eete prona\u0107i na <a href=\"http:\/\/hac.hr\/hr\/cestarina\/cjenik?language=hr\" target=\"_blank\" rel=\"noopener noreferrer\">stranicama Hrvatskih autocesta<\/a>.<\/p>\n<\/div><div class=\"fusion-clearfix\"><\/div><\/div><\/div><\/div><\/div><div class=\"fusion-fullwidth fullwidth-box fusion-builder-row-2 nonhundred-percent-fullwidth non-hundred-percent-height-scrolling\" style=\"--awb-border-radius-top-left:0px;--awb-border-radius-top-right:0px;--awb-border-radius-bottom-right:0px;--awb-border-radius-bottom-left:0px;--awb-flex-wrap:wrap;\" ><div class=\"fusion-builder-row fusion-row\"><div class=\"fusion-layout-column fusion_builder_column fusion-builder-column-1 fusion_builder_column_1_1 1_1 fusion-one-full fusion-column-first fusion-column-last\" style=\"--awb-bg-size:cover;\"><div class=\"fusion-column-wrapper fusion-column-has-shadow fusion-flex-column-wrapper-legacy\"><div class=\"fusion-text fusion-text-3\"><h4>Hrvatski autoklub (HAK)<\/h4>\n<p><strong>Pozivom na broj 062 777 777 mo\u017eete dobiti sljede\u0107e informacije:<\/strong><\/p>\n<ul>\n<li>stanje na cestama i trajektnom prometu na Jadranu<\/li>\n<li>visinu naknada za upotrebu autocesta u Hrvatskoj i inozemstvu<\/li>\n<li>zabrane kretanja za pojedine kategorije vozila u Hrvatskoj i nekim europskim dr\u017eavama<\/li>\n<li>cijene goriva u Hrvatskoj i inozemstvu<\/li>\n<li>informacije o \u010dlanskim pravima \u010dlanova HAK-a<\/li>\n<li>brojeve telefona inozemnih autoklubova<\/li>\n<li>savjete glede izbora najpovoljnijeg putnog pravca<\/li>\n<li>plovni red trajekata na Jadran<\/li>\n<\/ul>\n<p><strong>Informativni centar radi 24 sata dnevno i 365 dana u godini.<\/strong><\/p>\n<p><strong>Korisni telefonski brojevi:<\/strong><\/p>\n<ul>\n<li>pomo\u0107 na cesti 1987<\/li>\n<li>stanje na cestama 062 777 777<\/li>\n<li>info za HAK \u010dlanove 0800 9987<\/li>\n<\/ul>\n<h4>HAK aplikacije za pametne telefone:<\/h4>\n<p>Sve informacije potrebne voza\u010dima na jednom mjestu uvijek su pri ruci uz mobilnu aplikaciju Hrvatskog autokluba. Hrvatski autoklub nacionalna je udruga voza\u010da i vlasnika vozila, a sada niz korisnih informacija kojima raspola\u017ee nudi i kroz mobilnu aplikaciju.<\/p>\n<p><strong>Aplikacija nudi pregled najpotrebnijih putnih informacija poput:<\/strong><\/p>\n<ul>\n<li>trenutno stanje na cestama, grani\u010dnim prijelazima i trajektnom prometu<\/li>\n<li>informacije o ograni\u010denjima i zabranama prometovanja na cestama<\/li>\n<li>prognozu prometa za sutra<\/li>\n<li>slike u\u017eivo s preko 150 kamera na najbitnijim cestovnim pravcima u RH<\/li>\n<li>pozicije policijskih radara<\/li>\n<li>aktualne cijene goriva<\/li>\n<\/ul>\n<div class=\"dt-onethird\"><strong>Android telefoni<\/strong>:<br \/>\n<a title=\"Nabavite na Google Playu\" href=\"https:\/\/play.google.com\/store\/apps\/details?id=com.infinum.hak\" target=\"_blank\" rel=\"noopener noreferrer\"><img decoding=\"async\" class=\"ngg-singlepic ngg-center\" src=\"http:\/\/apartments-zizic.com\/wp-content\/galleries\/icons\/android.png\" alt=\"android\" width=\"144\" height=\"144\"><\/a><\/div>\n<div class=\"dt-onethird\"><strong>Iphone<\/strong>:<br \/>\n<a title=\"Nabavite na Iphone app storeu\" href=\"https:\/\/itunes.apple.com\/hr\/app\/hak\/id445593439?mt=8\" target=\"_blank\" rel=\"noopener noreferrer\"><img decoding=\"async\" class=\"ngg-singlepic ngg-none\" src=\"http:\/\/apartments-zizic.com\/wp-content\/galleries\/icons\/iphone.png\" alt=\"iphone\" width=\"144\" height=\"144\"><\/a><\/div>\n<div class=\"dt-onethird dt-onethirdlast\">&nbsp;<\/div>\n<p>Ovdje mo\u017eete pro\u010ditati vi\u0161e o <a title=\"HAK smartphone aplikacija\" href=\"http:\/\/www.hak.hr\/smartphone\/hak\" target=\"_blank\" rel=\"noopener noreferrer\">HAK-ovoj aplikaciji za pametne telefone.<\/a><\/p>\n<p>Sve ostale informacije mo\u017eete prona\u0107i na <a title=\"Hrvatski autoklub\" href=\"http:\/\/www.hak.hr\/\" target=\"_blank\" rel=\"noopener noreferrer\">stranicama Hrvatskog autokluba<\/a>.<\/p>\n<\/div><div class=\"fusion-clearfix\"><\/div><\/div><\/div><\/div><\/div><\/p>\n","protected":false},"excerpt":{"rendered":"","protected":false},"author":1,"featured_media":0,"parent":0,"menu_order":0,"comment_status":"closed","ping_status":"open","template":"","meta":{"ngg_post_thumbnail":0,"footnotes":""},"class_list":["post-82","page","type-page","status-publish","hentry"],"yoast_head":"<!-- This site is optimized with the Yoast SEO plugin v27.0 - https:\/\/yoast.com\/product\/yoast-seo-wordpress\/ -->\n<title>Vo\u017enja u Hrvatskoj | Apartments Zizic - Accommodation - Slatine - \u010ciovo island<\/title>\n<meta name=\"robots\" content=\"index, follow, max-snippet:-1, max-image-preview:large, max-video-preview:-1\" \/>\n<link rel=\"canonical\" href=\"https:\/\/apartments-zizic.com\/hr\/voznja-u-hrvatskoj\/\" \/>\n<meta property=\"og:locale\" content=\"hr_HR\" \/>\n<meta property=\"og:type\" content=\"article\" \/>\n<meta property=\"og:title\" content=\"Vo\u017enja u Hrvatskoj | Apartments Zizic - Accommodation - Slatine - \u010ciovo island\" \/>\n<meta property=\"og:url\" content=\"https:\/\/apartments-zizic.com\/hr\/voznja-u-hrvatskoj\/\" \/>\n<meta property=\"og:site_name\" content=\"Apartments Zizic - Accommodation - Slatine - \u010ciovo island\" \/>\n<meta property=\"article:publisher\" content=\"https:\/\/www.facebook.com\/apartments.zizic.croatia\/\" \/>\n<meta property=\"article:modified_time\" content=\"2020-01-18T17:13:37+00:00\" \/>\n<meta property=\"og:image\" content=\"http:\/\/apartments-zizic.com\/wp-content\/galleries\/icons\/android.png\" \/>\n<meta name=\"twitter:label1\" content=\"Procijenjeno vrijeme \u010ditanja\" \/>\n\t<meta name=\"twitter:data1\" content=\"6 minuta\" \/>\n<script type=\"application\/ld+json\" class=\"yoast-schema-graph\">{\"@context\":\"https:\/\/schema.org\",\"@graph\":[{\"@type\":\"WebPage\",\"@id\":\"https:\/\/apartments-zizic.com\/hr\/voznja-u-hrvatskoj\/\",\"url\":\"https:\/\/apartments-zizic.com\/hr\/voznja-u-hrvatskoj\/\",\"name\":\"Vo\u017enja u Hrvatskoj | Apartments Zizic - Accommodation - Slatine - \u010ciovo island\",\"isPartOf\":{\"@id\":\"https:\/\/apartments-zizic.com\/hr\/#website\"},\"primaryImageOfPage\":{\"@id\":\"https:\/\/apartments-zizic.com\/hr\/voznja-u-hrvatskoj\/#primaryimage\"},\"image\":{\"@id\":\"https:\/\/apartments-zizic.com\/hr\/voznja-u-hrvatskoj\/#primaryimage\"},\"thumbnailUrl\":\"http:\/\/apartments-zizic.com\/wp-content\/galleries\/icons\/android.png\",\"datePublished\":\"2012-07-24T16:57:00+00:00\",\"dateModified\":\"2020-01-18T17:13:37+00:00\",\"breadcrumb\":{\"@id\":\"https:\/\/apartments-zizic.com\/hr\/voznja-u-hrvatskoj\/#breadcrumb\"},\"inLanguage\":\"hr\",\"potentialAction\":[{\"@type\":\"ReadAction\",\"target\":[\"https:\/\/apartments-zizic.com\/hr\/voznja-u-hrvatskoj\/\"]}]},{\"@type\":\"ImageObject\",\"inLanguage\":\"hr\",\"@id\":\"https:\/\/apartments-zizic.com\/hr\/voznja-u-hrvatskoj\/#primaryimage\",\"url\":\"http:\/\/apartments-zizic.com\/wp-content\/galleries\/icons\/android.png\",\"contentUrl\":\"http:\/\/apartments-zizic.com\/wp-content\/galleries\/icons\/android.png\"},{\"@type\":\"BreadcrumbList\",\"@id\":\"https:\/\/apartments-zizic.com\/hr\/voznja-u-hrvatskoj\/#breadcrumb\",\"itemListElement\":[{\"@type\":\"ListItem\",\"position\":1,\"name\":\"Home\",\"item\":\"https:\/\/apartments-zizic.com\/hr\/pocetna\/\"},{\"@type\":\"ListItem\",\"position\":2,\"name\":\"Vo\u017enja u Hrvatskoj\"}]},{\"@type\":\"WebSite\",\"@id\":\"https:\/\/apartments-zizic.com\/hr\/#website\",\"url\":\"https:\/\/apartments-zizic.com\/hr\/\",\"name\":\"Apartments Zizic - Accommodation - Slatine - \u010ciovo island\",\"description\":\"Vacation rental, apartments, accommodation\",\"publisher\":{\"@id\":\"https:\/\/apartments-zizic.com\/hr\/#organization\"},\"potentialAction\":[{\"@type\":\"SearchAction\",\"target\":{\"@type\":\"EntryPoint\",\"urlTemplate\":\"https:\/\/apartments-zizic.com\/hr\/?s={search_term_string}\"},\"query-input\":{\"@type\":\"PropertyValueSpecification\",\"valueRequired\":true,\"valueName\":\"search_term_string\"}}],\"inLanguage\":\"hr\"},{\"@type\":\"Organization\",\"@id\":\"https:\/\/apartments-zizic.com\/hr\/#organization\",\"name\":\"Apartments Zizic\",\"url\":\"https:\/\/apartments-zizic.com\/hr\/\",\"logo\":{\"@type\":\"ImageObject\",\"inLanguage\":\"hr\",\"@id\":\"https:\/\/apartments-zizic.com\/hr\/#\/schema\/logo\/image\/\",\"url\":\"\",\"contentUrl\":\"\",\"caption\":\"Apartments Zizic\"},\"image\":{\"@id\":\"https:\/\/apartments-zizic.com\/hr\/#\/schema\/logo\/image\/\"},\"sameAs\":[\"https:\/\/www.facebook.com\/apartments.zizic.croatia\/\"]}]}<\/script>\n<!-- \/ Yoast SEO plugin. -->","yoast_head_json":{"title":"Vo\u017enja u Hrvatskoj | Apartments Zizic - Accommodation - Slatine - \u010ciovo island","robots":{"index":"index","follow":"follow","max-snippet":"max-snippet:-1","max-image-preview":"max-image-preview:large","max-video-preview":"max-video-preview:-1"},"canonical":"https:\/\/apartments-zizic.com\/hr\/voznja-u-hrvatskoj\/","og_locale":"hr_HR","og_type":"article","og_title":"Vo\u017enja u Hrvatskoj | Apartments Zizic - Accommodation - Slatine - \u010ciovo island","og_url":"https:\/\/apartments-zizic.com\/hr\/voznja-u-hrvatskoj\/","og_site_name":"Apartments Zizic - Accommodation - Slatine - \u010ciovo island","article_publisher":"https:\/\/www.facebook.com\/apartments.zizic.croatia\/","article_modified_time":"2020-01-18T17:13:37+00:00","og_image":[{"url":"http:\/\/apartments-zizic.com\/wp-content\/galleries\/icons\/android.png","type":"","width":"","height":""}],"twitter_misc":{"Procijenjeno vrijeme \u010ditanja":"6 minuta"},"schema":{"@context":"https:\/\/schema.org","@graph":[{"@type":"WebPage","@id":"https:\/\/apartments-zizic.com\/hr\/voznja-u-hrvatskoj\/","url":"https:\/\/apartments-zizic.com\/hr\/voznja-u-hrvatskoj\/","name":"Vo\u017enja u Hrvatskoj | Apartments Zizic - Accommodation - Slatine - \u010ciovo island","isPartOf":{"@id":"https:\/\/apartments-zizic.com\/hr\/#website"},"primaryImageOfPage":{"@id":"https:\/\/apartments-zizic.com\/hr\/voznja-u-hrvatskoj\/#primaryimage"},"image":{"@id":"https:\/\/apartments-zizic.com\/hr\/voznja-u-hrvatskoj\/#primaryimage"},"thumbnailUrl":"http:\/\/apartments-zizic.com\/wp-content\/galleries\/icons\/android.png","datePublished":"2012-07-24T16:57:00+00:00","dateModified":"2020-01-18T17:13:37+00:00","breadcrumb":{"@id":"https:\/\/apartments-zizic.com\/hr\/voznja-u-hrvatskoj\/#breadcrumb"},"inLanguage":"hr","potentialAction":[{"@type":"ReadAction","target":["https:\/\/apartments-zizic.com\/hr\/voznja-u-hrvatskoj\/"]}]},{"@type":"ImageObject","inLanguage":"hr","@id":"https:\/\/apartments-zizic.com\/hr\/voznja-u-hrvatskoj\/#primaryimage","url":"http:\/\/apartments-zizic.com\/wp-content\/galleries\/icons\/android.png","contentUrl":"http:\/\/apartments-zizic.com\/wp-content\/galleries\/icons\/android.png"},{"@type":"BreadcrumbList","@id":"https:\/\/apartments-zizic.com\/hr\/voznja-u-hrvatskoj\/#breadcrumb","itemListElement":[{"@type":"ListItem","position":1,"name":"Home","item":"https:\/\/apartments-zizic.com\/hr\/pocetna\/"},{"@type":"ListItem","position":2,"name":"Vo\u017enja u Hrvatskoj"}]},{"@type":"WebSite","@id":"https:\/\/apartments-zizic.com\/hr\/#website","url":"https:\/\/apartments-zizic.com\/hr\/","name":"Apartments Zizic - Accommodation - Slatine - \u010ciovo island","description":"Vacation rental, apartments, accommodation","publisher":{"@id":"https:\/\/apartments-zizic.com\/hr\/#organization"},"potentialAction":[{"@type":"SearchAction","target":{"@type":"EntryPoint","urlTemplate":"https:\/\/apartments-zizic.com\/hr\/?s={search_term_string}"},"query-input":{"@type":"PropertyValueSpecification","valueRequired":true,"valueName":"search_term_string"}}],"inLanguage":"hr"},{"@type":"Organization","@id":"https:\/\/apartments-zizic.com\/hr\/#organization","name":"Apartments Zizic","url":"https:\/\/apartments-zizic.com\/hr\/","logo":{"@type":"ImageObject","inLanguage":"hr","@id":"https:\/\/apartments-zizic.com\/hr\/#\/schema\/logo\/image\/","url":"","contentUrl":"","caption":"Apartments Zizic"},"image":{"@id":"https:\/\/apartments-zizic.com\/hr\/#\/schema\/logo\/image\/"},"sameAs":["https:\/\/www.facebook.com\/apartments.zizic.croatia\/"]}]}},"_links":{"self":[{"href":"https:\/\/apartments-zizic.com\/hr\/wp-json\/wp\/v2\/pages\/82","targetHints":{"allow":["GET"]}}],"collection":[{"href":"https:\/\/apartments-zizic.com\/hr\/wp-json\/wp\/v2\/pages"}],"about":[{"href":"https:\/\/apartments-zizic.com\/hr\/wp-json\/wp\/v2\/types\/page"}],"author":[{"embeddable":true,"href":"https:\/\/apartments-zizic.com\/hr\/wp-json\/wp\/v2\/users\/1"}],"replies":[{"embeddable":true,"href":"https:\/\/apartments-zizic.com\/hr\/wp-json\/wp\/v2\/comments?post=82"}],"version-history":[{"count":2,"href":"https:\/\/apartments-zizic.com\/hr\/wp-json\/wp\/v2\/pages\/82\/revisions"}],"predecessor-version":[{"id":4155,"href":"https:\/\/apartments-zizic.com\/hr\/wp-json\/wp\/v2\/pages\/82\/revisions\/4155"}],"wp:attachment":[{"href":"https:\/\/apartments-zizic.com\/hr\/wp-json\/wp\/v2\/media?parent=82"}],"curies":[{"name":"wp","href":"https:\/\/api.w.org\/{rel}","templated":true}]}}