{"id":708,"date":"2012-11-12T01:29:23","date_gmt":"2012-11-12T01:29:23","guid":{"rendered":"http:\/\/apartments-zizic.com\/our-location-2\/"},"modified":"2020-01-21T03:16:54","modified_gmt":"2020-01-21T03:16:54","slug":"lokacija","status":"publish","type":"page","link":"https:\/\/apartments-zizic.com\/hr\/lokacija\/","title":{"rendered":"Na\u0161a lokacija"},"content":{"rendered":"<p><div class=\"fusion-fullwidth fullwidth-box fusion-builder-row-1 nonhundred-percent-fullwidth non-hundred-percent-height-scrolling\" style=\"--awb-background-position:left top;--awb-border-radius-top-left:0px;--awb-border-radius-top-right:0px;--awb-border-radius-bottom-right:0px;--awb-border-radius-bottom-left:0px;--awb-padding-top:20px;--awb-padding-bottom:20px;--awb-border-sizes-top:0px;--awb-border-sizes-bottom:0px;--awb-flex-wrap:wrap;\" ><div class=\"fusion-builder-row fusion-row\"><div class=\"fusion-layout-column fusion_builder_column fusion-builder-column-0 fusion_builder_column_1_1 1_1 fusion-one-full fusion-column-first fusion-column-last fusion-column-no-min-height\" style=\"--awb-bg-size:cover;--awb-margin-bottom:0px;\"><div class=\"fusion-column-wrapper fusion-flex-column-wrapper-legacy\"><div class=\"fusion-title title fusion-title-1 fusion-sep-none fusion-title-center fusion-title-text fusion-title-size-one\"><h1 class=\"fusion-title-heading title-heading-center\" style=\"margin:0;\"><h1>Na\u0161a lokacija<\/h1><\/h1><\/div><div class=\"fusion-text fusion-text-1\"><p style=\"text-align: justify;\"><a title=\"Apartmani \u017di\u017ei\u0107\" href=\"https:\/\/apartments-zizic.com\/hr\/apartmani-zizic-slatine-ciovo\/\">Apartmani \u017di\u017ei\u0107<\/a> se nalaze na sjevernoj strani otoka \u010ciova, samo 50 m od pla\u017ee, 1 km udaljeni od centra starog sela Slatine, 7 km od Trogira, te 30 km od Splita, regionalnog centra Dalmacije.<\/p>\n<\/div><div class=\"fusion-image-element in-legacy-container\" style=\"--awb-caption-title-font-family:var(--h2_typography-font-family);--awb-caption-title-font-weight:var(--h2_typography-font-weight);--awb-caption-title-font-style:var(--h2_typography-font-style);--awb-caption-title-size:var(--h2_typography-font-size);--awb-caption-title-transform:var(--h2_typography-text-transform);--awb-caption-title-line-height:var(--h2_typography-line-height);--awb-caption-title-letter-spacing:var(--h2_typography-letter-spacing);\"><span class=\" fusion-imageframe imageframe-none imageframe-1 hover-type-none\"><a href=\"http:\/\/apartments-zizic.com\/wp-content\/uploads\/apartments-zizic-slatine-ciovo-location-1920.jpg\" class=\"fusion-lightbox\" data-rel=\"iLightbox[b3cbddd694afc9e5c3e]\" data-caption=\"Lokacija na\u0161e ku\u0107e\" data-title=\"apartments-zizic-slatine-ciovo-location-1920\" title=\"apartments-zizic-slatine-ciovo-location-1920\"><img decoding=\"async\" width=\"1920\" height=\"1080\" alt=\"Apartments Zizic location\" src=\"http:\/\/apartments-zizic.com\/wp-content\/uploads\/apartments-zizic-slatine-ciovo-location-1920.jpg\" class=\"img-responsive wp-image-4371\" srcset=\"https:\/\/apartments-zizic.com\/wp-content\/uploads\/apartments-zizic-slatine-ciovo-location-1920-200x113.jpg 200w, https:\/\/apartments-zizic.com\/wp-content\/uploads\/apartments-zizic-slatine-ciovo-location-1920-400x225.jpg 400w, https:\/\/apartments-zizic.com\/wp-content\/uploads\/apartments-zizic-slatine-ciovo-location-1920-600x338.jpg 600w, https:\/\/apartments-zizic.com\/wp-content\/uploads\/apartments-zizic-slatine-ciovo-location-1920-800x450.jpg 800w, https:\/\/apartments-zizic.com\/wp-content\/uploads\/apartments-zizic-slatine-ciovo-location-1920-1200x675.jpg 1200w, https:\/\/apartments-zizic.com\/wp-content\/uploads\/apartments-zizic-slatine-ciovo-location-1920.jpg 1920w\" sizes=\"(max-width: 800px) 100vw, 1920px\" \/><\/a><\/span><\/div><div class=\"fusion-sep-clear\"><\/div><div class=\"fusion-separator fusion-full-width-sep\" style=\"margin-left: auto;margin-right: auto;margin-top:40px;width:100%;\"><\/div><div class=\"fusion-sep-clear\"><\/div><div class=\"fusion-title title fusion-title-2 fusion-sep-none fusion-title-text fusion-title-size-two\"><h2 class=\"fusion-title-heading title-heading-left\" style=\"margin:0;\"><h2>O otoku \u010ciovu<\/h2><\/h2><\/div><div class=\"fusion-text fusion-text-2\"><p>\u010ciovo je otok u srednjoj Dalmaciji, s povr\u0161inom od 28,8 km\u00b2 i 6.071 stanovnikom (1991.). Pru\u017ea se u smjeru istok \u2013 zapad i zatvara Ka\u0161telanski zaljev. Otok je brdovit s najvi\u0161im vrhom Rudine (218 m).<\/p>\n<p>Na najsjevernijem dijelu nalazi se ju\u017eni dio grada Trogira s brodogradili\u0161tem, a ostala naselja su Arbanija i Slatine na sjeveroisto\u010dnoj obali, \u017dedno u unutra\u0161njosti, te Mavar\u0161tica i Okrug Gornji i Donji na zapadnoj i ju\u017enoj obali.<\/p>\n<p>Na \u010ciovu su prona\u0111eni tragovi \u017eivota iz antike, te postoji nekoliko vrijednih kulturnih spomenika (samostan Sv. Kri\u017ea na sjeveroisto\u010dnoj obali, samostan sv. Ante, crkva Gospe od Prizidnice na ju\u017enoj strani, 2 km od Slatina).<\/p>\n<p>Uz dio Trogira, na \u010diovu se nalazi jo\u0161 nekoliko naselja: <strong>Arbanija, \u017dedno, Okrug Gornji, Okrug Donji, Mavarstica, Slatine i Prizidnica<\/strong>.<\/p>\n<\/div><div class=\"fusion-text fusion-text-3\">\n<\/div><div class=\"fusion-text fusion-text-4\"><p style=\"text-align: justify;\">Otok je poznat po svojoj blagoj sredozemnoj klimi sa malo padalina, bogatoj vegetaciji, arhipelagu malih slikovitih oto\u010di\u0107a, zaljevima i pla\u017eama.<\/p>\n<p>Vegetaciju otoka \u010dine uglavnom makija (\u010desmina, mirta, pelin, smr\u010da i dr.) i \u0161ume Alepskog bora, a uzgajaju se uglavnom masline, smokve, vinova loza i agrumi.<\/p>\n<p style=\"text-align: justify;\">Administrativno je podijeljen izme\u0111u Splita, Trogira i Okruga.<\/p>\n<p style=\"text-align: justify;\">Na sljede\u0107oj stranici mo\u017eete pro\u010ditati vi\u0161e o tome <a href=\"https:\/\/apartments-zizic.com\/hr\/kako-doci-do-nas\/\">kako do\u0107i do nas<\/a>.<\/p>\n<\/div><div class=\"fusion-clearfix\"><\/div><\/div><\/div><\/div><\/div><div class=\"fusion-fullwidth fullwidth-box fusion-builder-row-2 nonhundred-percent-fullwidth non-hundred-percent-height-scrolling\" style=\"--awb-border-radius-top-left:0px;--awb-border-radius-top-right:0px;--awb-border-radius-bottom-right:0px;--awb-border-radius-bottom-left:0px;--awb-flex-wrap:wrap;\" ><div class=\"fusion-builder-row fusion-row\"><div class=\"fusion-layout-column fusion_builder_column fusion-builder-column-1 fusion_builder_column_1_1 1_1 fusion-one-full fusion-column-first fusion-column-last fusion-column-no-min-height\" style=\"--awb-bg-size:cover;--awb-margin-bottom:0px;\"><div class=\"fusion-column-wrapper fusion-flex-column-wrapper-legacy\"><div class=\"fusion-content-boxes content-boxes columns row fusion-columns-1 fusion-columns-total-1 fusion-content-boxes-1 content-boxes-icon-on-top content-left\" style=\"--awb-backgroundcolor:rgba(232,232,232,0);--awb-body-color:#7c7c7c;--awb-title-color:#7a7a7a;--awb-iconcolor:#6b6b6b;--awb-margin-top:5px;--awb-margin-bottom:5px;--awb-hover-accent-color:rgba(0,0,0,0.27);--awb-circle-hover-accent-color:rgba(0,0,0,0.27);--awb-item-margin-bottom:40px;\" data-animationOffset=\"top-into-view\"><div style=\"--awb-backgroundcolor:rgba(232,232,232,0);--awb-iconcolor:rgba(255,152,0,0.65);\" class=\"fusion-column content-box-column content-box-column content-box-column-1 col-lg-12 col-md-12 col-sm-12 fusion-content-box-hover content-box-column-last content-box-column-last-in-row\"><div class=\"col content-box-wrapper content-wrapper link-area-link-icon content-icon-wrapper-yes icon-hover-animation-fade\" data-animationOffset=\"top-into-view\"><div class=\"heading heading-with-icon icon-left\"><div class=\"icon\"><span style=\"height:92px;width:92px;line-height:47px;border-color:#a8a8a8;border-width:1px;border-style:solid;background-color:#ffffff;box-sizing:content-box;border-radius:50%;\"><i style=\"border-color:#ffffff;border-width:1px;background-color:#ffffff;box-sizing:content-box;height:90px;width:90px;line-height:90px;border-radius:50%;position:relative;top:auto;left:auto;margin:0;border-radius:50%;font-size:45px;\" aria-hidden=\"true\" class=\"fontawesome-icon fa-car fas circle-yes\"><\/i><\/span><\/div><h2 class=\"content-box-heading\" style=\"--h2_typography-font-size:16px;line-height:21px;\">GPS koordinate<\/h2><\/div><div class=\"fusion-clearfix\"><\/div><div class=\"content-container\">\n<p>43.505003, 16.321276<\/p>\n<\/div><\/div><\/div><div class=\"fusion-clearfix\"><\/div><\/div><div class=\"fusion-sep-clear\"><\/div><div class=\"fusion-separator\" style=\"margin-left: auto;margin-right: auto;margin-bottom:20px;width:100%;max-width:300px;\"><div class=\"fusion-separator-border sep-single sep-solid\" style=\"--awb-height:20px;--awb-amount:20px;--awb-sep-color:#dd9933;border-color:#dd9933;border-top-width:1px;\"><\/div><\/div><div class=\"fusion-sep-clear\"><\/div><div class=\"fusion-text fusion-text-5\"><h3 style=\"text-align: center;\">Na\u0161a lokacija na mapi<\/h3>\n<p><iframe style=\"border: 0;\" src=\"https:\/\/www.google.com\/maps\/embed?pb=!1m18!1m12!1m3!1d46298.619694022396!2d16.30928475702483!3d43.50935006828172!2m3!1f0!2f0!3f0!3m2!1i1024!2i768!4f13.1!3m3!1m2!1s0x1335683f9491bef7%3A0xebd4018bd2612043!2sApartments+Zizic+-+Slatine%2C+Ciovo+island%2C+Croatia!5e0!3m2!1sen!2shr!4v1450218651904\" allowfullscreen=\"allowfullscreen\" width=\"1280\" height=\"600\" frameborder=\"0\"><\/iframe><\/p>\n<\/div><div class=\"fusion-clearfix\"><\/div><\/div><\/div><\/div><\/div><\/p>\n","protected":false},"excerpt":{"rendered":"","protected":false},"author":1,"featured_media":0,"parent":0,"menu_order":0,"comment_status":"closed","ping_status":"open","template":"","meta":{"ngg_post_thumbnail":0,"footnotes":""},"class_list":["post-708","page","type-page","status-publish","hentry"],"yoast_head":"<!-- This site is optimized with the Yoast SEO plugin v27.4 - https:\/\/yoast.com\/product\/yoast-seo-wordpress\/ -->\n<title>Na\u0161a lokacija | Apartments Zizic - Accommodation - Slatine - \u010ciovo island<\/title>\n<meta name=\"robots\" content=\"index, follow, max-snippet:-1, max-image-preview:large, max-video-preview:-1\" \/>\n<link rel=\"canonical\" href=\"https:\/\/apartments-zizic.com\/hr\/lokacija\/\" \/>\n<meta property=\"og:locale\" content=\"hr_HR\" \/>\n<meta property=\"og:type\" content=\"article\" \/>\n<meta property=\"og:title\" content=\"Na\u0161a lokacija | Apartments Zizic - Accommodation - Slatine - \u010ciovo island\" \/>\n<meta property=\"og:url\" content=\"https:\/\/apartments-zizic.com\/hr\/lokacija\/\" \/>\n<meta property=\"og:site_name\" content=\"Apartments Zizic - Accommodation - Slatine - \u010ciovo island\" \/>\n<meta property=\"article:publisher\" content=\"https:\/\/www.facebook.com\/apartments.zizic.croatia\/\" \/>\n<meta property=\"article:modified_time\" content=\"2020-01-21T03:16:54+00:00\" \/>\n<meta name=\"twitter:label1\" content=\"Procijenjeno vrijeme \u010ditanja\" \/>\n\t<meta name=\"twitter:data1\" content=\"6 minuta\" \/>\n<script type=\"application\/ld+json\" class=\"yoast-schema-graph\">{\"@context\":\"https:\\\/\\\/schema.org\",\"@graph\":[{\"@type\":\"WebPage\",\"@id\":\"https:\\\/\\\/apartments-zizic.com\\\/hr\\\/lokacija\\\/\",\"url\":\"https:\\\/\\\/apartments-zizic.com\\\/hr\\\/lokacija\\\/\",\"name\":\"Na\u0161a lokacija | Apartments Zizic - Accommodation - Slatine - \u010ciovo island\",\"isPartOf\":{\"@id\":\"https:\\\/\\\/apartments-zizic.com\\\/hr\\\/#website\"},\"datePublished\":\"2012-11-12T01:29:23+00:00\",\"dateModified\":\"2020-01-21T03:16:54+00:00\",\"breadcrumb\":{\"@id\":\"https:\\\/\\\/apartments-zizic.com\\\/hr\\\/lokacija\\\/#breadcrumb\"},\"inLanguage\":\"hr\",\"potentialAction\":[{\"@type\":\"ReadAction\",\"target\":[\"https:\\\/\\\/apartments-zizic.com\\\/hr\\\/lokacija\\\/\"]}]},{\"@type\":\"BreadcrumbList\",\"@id\":\"https:\\\/\\\/apartments-zizic.com\\\/hr\\\/lokacija\\\/#breadcrumb\",\"itemListElement\":[{\"@type\":\"ListItem\",\"position\":1,\"name\":\"Home\",\"item\":\"https:\\\/\\\/apartments-zizic.com\\\/hr\\\/pocetna\\\/\"},{\"@type\":\"ListItem\",\"position\":2,\"name\":\"Na\u0161a lokacija\"}]},{\"@type\":\"WebSite\",\"@id\":\"https:\\\/\\\/apartments-zizic.com\\\/hr\\\/#website\",\"url\":\"https:\\\/\\\/apartments-zizic.com\\\/hr\\\/\",\"name\":\"Apartments Zizic - Accommodation - Slatine - \u010ciovo island\",\"description\":\"Vacation rental, apartments, accommodation\",\"publisher\":{\"@id\":\"https:\\\/\\\/apartments-zizic.com\\\/hr\\\/#organization\"},\"potentialAction\":[{\"@type\":\"SearchAction\",\"target\":{\"@type\":\"EntryPoint\",\"urlTemplate\":\"https:\\\/\\\/apartments-zizic.com\\\/hr\\\/?s={search_term_string}\"},\"query-input\":{\"@type\":\"PropertyValueSpecification\",\"valueRequired\":true,\"valueName\":\"search_term_string\"}}],\"inLanguage\":\"hr\"},{\"@type\":\"Organization\",\"@id\":\"https:\\\/\\\/apartments-zizic.com\\\/hr\\\/#organization\",\"name\":\"Apartments Zizic\",\"url\":\"https:\\\/\\\/apartments-zizic.com\\\/hr\\\/\",\"logo\":{\"@type\":\"ImageObject\",\"inLanguage\":\"hr\",\"@id\":\"https:\\\/\\\/apartments-zizic.com\\\/hr\\\/#\\\/schema\\\/logo\\\/image\\\/\",\"url\":\"\",\"contentUrl\":\"\",\"caption\":\"Apartments Zizic\"},\"image\":{\"@id\":\"https:\\\/\\\/apartments-zizic.com\\\/hr\\\/#\\\/schema\\\/logo\\\/image\\\/\"},\"sameAs\":[\"https:\\\/\\\/www.facebook.com\\\/apartments.zizic.croatia\\\/\"]}]}<\/script>\n<!-- \/ Yoast SEO plugin. -->","yoast_head_json":{"title":"Na\u0161a lokacija | Apartments Zizic - Accommodation - Slatine - \u010ciovo island","robots":{"index":"index","follow":"follow","max-snippet":"max-snippet:-1","max-image-preview":"max-image-preview:large","max-video-preview":"max-video-preview:-1"},"canonical":"https:\/\/apartments-zizic.com\/hr\/lokacija\/","og_locale":"hr_HR","og_type":"article","og_title":"Na\u0161a lokacija | Apartments Zizic - Accommodation - Slatine - \u010ciovo island","og_url":"https:\/\/apartments-zizic.com\/hr\/lokacija\/","og_site_name":"Apartments Zizic - Accommodation - Slatine - \u010ciovo island","article_publisher":"https:\/\/www.facebook.com\/apartments.zizic.croatia\/","article_modified_time":"2020-01-21T03:16:54+00:00","twitter_misc":{"Procijenjeno vrijeme \u010ditanja":"6 minuta"},"schema":{"@context":"https:\/\/schema.org","@graph":[{"@type":"WebPage","@id":"https:\/\/apartments-zizic.com\/hr\/lokacija\/","url":"https:\/\/apartments-zizic.com\/hr\/lokacija\/","name":"Na\u0161a lokacija | Apartments Zizic - Accommodation - Slatine - \u010ciovo island","isPartOf":{"@id":"https:\/\/apartments-zizic.com\/hr\/#website"},"datePublished":"2012-11-12T01:29:23+00:00","dateModified":"2020-01-21T03:16:54+00:00","breadcrumb":{"@id":"https:\/\/apartments-zizic.com\/hr\/lokacija\/#breadcrumb"},"inLanguage":"hr","potentialAction":[{"@type":"ReadAction","target":["https:\/\/apartments-zizic.com\/hr\/lokacija\/"]}]},{"@type":"BreadcrumbList","@id":"https:\/\/apartments-zizic.com\/hr\/lokacija\/#breadcrumb","itemListElement":[{"@type":"ListItem","position":1,"name":"Home","item":"https:\/\/apartments-zizic.com\/hr\/pocetna\/"},{"@type":"ListItem","position":2,"name":"Na\u0161a lokacija"}]},{"@type":"WebSite","@id":"https:\/\/apartments-zizic.com\/hr\/#website","url":"https:\/\/apartments-zizic.com\/hr\/","name":"Apartments Zizic - Accommodation - Slatine - \u010ciovo island","description":"Vacation rental, apartments, accommodation","publisher":{"@id":"https:\/\/apartments-zizic.com\/hr\/#organization"},"potentialAction":[{"@type":"SearchAction","target":{"@type":"EntryPoint","urlTemplate":"https:\/\/apartments-zizic.com\/hr\/?s={search_term_string}"},"query-input":{"@type":"PropertyValueSpecification","valueRequired":true,"valueName":"search_term_string"}}],"inLanguage":"hr"},{"@type":"Organization","@id":"https:\/\/apartments-zizic.com\/hr\/#organization","name":"Apartments Zizic","url":"https:\/\/apartments-zizic.com\/hr\/","logo":{"@type":"ImageObject","inLanguage":"hr","@id":"https:\/\/apartments-zizic.com\/hr\/#\/schema\/logo\/image\/","url":"","contentUrl":"","caption":"Apartments Zizic"},"image":{"@id":"https:\/\/apartments-zizic.com\/hr\/#\/schema\/logo\/image\/"},"sameAs":["https:\/\/www.facebook.com\/apartments.zizic.croatia\/"]}]}},"_links":{"self":[{"href":"https:\/\/apartments-zizic.com\/hr\/wp-json\/wp\/v2\/pages\/708","targetHints":{"allow":["GET"]}}],"collection":[{"href":"https:\/\/apartments-zizic.com\/hr\/wp-json\/wp\/v2\/pages"}],"about":[{"href":"https:\/\/apartments-zizic.com\/hr\/wp-json\/wp\/v2\/types\/page"}],"author":[{"embeddable":true,"href":"https:\/\/apartments-zizic.com\/hr\/wp-json\/wp\/v2\/users\/1"}],"replies":[{"embeddable":true,"href":"https:\/\/apartments-zizic.com\/hr\/wp-json\/wp\/v2\/comments?post=708"}],"version-history":[{"count":9,"href":"https:\/\/apartments-zizic.com\/hr\/wp-json\/wp\/v2\/pages\/708\/revisions"}],"predecessor-version":[{"id":4397,"href":"https:\/\/apartments-zizic.com\/hr\/wp-json\/wp\/v2\/pages\/708\/revisions\/4397"}],"wp:attachment":[{"href":"https:\/\/apartments-zizic.com\/hr\/wp-json\/wp\/v2\/media?parent=708"}],"curies":[{"name":"wp","href":"https:\/\/api.w.org\/{rel}","templated":true}]}}