{"id":706,"date":"2012-08-01T13:16:00","date_gmt":"2012-08-01T13:16:00","guid":{"rendered":"http:\/\/apartments-zizic.com\/photo-gallery-2\/"},"modified":"2020-01-21T01:16:44","modified_gmt":"2020-01-21T01:16:44","slug":"galerija-fotografija","status":"publish","type":"page","link":"https:\/\/apartments-zizic.com\/hr\/galerija-fotografija\/","title":{"rendered":"Fotografije"},"content":{"rendered":"<h1 style=\"text-align: center;\">Galerija fotografija<\/h1>\n<p style=\"text-align: center;\">Ovdje mo\u017eete vidjeti fotografije na\u0161e ku\u0107e, vrta i pla\u017ee sa restoranom ispred ku\u0107e. Kliknite na bilo koju sliku za pokrenuti slideshow.<\/p>\n<h2 style=\"text-align: center;\">Ku\u0107a \u017di\u017ei\u0107<\/h2>\n<div class=\"fusion-fullwidth fullwidth-box fusion-builder-row-1 hundred-percent-fullwidth non-hundred-percent-height-scrolling\" style=\"--awb-border-radius-top-left:0px;--awb-border-radius-top-right:0px;--awb-border-radius-bottom-right:0px;--awb-border-radius-bottom-left:0px;--awb-overflow:visible;--awb-flex-wrap:wrap;\" ><div class=\"fusion-builder-row fusion-row\"><div class=\"fusion-layout-column fusion_builder_column fusion-builder-column-0 fusion_builder_column_1_1 1_1 fusion-one-full fusion-column-first fusion-column-last fusion-column-no-min-height\" style=\"--awb-bg-size:cover;--awb-margin-bottom:0px;\"><div class=\"fusion-column-wrapper fusion-flex-column-wrapper-legacy\"><div id=\"jig1\" class=\"justified-image-grid jig-35a124dd7493520b36e8fac20f55b30d jig-preset-global jig-source-nextgen\"><div class=\"jig-clearfix\"><\/div><noscript id=\"jig1-html\" class=\"justified-image-grid-html\" data-lazy-src=\"skiplazyload\" data-src=\"skipunveillazyload\"><ul><li><a href=\"https:\/\/apartments-zizic.com\/photo-gallery\/house-zizic-photo-gallery\/apartments-zizic-slatine-ciovo-location-1920.jpg\"><img decoding=\"async\" src=\"https:\/\/apartments-zizic.com\/photo-gallery\/house-zizic-photo-gallery\/apartments-zizic-slatine-ciovo-location-1920.jpg\" alt=\"What&#039;s where\" width=\"408\" height=\"230\" \/><\/a><p class=\"jig-HTMLdescription\">What's where<\/p><\/li><li><a href=\"https:\/\/apartments-zizic.com\/photo-gallery\/house-zizic-photo-gallery\/apartments-zizic-slatine-ciovo-house-privat-unterkunft-13.jpg\"><img decoding=\"async\" src=\"https:\/\/apartments-zizic.com\/photo-gallery\/house-zizic-photo-gallery\/apartments-zizic-slatine-ciovo-house-privat-unterkunft-13.jpg\" alt=\"Our house with parking lot in front\" width=\"345\" height=\"230\" \/><\/a><p class=\"jig-HTMLdescription\">Our house with parking lot in front<\/p><\/li><li><a href=\"https:\/\/apartments-zizic.com\/photo-gallery\/house-zizic-photo-gallery\/apartments-zizic-slatine-ciovo-house-privat-unterkunft-6.jpg\"><img decoding=\"async\" src=\"https:\/\/apartments-zizic.com\/photo-gallery\/house-zizic-photo-gallery\/apartments-zizic-slatine-ciovo-house-privat-unterkunft-6.jpg\" alt=\"Lawn and flower garden on our property\" width=\"345\" height=\"230\" \/><\/a><p class=\"jig-HTMLdescription\">Lawn and flower garden on our property<\/p><\/li><li><a href=\"https:\/\/apartments-zizic.com\/photo-gallery\/house-zizic-photo-gallery\/apartments-zizic-slatine-ciovo-house-privat-unterkunft-1.jpg\"><img decoding=\"async\" src=\"https:\/\/apartments-zizic.com\/photo-gallery\/house-zizic-photo-gallery\/apartments-zizic-slatine-ciovo-house-privat-unterkunft-1.jpg\" alt=\"Lawn and flower garden on our property\" width=\"345\" height=\"230\" \/><\/a><p class=\"jig-HTMLdescription\">Lawn and flower garden on our property<\/p><\/li><li><a href=\"https:\/\/apartments-zizic.com\/photo-gallery\/house-zizic-photo-gallery\/apartments-zizic-slatine-ciovo-house-privat-unterkunft-5.jpg\"><img decoding=\"async\" src=\"https:\/\/apartments-zizic.com\/photo-gallery\/house-zizic-photo-gallery\/apartments-zizic-slatine-ciovo-house-privat-unterkunft-5.jpg\" alt=\"Exit to the beach\" width=\"345\" height=\"230\" \/><\/a><p class=\"jig-HTMLdescription\">Exit to the beach<\/p><\/li><li><a href=\"https:\/\/apartments-zizic.com\/photo-gallery\/house-zizic-photo-gallery\/apartments-zizic-slatine-ciovo-house-privat-unterkunft-8.jpg\"><img decoding=\"async\" src=\"https:\/\/apartments-zizic.com\/photo-gallery\/house-zizic-photo-gallery\/apartments-zizic-slatine-ciovo-house-privat-unterkunft-8.jpg\" alt=\"Our house with parking lot in front\" width=\"345\" height=\"230\" \/><\/a><p class=\"jig-HTMLdescription\">Our house with parking lot in front<\/p><\/li><li><a href=\"https:\/\/apartments-zizic.com\/photo-gallery\/house-zizic-photo-gallery\/apartments-zizic-slatine-ciovo-house-privat-unterkunft-2.jpg\"><img decoding=\"async\" src=\"https:\/\/apartments-zizic.com\/photo-gallery\/house-zizic-photo-gallery\/apartments-zizic-slatine-ciovo-house-privat-unterkunft-2.jpg\" alt=\"Lawn and flower garden on our property\" width=\"345\" height=\"230\" \/><\/a><p class=\"jig-HTMLdescription\">Lawn and flower garden on our property<\/p><\/li><li><a href=\"https:\/\/apartments-zizic.com\/photo-gallery\/house-zizic-photo-gallery\/a5-apartment-by-the-sea-beach-zizic-accommodation-slatine-ciovo-6.jpg\"><img decoding=\"async\" src=\"https:\/\/apartments-zizic.com\/photo-gallery\/house-zizic-photo-gallery\/a5-apartment-by-the-sea-beach-zizic-accommodation-slatine-ciovo-6.jpg\" alt=\"House from the southern side\" width=\"345\" height=\"230\" \/><\/a><p class=\"jig-HTMLdescription\">House from the southern side<\/p><\/li><li><a href=\"https:\/\/apartments-zizic.com\/photo-gallery\/house-zizic-photo-gallery\/apartments-zizic-slatine-ciovo-house-privat-unterkunft-3.jpg\"><img decoding=\"async\" src=\"https:\/\/apartments-zizic.com\/photo-gallery\/house-zizic-photo-gallery\/apartments-zizic-slatine-ciovo-house-privat-unterkunft-3.jpg\" alt=\"Lawn and flower garden on our property, exit to the beach\" width=\"345\" height=\"230\" \/><\/a><p class=\"jig-HTMLdescription\">Lawn and flower garden on our property, exit to the beach<\/p><\/li><li><a href=\"https:\/\/apartments-zizic.com\/photo-gallery\/house-zizic-photo-gallery\/a5-apartment-by-the-sea-beach-zizic-accommodation-slatine-ciovo-9.jpg\"><img decoding=\"async\" src=\"https:\/\/apartments-zizic.com\/photo-gallery\/house-zizic-photo-gallery\/a5-apartment-by-the-sea-beach-zizic-accommodation-slatine-ciovo-9.jpg\" alt=\"Terrace with the flower garden\" width=\"345\" height=\"230\" \/><\/a><p class=\"jig-HTMLdescription\">Terrace with the flower garden<\/p><\/li><li><a href=\"https:\/\/apartments-zizic.com\/photo-gallery\/house-zizic-photo-gallery\/apartments-zizic-slatine-ciovo-house-privat-unterkunft-4.jpg\"><img decoding=\"async\" src=\"https:\/\/apartments-zizic.com\/photo-gallery\/house-zizic-photo-gallery\/apartments-zizic-slatine-ciovo-house-privat-unterkunft-4.jpg\" alt=\"Exit to the beach\" width=\"345\" height=\"230\" \/><\/a><p class=\"jig-HTMLdescription\">Exit to the beach<\/p><\/li><li><a href=\"https:\/\/apartments-zizic.com\/photo-gallery\/house-zizic-photo-gallery\/apartments-zizic-slatine-ciovo-house-privat-unterkunft-10.jpg\"><img decoding=\"async\" src=\"https:\/\/apartments-zizic.com\/photo-gallery\/house-zizic-photo-gallery\/apartments-zizic-slatine-ciovo-house-privat-unterkunft-10.jpg\" alt=\"Exit to the beach\" width=\"166\" height=\"230\" \/><\/a><p class=\"jig-HTMLdescription\">Exit to the beach<\/p><\/li><li><a href=\"https:\/\/apartments-zizic.com\/photo-gallery\/house-zizic-photo-gallery\/apartments-zizic-slatine-ciovo-house-privat-unterkunft-12.jpg\"><img decoding=\"async\" src=\"https:\/\/apartments-zizic.com\/photo-gallery\/house-zizic-photo-gallery\/apartments-zizic-slatine-ciovo-house-privat-unterkunft-12.jpg\" alt=\"Lawn and flower garden on our property\" width=\"345\" height=\"230\" \/><\/a><p class=\"jig-HTMLdescription\">Lawn and flower garden on our property<\/p><\/li><li><a href=\"https:\/\/apartments-zizic.com\/photo-gallery\/house-zizic-photo-gallery\/apartments-zizic-slatine-ciovo-house-privat-unterkunft-7.jpg\"><img decoding=\"async\" src=\"https:\/\/apartments-zizic.com\/photo-gallery\/house-zizic-photo-gallery\/apartments-zizic-slatine-ciovo-house-privat-unterkunft-7.jpg\" alt=\"Lawn and flower garden on our property\" width=\"345\" height=\"230\" \/><\/a><p class=\"jig-HTMLdescription\">Lawn and flower garden on our property<\/p><\/li><li><a href=\"https:\/\/apartments-zizic.com\/photo-gallery\/house-zizic-photo-gallery\/apartments-zizic-slatine-ciovo-house-privat-unterkunft-9.jpg\"><img decoding=\"async\" src=\"https:\/\/apartments-zizic.com\/photo-gallery\/house-zizic-photo-gallery\/apartments-zizic-slatine-ciovo-house-privat-unterkunft-9.jpg\" alt=\"Lawn and flower garden on our property\" width=\"345\" height=\"230\" \/><\/a><p class=\"jig-HTMLdescription\">Lawn and flower garden on our property<\/p><\/li><li><a href=\"https:\/\/apartments-zizic.com\/photo-gallery\/house-zizic-photo-gallery\/apartments-zizic-slatine-ciovo-house-privat-unterkunft-11.jpg\"><img decoding=\"async\" src=\"https:\/\/apartments-zizic.com\/photo-gallery\/house-zizic-photo-gallery\/apartments-zizic-slatine-ciovo-house-privat-unterkunft-11.jpg\" alt=\"Lawn and flower garden on our property\" width=\"345\" height=\"230\" \/><\/a><p class=\"jig-HTMLdescription\">Lawn and flower garden on our property<\/p><\/li><\/ul><\/noscript><\/div>\n<div class=\"fusion-sep-clear\"><\/div><div class=\"fusion-separator\" style=\"margin-left: auto;margin-right: auto;margin-top:30px;margin-bottom:30px;width:100%;max-width:40%;\"><div class=\"fusion-separator-border sep-single sep-solid\" style=\"--awb-height:20px;--awb-amount:20px;--awb-sep-color:#dd9933;border-color:#dd9933;border-top-width:1px;\"><\/div><\/div><div class=\"fusion-sep-clear\"><\/div>\n<h2 style=\"text-align: center;\">Pla\u017ea ispred ku\u0107e<\/h2>\n<div id=\"jig2\" class=\"justified-image-grid jig-26374de13fa3bfc27dad586b29916fb1 jig-preset-global jig-source-nextgen\"><div class=\"jig-clearfix\"><\/div><noscript id=\"jig2-html\" class=\"justified-image-grid-html\" data-lazy-src=\"skiplazyload\" data-src=\"skipunveillazyload\"><ul><li><a href=\"https:\/\/apartments-zizic.com\/photo-gallery\/beach-photos\/beach-sea-vacation-apartments-zizic-slatine-ciovo-9.jpg\"><img decoding=\"async\" src=\"https:\/\/apartments-zizic.com\/photo-gallery\/beach-photos\/beach-sea-vacation-apartments-zizic-slatine-ciovo-9.jpg\" alt=\"Beautiful big pebble beach in front of our house\" width=\"345\" height=\"230\" \/><\/a><p class=\"jig-HTMLdescription\">Beautiful big pebble beach in front of our house<\/p><\/li><li><a href=\"https:\/\/apartments-zizic.com\/photo-gallery\/beach-photos\/beach-sea-vacation-apartments-zizic-slatine-ciovo-1.jpg\"><img decoding=\"async\" src=\"https:\/\/apartments-zizic.com\/photo-gallery\/beach-photos\/beach-sea-vacation-apartments-zizic-slatine-ciovo-1.jpg\" alt=\"Beautiful big pebble beach in front of our house\" width=\"345\" height=\"230\" \/><\/a><p class=\"jig-HTMLdescription\">Beautiful big pebble beach in front of our house<\/p><\/li><li><a href=\"https:\/\/apartments-zizic.com\/photo-gallery\/beach-photos\/beach-sea-vacation-apartments-zizic-slatine-ciovo-14.jpg\"><img decoding=\"async\" src=\"https:\/\/apartments-zizic.com\/photo-gallery\/beach-photos\/beach-sea-vacation-apartments-zizic-slatine-ciovo-14.jpg\" alt=\"Aquapark in front of the beach\" width=\"345\" height=\"230\" \/><\/a><p class=\"jig-HTMLdescription\">Aquapark in front of the beach<\/p><\/li><li><a href=\"https:\/\/apartments-zizic.com\/photo-gallery\/beach-photos\/beach-sea-vacation-apartments-zizic-slatine-ciovo-2.jpg\"><img decoding=\"async\" src=\"https:\/\/apartments-zizic.com\/photo-gallery\/beach-photos\/beach-sea-vacation-apartments-zizic-slatine-ciovo-2.jpg\" alt=\"Sunrise on our beach\" width=\"408\" height=\"230\" \/><\/a><p class=\"jig-HTMLdescription\">Sunrise on our beach<\/p><\/li><li><a href=\"https:\/\/apartments-zizic.com\/photo-gallery\/beach-photos\/beach-sea-vacation-apartments-zizic-slatine-ciovo-11.jpg\"><img decoding=\"async\" src=\"https:\/\/apartments-zizic.com\/photo-gallery\/beach-photos\/beach-sea-vacation-apartments-zizic-slatine-ciovo-11.jpg\" alt=\"Beautiful big pebble beach in front of our house\" width=\"408\" height=\"230\" \/><\/a><p class=\"jig-HTMLdescription\">Beautiful big pebble beach in front of our house<\/p><\/li><li><a href=\"https:\/\/apartments-zizic.com\/photo-gallery\/beach-photos\/beach-sea-vacation-apartments-zizic-slatine-ciovo-3.jpg\"><img decoding=\"async\" src=\"https:\/\/apartments-zizic.com\/photo-gallery\/beach-photos\/beach-sea-vacation-apartments-zizic-slatine-ciovo-3.jpg\" alt=\"Sunrise on our beach\" width=\"345\" height=\"230\" \/><\/a><p class=\"jig-HTMLdescription\">Sunrise on our beach<\/p><\/li><li><a href=\"https:\/\/apartments-zizic.com\/photo-gallery\/beach-photos\/beach-sea-vacation-apartments-zizic-slatine-ciovo-4.jpg\"><img decoding=\"async\" src=\"https:\/\/apartments-zizic.com\/photo-gallery\/beach-photos\/beach-sea-vacation-apartments-zizic-slatine-ciovo-4.jpg\" alt=\"Beautiful big pebble beach in front of our house\" width=\"473\" height=\"230\" \/><\/a><p class=\"jig-HTMLdescription\">Beautiful big pebble beach in front of our house<\/p><\/li><li><a href=\"https:\/\/apartments-zizic.com\/photo-gallery\/beach-photos\/beach-sea-vacation-apartments-zizic-slatine-ciovo-18.jpg\"><img decoding=\"async\" src=\"https:\/\/apartments-zizic.com\/photo-gallery\/beach-photos\/beach-sea-vacation-apartments-zizic-slatine-ciovo-18.jpg\" alt=\"Sunset on our beach\" width=\"345\" height=\"230\" \/><\/a><p class=\"jig-HTMLdescription\">Sunset on our beach<\/p><\/li><li><a href=\"https:\/\/apartments-zizic.com\/photo-gallery\/beach-photos\/beach-sea-vacation-apartments-zizic-slatine-ciovo-13.jpg\"><img decoding=\"async\" src=\"https:\/\/apartments-zizic.com\/photo-gallery\/beach-photos\/beach-sea-vacation-apartments-zizic-slatine-ciovo-13.jpg\" alt=\"Beautiful big pebble beach in front of our house\" width=\"345\" height=\"230\" \/><\/a><p class=\"jig-HTMLdescription\">Beautiful big pebble beach in front of our house<\/p><\/li><li><a href=\"https:\/\/apartments-zizic.com\/photo-gallery\/beach-photos\/beach-sea-vacation-apartments-zizic-slatine-ciovo-5.jpg\"><img decoding=\"async\" src=\"https:\/\/apartments-zizic.com\/photo-gallery\/beach-photos\/beach-sea-vacation-apartments-zizic-slatine-ciovo-5.jpg\" alt=\"Beautiful big pebble beach in front of our house\" width=\"408\" height=\"230\" \/><\/a><p class=\"jig-HTMLdescription\">Beautiful big pebble beach in front of our house<\/p><\/li><li><a href=\"https:\/\/apartments-zizic.com\/photo-gallery\/beach-photos\/beach-sea-vacation-apartments-zizic-slatine-ciovo-6.jpg\"><img decoding=\"async\" src=\"https:\/\/apartments-zizic.com\/photo-gallery\/beach-photos\/beach-sea-vacation-apartments-zizic-slatine-ciovo-6.jpg\" alt=\"Sunrise on our beach\" width=\"546\" height=\"230\" \/><\/a><p class=\"jig-HTMLdescription\">Sunrise on our beach<\/p><\/li><li><a href=\"https:\/\/apartments-zizic.com\/photo-gallery\/beach-photos\/beach-sea-vacation-apartments-zizic-slatine-ciovo-10.jpg\"><img decoding=\"async\" src=\"https:\/\/apartments-zizic.com\/photo-gallery\/beach-photos\/beach-sea-vacation-apartments-zizic-slatine-ciovo-10.jpg\" alt=\"Beautiful big pebble beach in front of our house\" width=\"345\" height=\"230\" \/><\/a><p class=\"jig-HTMLdescription\">Beautiful big pebble beach in front of our house<\/p><\/li><li><a href=\"https:\/\/apartments-zizic.com\/photo-gallery\/beach-photos\/beach-sea-vacation-apartments-zizic-slatine-ciovo-7.jpg\"><img decoding=\"async\" src=\"https:\/\/apartments-zizic.com\/photo-gallery\/beach-photos\/beach-sea-vacation-apartments-zizic-slatine-ciovo-7.jpg\" alt=\"Sunrise on our beach\" width=\"408\" height=\"230\" \/><\/a><p class=\"jig-HTMLdescription\">Sunrise on our beach<\/p><\/li><li><a href=\"https:\/\/apartments-zizic.com\/photo-gallery\/beach-photos\/beach-sea-vacation-apartments-zizic-slatine-ciovo-8.jpg\"><img decoding=\"async\" src=\"https:\/\/apartments-zizic.com\/photo-gallery\/beach-photos\/beach-sea-vacation-apartments-zizic-slatine-ciovo-8.jpg\" alt=\"Beautiful big pebble beach in front of our house\" width=\"408\" height=\"230\" \/><\/a><p class=\"jig-HTMLdescription\">Beautiful big pebble beach in front of our house<\/p><\/li><li><a href=\"https:\/\/apartments-zizic.com\/photo-gallery\/beach-photos\/beach-sea-vacation-apartments-zizic-slatine-ciovo-15.jpg\"><img decoding=\"async\" src=\"https:\/\/apartments-zizic.com\/photo-gallery\/beach-photos\/beach-sea-vacation-apartments-zizic-slatine-ciovo-15.jpg\" alt=\"Beautiful big pebble beach in front of our house\" width=\"345\" height=\"230\" \/><\/a><p class=\"jig-HTMLdescription\">Beautiful big pebble beach in front of our house<\/p><\/li><li><a href=\"https:\/\/apartments-zizic.com\/photo-gallery\/beach-photos\/beach-sea-vacation-apartments-zizic-slatine-ciovo-12.jpg\"><img decoding=\"async\" src=\"https:\/\/apartments-zizic.com\/photo-gallery\/beach-photos\/beach-sea-vacation-apartments-zizic-slatine-ciovo-12.jpg\" alt=\"Beautiful big pebble beach in front of our house\" width=\"408\" height=\"230\" \/><\/a><p class=\"jig-HTMLdescription\">Beautiful big pebble beach in front of our house<\/p><\/li><li><a href=\"https:\/\/apartments-zizic.com\/photo-gallery\/beach-photos\/beach-sea-vacation-apartments-zizic-slatine-ciovo-16.jpg\"><img decoding=\"async\" src=\"https:\/\/apartments-zizic.com\/photo-gallery\/beach-photos\/beach-sea-vacation-apartments-zizic-slatine-ciovo-16.jpg\" alt=\"Beautiful big pebble beach in front of our house\" width=\"345\" height=\"230\" \/><\/a><p class=\"jig-HTMLdescription\">Beautiful big pebble beach in front of our house<\/p><\/li><li><a href=\"https:\/\/apartments-zizic.com\/photo-gallery\/beach-photos\/beach-sea-vacation-apartments-zizic-slatine-ciovo-17.jpg\"><img decoding=\"async\" src=\"https:\/\/apartments-zizic.com\/photo-gallery\/beach-photos\/beach-sea-vacation-apartments-zizic-slatine-ciovo-17.jpg\" alt=\"Sunset on our beach\" width=\"482\" height=\"230\" \/><\/a><p class=\"jig-HTMLdescription\">Sunset on our beach<\/p><\/li><\/ul><\/noscript><\/div><div class=\"fusion-clearfix\"><\/div><\/div><\/div><\/div><\/div>\n","protected":false},"excerpt":{"rendered":"<p>Galerija fotografija Ovdje mo\u017eete vidjeti fotografije na\u0161e ku\u0107e, vrta i pla\u017ee sa restoranom ispred ku\u0107e. Kliknite na bilo koju sliku za pokrenuti slideshow. Ku\u0107a \u017di\u017ei\u0107<\/p>\n","protected":false},"author":1,"featured_media":0,"parent":0,"menu_order":0,"comment_status":"closed","ping_status":"open","template":"","meta":{"ngg_post_thumbnail":0,"footnotes":""},"class_list":["post-706","page","type-page","status-publish","hentry"],"yoast_head":"<!-- This site is optimized with the Yoast SEO plugin v27.4 - https:\/\/yoast.com\/product\/yoast-seo-wordpress\/ -->\n<title>Fotografije | Apartments Zizic - Accommodation - Slatine - \u010ciovo island<\/title>\n<meta name=\"robots\" content=\"index, follow, max-snippet:-1, max-image-preview:large, max-video-preview:-1\" \/>\n<link rel=\"canonical\" href=\"https:\/\/apartments-zizic.com\/hr\/galerija-fotografija\/\" \/>\n<meta property=\"og:locale\" content=\"hr_HR\" \/>\n<meta property=\"og:type\" content=\"article\" \/>\n<meta property=\"og:title\" content=\"Fotografije | Apartments Zizic - Accommodation - Slatine - \u010ciovo island\" \/>\n<meta property=\"og:description\" content=\"Galerija fotografija Ovdje mo\u017eete vidjeti fotografije na\u0161e ku\u0107e, vrta i pla\u017ee sa restoranom ispred ku\u0107e. Kliknite na bilo koju sliku za pokrenuti slideshow. Ku\u0107a \u017di\u017ei\u0107\" \/>\n<meta property=\"og:url\" content=\"https:\/\/apartments-zizic.com\/hr\/galerija-fotografija\/\" \/>\n<meta property=\"og:site_name\" content=\"Apartments Zizic - Accommodation - Slatine - \u010ciovo island\" \/>\n<meta property=\"article:publisher\" content=\"https:\/\/www.facebook.com\/apartments.zizic.croatia\/\" \/>\n<meta property=\"article:modified_time\" content=\"2020-01-21T01:16:44+00:00\" \/>\n<meta name=\"twitter:label1\" content=\"Procijenjeno vrijeme \u010ditanja\" \/>\n\t<meta name=\"twitter:data1\" content=\"1 minuta\" \/>\n<script type=\"application\/ld+json\" class=\"yoast-schema-graph\">{\"@context\":\"https:\\\/\\\/schema.org\",\"@graph\":[{\"@type\":\"WebPage\",\"@id\":\"https:\\\/\\\/apartments-zizic.com\\\/hr\\\/galerija-fotografija\\\/\",\"url\":\"https:\\\/\\\/apartments-zizic.com\\\/hr\\\/galerija-fotografija\\\/\",\"name\":\"Fotografije | Apartments Zizic - Accommodation - Slatine - \u010ciovo island\",\"isPartOf\":{\"@id\":\"https:\\\/\\\/apartments-zizic.com\\\/hr\\\/#website\"},\"datePublished\":\"2012-08-01T13:16:00+00:00\",\"dateModified\":\"2020-01-21T01:16:44+00:00\",\"breadcrumb\":{\"@id\":\"https:\\\/\\\/apartments-zizic.com\\\/hr\\\/galerija-fotografija\\\/#breadcrumb\"},\"inLanguage\":\"hr\",\"potentialAction\":[{\"@type\":\"ReadAction\",\"target\":[\"https:\\\/\\\/apartments-zizic.com\\\/hr\\\/galerija-fotografija\\\/\"]}]},{\"@type\":\"BreadcrumbList\",\"@id\":\"https:\\\/\\\/apartments-zizic.com\\\/hr\\\/galerija-fotografija\\\/#breadcrumb\",\"itemListElement\":[{\"@type\":\"ListItem\",\"position\":1,\"name\":\"Home\",\"item\":\"https:\\\/\\\/apartments-zizic.com\\\/hr\\\/pocetna\\\/\"},{\"@type\":\"ListItem\",\"position\":2,\"name\":\"Fotografije\"}]},{\"@type\":\"WebSite\",\"@id\":\"https:\\\/\\\/apartments-zizic.com\\\/hr\\\/#website\",\"url\":\"https:\\\/\\\/apartments-zizic.com\\\/hr\\\/\",\"name\":\"Apartments Zizic - Accommodation - Slatine - \u010ciovo island\",\"description\":\"Vacation rental, apartments, accommodation\",\"publisher\":{\"@id\":\"https:\\\/\\\/apartments-zizic.com\\\/hr\\\/#organization\"},\"potentialAction\":[{\"@type\":\"SearchAction\",\"target\":{\"@type\":\"EntryPoint\",\"urlTemplate\":\"https:\\\/\\\/apartments-zizic.com\\\/hr\\\/?s={search_term_string}\"},\"query-input\":{\"@type\":\"PropertyValueSpecification\",\"valueRequired\":true,\"valueName\":\"search_term_string\"}}],\"inLanguage\":\"hr\"},{\"@type\":\"Organization\",\"@id\":\"https:\\\/\\\/apartments-zizic.com\\\/hr\\\/#organization\",\"name\":\"Apartments Zizic\",\"url\":\"https:\\\/\\\/apartments-zizic.com\\\/hr\\\/\",\"logo\":{\"@type\":\"ImageObject\",\"inLanguage\":\"hr\",\"@id\":\"https:\\\/\\\/apartments-zizic.com\\\/hr\\\/#\\\/schema\\\/logo\\\/image\\\/\",\"url\":\"\",\"contentUrl\":\"\",\"caption\":\"Apartments Zizic\"},\"image\":{\"@id\":\"https:\\\/\\\/apartments-zizic.com\\\/hr\\\/#\\\/schema\\\/logo\\\/image\\\/\"},\"sameAs\":[\"https:\\\/\\\/www.facebook.com\\\/apartments.zizic.croatia\\\/\"]}]}<\/script>\n<!-- \/ Yoast SEO plugin. -->","yoast_head_json":{"title":"Fotografije | Apartments Zizic - Accommodation - Slatine - \u010ciovo island","robots":{"index":"index","follow":"follow","max-snippet":"max-snippet:-1","max-image-preview":"max-image-preview:large","max-video-preview":"max-video-preview:-1"},"canonical":"https:\/\/apartments-zizic.com\/hr\/galerija-fotografija\/","og_locale":"hr_HR","og_type":"article","og_title":"Fotografije | Apartments Zizic - Accommodation - Slatine - \u010ciovo island","og_description":"Galerija fotografija Ovdje mo\u017eete vidjeti fotografije na\u0161e ku\u0107e, vrta i pla\u017ee sa restoranom ispred ku\u0107e. Kliknite na bilo koju sliku za pokrenuti slideshow. Ku\u0107a \u017di\u017ei\u0107","og_url":"https:\/\/apartments-zizic.com\/hr\/galerija-fotografija\/","og_site_name":"Apartments Zizic - Accommodation - Slatine - \u010ciovo island","article_publisher":"https:\/\/www.facebook.com\/apartments.zizic.croatia\/","article_modified_time":"2020-01-21T01:16:44+00:00","twitter_misc":{"Procijenjeno vrijeme \u010ditanja":"1 minuta"},"schema":{"@context":"https:\/\/schema.org","@graph":[{"@type":"WebPage","@id":"https:\/\/apartments-zizic.com\/hr\/galerija-fotografija\/","url":"https:\/\/apartments-zizic.com\/hr\/galerija-fotografija\/","name":"Fotografije | Apartments Zizic - Accommodation - Slatine - \u010ciovo island","isPartOf":{"@id":"https:\/\/apartments-zizic.com\/hr\/#website"},"datePublished":"2012-08-01T13:16:00+00:00","dateModified":"2020-01-21T01:16:44+00:00","breadcrumb":{"@id":"https:\/\/apartments-zizic.com\/hr\/galerija-fotografija\/#breadcrumb"},"inLanguage":"hr","potentialAction":[{"@type":"ReadAction","target":["https:\/\/apartments-zizic.com\/hr\/galerija-fotografija\/"]}]},{"@type":"BreadcrumbList","@id":"https:\/\/apartments-zizic.com\/hr\/galerija-fotografija\/#breadcrumb","itemListElement":[{"@type":"ListItem","position":1,"name":"Home","item":"https:\/\/apartments-zizic.com\/hr\/pocetna\/"},{"@type":"ListItem","position":2,"name":"Fotografije"}]},{"@type":"WebSite","@id":"https:\/\/apartments-zizic.com\/hr\/#website","url":"https:\/\/apartments-zizic.com\/hr\/","name":"Apartments Zizic - Accommodation - Slatine - \u010ciovo island","description":"Vacation rental, apartments, accommodation","publisher":{"@id":"https:\/\/apartments-zizic.com\/hr\/#organization"},"potentialAction":[{"@type":"SearchAction","target":{"@type":"EntryPoint","urlTemplate":"https:\/\/apartments-zizic.com\/hr\/?s={search_term_string}"},"query-input":{"@type":"PropertyValueSpecification","valueRequired":true,"valueName":"search_term_string"}}],"inLanguage":"hr"},{"@type":"Organization","@id":"https:\/\/apartments-zizic.com\/hr\/#organization","name":"Apartments Zizic","url":"https:\/\/apartments-zizic.com\/hr\/","logo":{"@type":"ImageObject","inLanguage":"hr","@id":"https:\/\/apartments-zizic.com\/hr\/#\/schema\/logo\/image\/","url":"","contentUrl":"","caption":"Apartments Zizic"},"image":{"@id":"https:\/\/apartments-zizic.com\/hr\/#\/schema\/logo\/image\/"},"sameAs":["https:\/\/www.facebook.com\/apartments.zizic.croatia\/"]}]}},"_links":{"self":[{"href":"https:\/\/apartments-zizic.com\/hr\/wp-json\/wp\/v2\/pages\/706","targetHints":{"allow":["GET"]}}],"collection":[{"href":"https:\/\/apartments-zizic.com\/hr\/wp-json\/wp\/v2\/pages"}],"about":[{"href":"https:\/\/apartments-zizic.com\/hr\/wp-json\/wp\/v2\/types\/page"}],"author":[{"embeddable":true,"href":"https:\/\/apartments-zizic.com\/hr\/wp-json\/wp\/v2\/users\/1"}],"replies":[{"embeddable":true,"href":"https:\/\/apartments-zizic.com\/hr\/wp-json\/wp\/v2\/comments?post=706"}],"version-history":[{"count":2,"href":"https:\/\/apartments-zizic.com\/hr\/wp-json\/wp\/v2\/pages\/706\/revisions"}],"predecessor-version":[{"id":4375,"href":"https:\/\/apartments-zizic.com\/hr\/wp-json\/wp\/v2\/pages\/706\/revisions\/4375"}],"wp:attachment":[{"href":"https:\/\/apartments-zizic.com\/hr\/wp-json\/wp\/v2\/media?parent=706"}],"curies":[{"name":"wp","href":"https:\/\/api.w.org\/{rel}","templated":true}]}}