{"id":688,"date":"2012-11-12T05:29:08","date_gmt":"2012-11-12T05:29:08","guid":{"rendered":"http:\/\/apartments-zizic.com\/safety-notices-2\/"},"modified":"2020-01-08T03:14:15","modified_gmt":"2020-01-08T03:14:15","slug":"upozorenja","status":"publish","type":"page","link":"https:\/\/apartments-zizic.com\/hr\/upozorenja\/","title":{"rendered":"Upozorenja"},"content":{"rendered":"<div class=\"fusion-fullwidth fullwidth-box fusion-builder-row-1 nonhundred-percent-fullwidth non-hundred-percent-height-scrolling\" style=\"--awb-border-radius-top-left:0px;--awb-border-radius-top-right:0px;--awb-border-radius-bottom-right:0px;--awb-border-radius-bottom-left:0px;--awb-flex-wrap:wrap;\" ><div class=\"fusion-builder-row fusion-row\"><div class=\"fusion-layout-column fusion_builder_column fusion-builder-column-0 fusion_builder_column_1_1 1_1 fusion-one-full fusion-column-first fusion-column-last\" style=\"--awb-bg-size:cover;--awb-margin-bottom:0px;\"><div class=\"fusion-column-wrapper fusion-flex-column-wrapper-legacy\"><div class=\"fusion-text fusion-text-1\"><h1>Upozorenja<br \/><\/h1>\n<h2>Cestovni promet<\/h2>\n<p>U na\u0161oj zemlji ljeti istovremeno boravi vi\u0161e od milijun turista, ve\u0107ina ih na odmor kre\u0107e automobilom pa su gu\u017eve na cestama velike i doga\u0111a se veliki broj prometnih nesre\u0107a.<\/p>\n<ul>\n<li><strong>Budite strpljivi<\/strong> u prometu i <strong>po\u0161tujte propise<\/strong> <strong>i znakove<\/strong>.<\/li>\n<li><strong>Ne kre\u0107ite na put umorni ili pijani<\/strong>.<\/li>\n<li>Ako ste vozili cijelu no\u0107, <strong>stanite negdje i odmorite se<\/strong>. Mnogo nesre\u0107a uzrokuju upravo voza\u010di koji su umorni jer su vozili cijelu no\u0107.<\/li>\n<\/ul>\n<h2>More i pomorski promet<\/h2>\n<p>Svake godine zbog neiskustva, precjenjivanja vlastitih mogu\u0107nosti ili nebrige, u moru strada mnogo ljudi. Zato pa\u017eljivo pro\u010ditajte sljede\u0107e upute:<\/p>\n<ul>\n<li>Ako \u017eelite iznajmiti brod ili neko drugo plovilo, <strong>obavezno prije isplovljavanja provjerite vremensku prognozu<\/strong> i da li postoje upozorenja za nevrijeme ili jak vjetar. U tom slu\u010daju nemojte isplovljavati ili vodite ra\u010duna da se mo\u017eete u vrlo kratkom vremenu negdje skloniti.<\/li>\n<li><strong>Ljetna nevremena su nepredvidiva<\/strong>, traju kratko i podivljaju u samo nekoliko minuta. Zato, ako vidite da se sprema nevrijeme, ne plivajte predaleko od obale i ne isplovljavajte brodom.<\/li>\n<li>Brodovima je <strong>glisiranje<\/strong> dozvoljeno samo <strong>ako su od obale udaljeni najmanje 300 m.<\/strong><\/li>\n<li><strong>Ne plivajte predaleko od obale<\/strong> zbog opasnosti od umora ili naleta broda, jet-skija ili glisera.<\/li>\n<li>Izbjegavajte <strong>boravak na suncu cijeli dan.<\/strong><\/li>\n<li>\u010cak i ako vam se kopno nasuprot obale gdje se nalazite \u010dini blizu, <strong>nipo\u0161to ne poku\u0161avajte preplivati do tamo<\/strong>. Svake godine nekoliko ljudi strada poku\u0161avaju\u0107i preplivati sa jedne obale na drugu. To rade pliva\u010di maratonci koji se za takve pothvate pripremaju mjesecima.<\/li>\n<li><strong>Djecu i neiskusne pliva\u010de stalno dr\u017eite na oku<\/strong> dok su pokraj mora ili u moru.<\/li>\n<li>Po\u0161tujte more i njegove karakteristike &#8211; <strong>more nije jezero!<\/strong><\/li>\n<\/ul>\n<h2>Pje\u0161a\u010denje i planinarenje<\/h2>\n<ul>\n<li>Ako idete pje\u0161a\u010diti ili planinariti <strong>obucite odgovaraju\u0107u obu\u0107u<\/strong>, obucite <strong>odgovaraju\u0107u odje\u0107u<\/strong> i ponesite <strong>dovoljno vode<\/strong><\/li>\n<li><strong>Uvijek noste mobilni telefon<\/strong> za slu\u010daj da trebate pomo\u0107<\/li>\n<li>Ne idite u \u0161etnju ili planinarenje prije no\u0107i. Ako ve\u0107 idete, ponesite <strong>svjetlo<\/strong> i odgovaraju\u0107u <strong>odje\u0107u<\/strong>.<\/li>\n<li>Na planinama <strong>uvijek pratite oznake<\/strong> staza. <strong>Ne izmi\u0161ljajte nove puteve i smjerove<\/strong> osim ako planinu ne poznate iznimno dobro.<\/li>\n<li>Po\u0161tujte prirodu i njene karakteristike, ne podcjenjujte vremenske uvjete i teren.<\/li>\n<\/ul>\n<h2>Po\u017eari<\/h2>\n<p>Zbog uobi\u010dajenih ljetnih su\u0161a i visokih temperatura na na\u0161oj obali, \u010dak i najmanji plamen ili iskra mogu se pretvoriti u razoran po\u017ear.<\/p>\n<ul>\n<li><strong>Primijetite li po\u017ear<\/strong>, obavijestite ostale osobe u va\u0161oj okolini te <strong>odmah dojavite vatrogascima<\/strong> na broj telefona <strong>93<\/strong> ili na <strong>jedinstveni broj za hitne slu\u017ebe 112<\/strong>.<\/li>\n<li>Do dolaska vatrogasaca <strong>poku\u0161ajte ugasiti vatru<\/strong>, ali tako da ne ugrozite sebe i ostale!<\/li>\n<li>Paljenje vatre na otvorenom <strong>zakonom je zabranjeno u razoblju od 1.6. do 31.10.<\/strong><\/li>\n<li>Nipo\u0161to <strong>ne palite ro\u0161tilj<\/strong> kada je <strong>prejak vjetar<\/strong><\/li>\n<li>Nikada <strong>ne bacajte opu\u0161ke<\/strong> cigareta iz automobila<\/li>\n<li>Pripazite na cigarete ili <strong>bilo kakav otvoreni plamen<\/strong> i dok se nalazite u prirodi<\/li>\n<li><strong>Po\u0161tujte znakove<\/strong> zabrane paljenja vatre<\/li>\n<li><strong>Pazite da<\/strong> va\u0161a parkirana <strong>vozila ne zatvaraju vatrogasne pristupe<\/strong> i prilaze<\/li>\n<\/ul>\n<h2>Va\u017eni telefonski brojevi<\/h2>\n<ul>\n<li><b>112 &#8211; jedinstveni broj za hitne slu\u017ebe<\/b><\/li>\n<li>192 &#8211; policija<\/li>\n<li>193 &#8211; vatrogasci<\/li>\n<li>194 &#8211; hitna pomo\u0107<\/li>\n<li>195 &#8211; spa\u0161avanje na moru<\/li>\n<li>1987 &#8211; Hrvatski autoklub<\/li>\n<\/ul>\n<\/div><div class=\"fusion-clearfix\"><\/div><\/div><\/div><\/div><\/div>\n","protected":false},"excerpt":{"rendered":"","protected":false},"author":1,"featured_media":0,"parent":0,"menu_order":0,"comment_status":"closed","ping_status":"open","template":"","meta":{"ngg_post_thumbnail":0,"footnotes":""},"class_list":["post-688","page","type-page","status-publish","hentry"],"yoast_head":"<!-- This site is optimized with the Yoast SEO plugin v27.0 - https:\/\/yoast.com\/product\/yoast-seo-wordpress\/ -->\n<title>Upozorenja | Apartments Zizic - Accommodation - Slatine - \u010ciovo island<\/title>\n<meta name=\"robots\" content=\"index, follow, max-snippet:-1, max-image-preview:large, max-video-preview:-1\" \/>\n<link rel=\"canonical\" href=\"https:\/\/apartments-zizic.com\/hr\/upozorenja\/\" \/>\n<meta property=\"og:locale\" content=\"hr_HR\" \/>\n<meta property=\"og:type\" content=\"article\" \/>\n<meta property=\"og:title\" content=\"Upozorenja | Apartments Zizic - Accommodation - Slatine - \u010ciovo island\" \/>\n<meta property=\"og:url\" content=\"https:\/\/apartments-zizic.com\/hr\/upozorenja\/\" \/>\n<meta property=\"og:site_name\" content=\"Apartments Zizic - Accommodation - Slatine - \u010ciovo island\" \/>\n<meta property=\"article:publisher\" content=\"https:\/\/www.facebook.com\/apartments.zizic.croatia\/\" \/>\n<meta property=\"article:modified_time\" content=\"2020-01-08T03:14:15+00:00\" \/>\n<meta name=\"twitter:label1\" content=\"Procijenjeno vrijeme \u010ditanja\" \/>\n\t<meta name=\"twitter:data1\" content=\"3 minute\" \/>\n<script type=\"application\/ld+json\" class=\"yoast-schema-graph\">{\"@context\":\"https:\/\/schema.org\",\"@graph\":[{\"@type\":\"WebPage\",\"@id\":\"https:\/\/apartments-zizic.com\/hr\/upozorenja\/\",\"url\":\"https:\/\/apartments-zizic.com\/hr\/upozorenja\/\",\"name\":\"Upozorenja | Apartments Zizic - Accommodation - Slatine - \u010ciovo island\",\"isPartOf\":{\"@id\":\"https:\/\/apartments-zizic.com\/hr\/#website\"},\"datePublished\":\"2012-11-12T05:29:08+00:00\",\"dateModified\":\"2020-01-08T03:14:15+00:00\",\"breadcrumb\":{\"@id\":\"https:\/\/apartments-zizic.com\/hr\/upozorenja\/#breadcrumb\"},\"inLanguage\":\"hr\",\"potentialAction\":[{\"@type\":\"ReadAction\",\"target\":[\"https:\/\/apartments-zizic.com\/hr\/upozorenja\/\"]}]},{\"@type\":\"BreadcrumbList\",\"@id\":\"https:\/\/apartments-zizic.com\/hr\/upozorenja\/#breadcrumb\",\"itemListElement\":[{\"@type\":\"ListItem\",\"position\":1,\"name\":\"Home\",\"item\":\"https:\/\/apartments-zizic.com\/hr\/pocetna\/\"},{\"@type\":\"ListItem\",\"position\":2,\"name\":\"Upozorenja\"}]},{\"@type\":\"WebSite\",\"@id\":\"https:\/\/apartments-zizic.com\/hr\/#website\",\"url\":\"https:\/\/apartments-zizic.com\/hr\/\",\"name\":\"Apartments Zizic - Accommodation - Slatine - \u010ciovo island\",\"description\":\"Vacation rental, apartments, accommodation\",\"publisher\":{\"@id\":\"https:\/\/apartments-zizic.com\/hr\/#organization\"},\"potentialAction\":[{\"@type\":\"SearchAction\",\"target\":{\"@type\":\"EntryPoint\",\"urlTemplate\":\"https:\/\/apartments-zizic.com\/hr\/?s={search_term_string}\"},\"query-input\":{\"@type\":\"PropertyValueSpecification\",\"valueRequired\":true,\"valueName\":\"search_term_string\"}}],\"inLanguage\":\"hr\"},{\"@type\":\"Organization\",\"@id\":\"https:\/\/apartments-zizic.com\/hr\/#organization\",\"name\":\"Apartments Zizic\",\"url\":\"https:\/\/apartments-zizic.com\/hr\/\",\"logo\":{\"@type\":\"ImageObject\",\"inLanguage\":\"hr\",\"@id\":\"https:\/\/apartments-zizic.com\/hr\/#\/schema\/logo\/image\/\",\"url\":\"\",\"contentUrl\":\"\",\"caption\":\"Apartments Zizic\"},\"image\":{\"@id\":\"https:\/\/apartments-zizic.com\/hr\/#\/schema\/logo\/image\/\"},\"sameAs\":[\"https:\/\/www.facebook.com\/apartments.zizic.croatia\/\"]}]}<\/script>\n<!-- \/ Yoast SEO plugin. -->","yoast_head_json":{"title":"Upozorenja | Apartments Zizic - Accommodation - Slatine - \u010ciovo island","robots":{"index":"index","follow":"follow","max-snippet":"max-snippet:-1","max-image-preview":"max-image-preview:large","max-video-preview":"max-video-preview:-1"},"canonical":"https:\/\/apartments-zizic.com\/hr\/upozorenja\/","og_locale":"hr_HR","og_type":"article","og_title":"Upozorenja | Apartments Zizic - Accommodation - Slatine - \u010ciovo island","og_url":"https:\/\/apartments-zizic.com\/hr\/upozorenja\/","og_site_name":"Apartments Zizic - Accommodation - Slatine - \u010ciovo island","article_publisher":"https:\/\/www.facebook.com\/apartments.zizic.croatia\/","article_modified_time":"2020-01-08T03:14:15+00:00","twitter_misc":{"Procijenjeno vrijeme \u010ditanja":"3 minute"},"schema":{"@context":"https:\/\/schema.org","@graph":[{"@type":"WebPage","@id":"https:\/\/apartments-zizic.com\/hr\/upozorenja\/","url":"https:\/\/apartments-zizic.com\/hr\/upozorenja\/","name":"Upozorenja | Apartments Zizic - Accommodation - Slatine - \u010ciovo island","isPartOf":{"@id":"https:\/\/apartments-zizic.com\/hr\/#website"},"datePublished":"2012-11-12T05:29:08+00:00","dateModified":"2020-01-08T03:14:15+00:00","breadcrumb":{"@id":"https:\/\/apartments-zizic.com\/hr\/upozorenja\/#breadcrumb"},"inLanguage":"hr","potentialAction":[{"@type":"ReadAction","target":["https:\/\/apartments-zizic.com\/hr\/upozorenja\/"]}]},{"@type":"BreadcrumbList","@id":"https:\/\/apartments-zizic.com\/hr\/upozorenja\/#breadcrumb","itemListElement":[{"@type":"ListItem","position":1,"name":"Home","item":"https:\/\/apartments-zizic.com\/hr\/pocetna\/"},{"@type":"ListItem","position":2,"name":"Upozorenja"}]},{"@type":"WebSite","@id":"https:\/\/apartments-zizic.com\/hr\/#website","url":"https:\/\/apartments-zizic.com\/hr\/","name":"Apartments Zizic - Accommodation - Slatine - \u010ciovo island","description":"Vacation rental, apartments, accommodation","publisher":{"@id":"https:\/\/apartments-zizic.com\/hr\/#organization"},"potentialAction":[{"@type":"SearchAction","target":{"@type":"EntryPoint","urlTemplate":"https:\/\/apartments-zizic.com\/hr\/?s={search_term_string}"},"query-input":{"@type":"PropertyValueSpecification","valueRequired":true,"valueName":"search_term_string"}}],"inLanguage":"hr"},{"@type":"Organization","@id":"https:\/\/apartments-zizic.com\/hr\/#organization","name":"Apartments Zizic","url":"https:\/\/apartments-zizic.com\/hr\/","logo":{"@type":"ImageObject","inLanguage":"hr","@id":"https:\/\/apartments-zizic.com\/hr\/#\/schema\/logo\/image\/","url":"","contentUrl":"","caption":"Apartments Zizic"},"image":{"@id":"https:\/\/apartments-zizic.com\/hr\/#\/schema\/logo\/image\/"},"sameAs":["https:\/\/www.facebook.com\/apartments.zizic.croatia\/"]}]}},"_links":{"self":[{"href":"https:\/\/apartments-zizic.com\/hr\/wp-json\/wp\/v2\/pages\/688","targetHints":{"allow":["GET"]}}],"collection":[{"href":"https:\/\/apartments-zizic.com\/hr\/wp-json\/wp\/v2\/pages"}],"about":[{"href":"https:\/\/apartments-zizic.com\/hr\/wp-json\/wp\/v2\/types\/page"}],"author":[{"embeddable":true,"href":"https:\/\/apartments-zizic.com\/hr\/wp-json\/wp\/v2\/users\/1"}],"replies":[{"embeddable":true,"href":"https:\/\/apartments-zizic.com\/hr\/wp-json\/wp\/v2\/comments?post=688"}],"version-history":[{"count":1,"href":"https:\/\/apartments-zizic.com\/hr\/wp-json\/wp\/v2\/pages\/688\/revisions"}],"predecessor-version":[{"id":4123,"href":"https:\/\/apartments-zizic.com\/hr\/wp-json\/wp\/v2\/pages\/688\/revisions\/4123"}],"wp:attachment":[{"href":"https:\/\/apartments-zizic.com\/hr\/wp-json\/wp\/v2\/media?parent=688"}],"curies":[{"name":"wp","href":"https:\/\/api.w.org\/{rel}","templated":true}]}}