{"id":674,"date":"2012-10-27T13:31:37","date_gmt":"2012-10-27T13:31:37","guid":{"rendered":"http:\/\/apartments-zizic.com\/museums-in-trogir-2\/"},"modified":"2020-01-08T03:40:11","modified_gmt":"2020-01-08T03:40:11","slug":"muzeji-u-trogiru","status":"publish","type":"page","link":"https:\/\/apartments-zizic.com\/hr\/muzeji-u-trogiru\/","title":{"rendered":"Muzeji u Trogiru"},"content":{"rendered":"<div class=\"fusion-fullwidth fullwidth-box fusion-builder-row-1 nonhundred-percent-fullwidth non-hundred-percent-height-scrolling\" style=\"--awb-border-radius-top-left:0px;--awb-border-radius-top-right:0px;--awb-border-radius-bottom-right:0px;--awb-border-radius-bottom-left:0px;--awb-flex-wrap:wrap;\" ><div class=\"fusion-builder-row fusion-row\"><div class=\"fusion-layout-column fusion_builder_column fusion-builder-column-0 fusion_builder_column_1_1 1_1 fusion-one-full fusion-column-first fusion-column-last\" style=\"--awb-bg-size:cover;--awb-margin-bottom:0px;\"><div class=\"fusion-column-wrapper fusion-flex-column-wrapper-legacy\"><div class=\"fusion-title title fusion-title-1 fusion-sep-none fusion-title-text fusion-title-size-one\"><h1 class=\"fusion-title-heading title-heading-left\" style=\"margin:0;\">Muzeji u Trogiru<\/h1><\/div><div class=\"fusion-text fusion-text-1\"><h4>Muzej grada Trogira<\/h4>\n<p>Muzej se nalazi nedaleko od sjevernih gradskih vrata.<br \/>\n<strong><strong>Adresa<\/strong>:<\/strong> Gradska vrata 4, 21220 Trogir<br \/>\n<strong>Telefon:<\/strong> +385 (0)21 881 406, +385 (0)21 796 046<br \/>\n<strong>E-mail:<\/strong> muzej-grada-trogira@st.t-com.hr<\/p>\n<p><strong><strong>Radno vrijeme:<\/strong><\/strong><\/p>\n<ul>\n<li><strong>Listopad &#8211; svibanj<\/strong>: 9 &#8211; 14 h (zatvoreno subotom i nedjeljom)<\/li>\n<li><strong>Lipanj i rujan:<\/strong> 9 &#8211; 12 h, 17 &#8211; 20 h (zatvoreno nedjeljom)<\/li>\n<li><strong>Srpanj i kolovoz:<\/strong> 9 &#8211; 13 h, 16.30 &#8211; 21.30 h (otvoreno svaki dan)<\/li>\n<\/ul>\n<p style=\"text-align: justify;\">Muzej grada Trogira smje\u0161ten je u sklopu vi\u0161e pala\u010da i ku\u0107a \u0161to su od XVIII stolje\u0107a u vlasni\u0161tvu Obitelji Garagnin, porijeklom iz Venecije. Kako se ova obitelj u XIX. stolje\u0107u orodila s uglednom obitelji Fanfogna iz Zadra (porijeklom su iz Bosne) iz koje su se ina\u010de tradicionalno birali zapovjednici hrvatskih konjanika u mleta\u010dkoj vojsci, tako se po njima i pala\u010da naziva Garagnin-Fanfogna. Iz obitelji Garagnin osobito su poznati u XVIII. stolje\u0107u Ivan-Luka (Gian Luca) Garagnin, splitski nadbiskup, primas Hrvatske, a po\u010detkom XIX. stolje\u0107a njegovi ne\u0107aci Ivan Luka, polihistorik, agronom, prvi dalmatinski konzervator, te Dominik koji je u Dubrovniku, za vrijeme Francuza, kao istaknuti frankofil, namjesnik nove vlasti.<\/p>\n<p style=\"text-align: justify;\">Na kopnu je njihov perivoj u kojem su uzgajali rijetke biljke i ugra\u0111ivali anti\u010dke natpise; zgrade im je projektirao poznati mleta\u010dki arhitekt iz doba klasicizma Giannantonio Selva.<\/p>\n<p style=\"text-align: justify;\">Na pala\u010di Garagnin-Fanfogna zapa\u017eaju se stilski tragovi od romanike na ovamo. Sredi\u0161nji je objekt dosljedno zdanje sazdano u XVIII. stolje\u0107u. U muzeju se nalazi i bogata biblioteka ove obitelji s djelima iz svih podru\u010dja ljudskog znanja, posebno iz agrikulture jer je Ivan Luka Garagnin (1764-1841) nastojao unaprijediti privredu u Dalmaciji. U biblioteci je prona\u0111en i \u010duveni spis tzv. Pacta Conventa iliti Qualiter (\u010duva se danas u Budimpe\u0161ti) koji govori o navodnom ugovoru hrvatskog plemstva s ugarskim vladarem. U muzeju su izlo\u017eeni raznovrsni dokumenti&nbsp; i antikviteti koji ilustriraju tokove trogirske povijesti.<\/p>\n<p style=\"text-align: justify;\">Uz dvori\u0161te muzeja, u nekada\u0161njoj gospodarskoj zgradi, izlo\u017eene su slike suvremene slikarice, Trogirke Cate Duj\u0161in-Ribar.<\/p>\n<p style=\"text-align: justify;\">U prizemlju iste zgrade konzervirani su arheolo\u0161ki nalazi pretpovijesnih, gr\u010dko-rimskih i kasnoanti\u010dkih ku\u0107a. U toj prostoriji smje\u0161ten je lapidarij koji prezentira povijest trogirskog kamenarstva. Me\u0111u ostalim izlo\u017eene su i skulpture najzna\u010dajnijih osoba iz povijesti renesansnog kiparstva u Dalmaciji, Nikole Firentinca i Ivana Duknovi\u0107a.<\/p>\n<h4 style=\"text-align: justify;\">Zbirka umjetnina &#8220;Kairos&#8221;<\/h4>\n<p style=\"text-align: justify;\">Zburku Kairos mo\u017eete vidjeti u Benediktinskom samostanu u sklopu crkve Sv. Nikole u Trogiru.<br \/>\n<strong><strong>Adresa<\/strong>:<\/strong> Gradska 2, 21220 Trogir<br \/>\n<strong><strong>Telefon<\/strong>:<\/strong> +385 (0)21 881 631<\/p>\n<p><strong><strong>Radno vrijeme:<\/strong><\/strong><\/p>\n<ul>\n<li>Za posjetitelje otvoreno u ljetnim mjesecima<\/li>\n<li><strong>Ponedjeljak &#8211; nedjelja:<\/strong> 10 &#8211; 12 h i 16 &#8211; 18:30 h<\/li>\n<\/ul>\n<p style=\"text-align: justify;\">Zbirka nosi ime po &#8220;Kairosu&#8221; (bogu sretnog trenutka), starogr\u010dkom reljefu u kamenu, datiranom u 4. st. ili na po\u010detak 3. st. pr. Krista. Smatra se radom nepoznate atenske radionice. Iz arheolo\u0161ke zbirke izlo\u017eeni su i dio anti\u010dkog sarkofaga s prikazom Ahileja iz 3. st., natpisi i pleterna plastika.<\/p>\n<p style=\"text-align: justify;\">Zanimljiva je rekonstrukcija kamenoga oltarskog ciborija iz 14. st. Me\u0111u slikama se isti\u010du &#8220;Bogorodica s Djetetom&#8221;, tempera na drvenoj tabli, rad nepoznatog autora iz kasnog 13. st.; slikano &#8220;Raspelo&#8221;, tako\u0111er tempera na drvu, Paola Veneziana iz 14. st.; &#8220;Bogorodica s Djetetom&#8221;, drveni oslikani poliptih s po\u010detka 15. st.; dvije slike iz 15. st. &#8220;Bogorodica s Djetetom&#8221; i &#8220;Sv. Benedikt&#8221;. Izlo\u017eene su i ikone italo-kretskog podrijetla iz 16. &#8211; 18. st. Od baroknih slika vrijedan je ciklus portreta svetica i svetaca iz 18. st. Nicoloa Grassija, Venecijanca.<\/p>\n<p style=\"text-align: justify;\">Od skulptura se isti\u010de &#8220;Bogorodica s Djetetom&#8221;, drveni goti\u010dki kip iz 15. st. Samostan posjeduje i lijepu zbirku, uglavnom baroknih srebrnih liturgijskih predmeta i ruha, te vrijednu zbirku \u010dipki, me\u0111u kojima su najstarije one iz 18. st. Me\u0111u knjigama su iznimno vrijedni antifonar iz 14. st. i &#8220;Vartal&#8221; Petra Luci\u0107a (oko 1550. &#8211; 1614.), najstarija antologija hrvatske lirike.<\/p>\n<h4>Muzej sakralne umjetnosti<\/h4>\n<p style=\"text-align: justify;\"><strong><strong>Adresa<\/strong>:<\/strong> Trg Ivana Pavla II\/6, 21220 Trogir<br \/>\n<strong><strong>Telefon<\/strong>:<\/strong> +385 (0)21 884 777<\/p>\n<p><strong><strong>Radno vrijeme:<\/strong><\/strong><\/p>\n<ul>\n<li>Za posjetitelje otvoreno u ljetnim mjesecima, zimi uz najavu<\/li>\n<li><strong> <strong>Ponedjeljak &#8211; nedjelja<\/strong><\/strong>: 9 &#8211; 19 h<\/li>\n<\/ul>\n<p style=\"text-align: justify;\">2005. godine obnovljen je \u017eupni dvor i u njemu su na prvom katu tri male prostorije u kojima je Muzej sakralne umjetnosti. Tu su izlo\u017eena remek djela slikarstva od 13. do 16. st. iz katedrale, drugih trogirskih crkava, te s otoka \u010ciova. -8 Me\u0111u eksponatima isti\u010du se: &#8211; Djelomi\u010dno sa\u010duvan poliptih Bogorodice s djetetom i svecima s glavnog oltara stolnice iz 13. stolje\u0107a &#8211; Tri djela doma\u0107eg majstora Bla\u017ea Jurjeva Trogiranina: Bogorodica u Ru\u017ei\u010dnjaku, 1433., iz katedrale; Raspelo, 1440., iz Gospe od Karmena i poliptih Bogorodica s djetetom i svecima Sv. Ivana Krstitelja &#8211; Bogorodica s djetetom, Quirizia da Murana, 1461.-78. &#8211; Bogorodica s djetetom, oko 1350. i srebrni okov iz 18. stolje\u0107a &#8211; poliptih iz crkve Gospe kraj mora Bogorodica s djetetom i svecima, vjerojatno djelo Dujma Vu\u0161kovi\u0107a.<\/p>\n<p style=\"text-align: justify;\">Muzej izla\u017ee slike od 14. do 18. stolje\u0107a, od Raspela iz 1325. godine, doma\u0107e slikarske radionice, oslikanih vratnica orgulja katedrale Gentile Bellinija s prikazima sv. Jeronima i sv. Ivana Krstitelja iz 1489. godine do djela 18. stolje\u0107a. Ovdje je privremeno izlo\u017een otkupljeni reljefa Bogorodica s djetetom Ivana Duknovi\u0107a Izlo\u017eene su i matrikula bratov\u0161tine sv. Duha, crkveni kodeksi, te kodeks Petra \u0106ipika.<\/p>\n<h4>Kolekcija Dominikanskog samostana<\/h4>\n<p style=\"text-align: justify;\">Kolekcija se nalazi u samostanu Sv. Dominika koji je smje\u0161ten na rivi, blizu kule Kamerlengo.<br \/>\n<strong>Adresa:<\/strong> Augustina Ka\u017eoti\u0107a 1, 21220 Trogir<br \/>\n<strong><strong>Telefon<\/strong>:<\/strong> +385 (0)21 881 968<\/p>\n<p style=\"text-align: justify;\"><strong><strong>Radno vrijeme:<\/strong><\/strong><\/p>\n<ul>\n<li>Za posjetitelje otvoreno u ljetnim mjesecima<\/li>\n<li><strong><strong><strong>Ponedjeljak &#8211; subota<\/strong><\/strong>:<\/strong> 9 &#8211; 12 h and 15 &#8211; 18 h (closed on Sunday)<\/li>\n<\/ul>\n<p style=\"text-align: justify;\">Zbirka sadr\u017eava slike, drvenu plastiku te liturgijske metalne predmete. Od slika se isti\u010de njih jedanaest, a sve su iznimno vrijedne. Od njih izdvajamo \u0161estodijelni poliptih, djelo Bla\u017ea Jurja Trogiranina iz prve polovice 15. st.; renesansnu oltarnu palu &#8220;Gospe s djetetom i svecima&#8221; s kraja 16. st. te &#8220;Obrezanje Kristovo u hramu&#8221;, venecijanskoga ranobaroknog slikara Palme Mla\u0111eg iz 1607. g. Slika &#8220;Gospe od Ru\u017earija&#8221; s prikazom Lepantske bitke, s kraja 16. ili po\u010detka 17. st., potje\u010de iz radionice Bassano. Jedan medaljon, &#8220;Gospa s Djetetom i sv. Ivanom Krstiteljem&#8221;, pripisuje se \u0161ibenskom slikaru Jurju \u010culinovi\u0107u.<\/p>\n<p style=\"text-align: justify;\">Od drvene plastike isti\u010de se &#8220;Golgota&#8221;, plitki duborez u renesansnom stilu iz 16. st., a od kamene plastike valja spomenuti goti\u010dku &#8220;Madonu Dolores&#8221; (&#8220;\u017dalosnu Gospu&#8221;) iz 15. st. te uzidani triptih s likovima sv. Ivana Trogirskog, sv. Jere i sv. Lovre iz kruga poznatoga renesansnog kipara Nikole Firentinca. Od liturgijskih metalnih predmeta posebno su vrijedni srebrni pozla\u0107eni goti\u010dki relikvijari iz 15. st., koji su se prije nalazili u crkvi Sv. Kri\u017ea na \u010ciovu.<\/p>\n<p style=\"text-align: justify;\">Izvor: <a href=\"http:\/\/www.mdc.hr\/hr\/\">http:\/\/www.mdc.hr\/hr\/<\/a><\/p>\n<\/div><div class=\"fusion-clearfix\"><\/div><\/div><\/div><\/div><\/div>\n","protected":false},"excerpt":{"rendered":"","protected":false},"author":1,"featured_media":0,"parent":0,"menu_order":0,"comment_status":"closed","ping_status":"open","template":"","meta":{"ngg_post_thumbnail":0,"footnotes":""},"class_list":["post-674","page","type-page","status-publish","hentry"],"yoast_head":"<!-- This site is optimized with the Yoast SEO plugin v27.0 - https:\/\/yoast.com\/product\/yoast-seo-wordpress\/ -->\n<title>Muzeji u Trogiru | Apartments Zizic - Accommodation - Slatine - \u010ciovo island<\/title>\n<meta name=\"robots\" content=\"index, follow, max-snippet:-1, max-image-preview:large, max-video-preview:-1\" \/>\n<link rel=\"canonical\" href=\"https:\/\/apartments-zizic.com\/hr\/muzeji-u-trogiru\/\" \/>\n<meta property=\"og:locale\" content=\"hr_HR\" \/>\n<meta property=\"og:type\" content=\"article\" \/>\n<meta property=\"og:title\" content=\"Muzeji u Trogiru | Apartments Zizic - Accommodation - Slatine - \u010ciovo island\" \/>\n<meta property=\"og:url\" content=\"https:\/\/apartments-zizic.com\/hr\/muzeji-u-trogiru\/\" \/>\n<meta property=\"og:site_name\" content=\"Apartments Zizic - Accommodation - Slatine - \u010ciovo island\" \/>\n<meta property=\"article:publisher\" content=\"https:\/\/www.facebook.com\/apartments.zizic.croatia\/\" \/>\n<meta property=\"article:modified_time\" content=\"2020-01-08T03:40:11+00:00\" \/>\n<meta name=\"twitter:label1\" content=\"Procijenjeno vrijeme \u010ditanja\" \/>\n\t<meta name=\"twitter:data1\" content=\"6 minuta\" \/>\n<script type=\"application\/ld+json\" class=\"yoast-schema-graph\">{\"@context\":\"https:\/\/schema.org\",\"@graph\":[{\"@type\":\"WebPage\",\"@id\":\"https:\/\/apartments-zizic.com\/hr\/muzeji-u-trogiru\/\",\"url\":\"https:\/\/apartments-zizic.com\/hr\/muzeji-u-trogiru\/\",\"name\":\"Muzeji u Trogiru | Apartments Zizic - Accommodation - Slatine - \u010ciovo island\",\"isPartOf\":{\"@id\":\"https:\/\/apartments-zizic.com\/hr\/#website\"},\"datePublished\":\"2012-10-27T13:31:37+00:00\",\"dateModified\":\"2020-01-08T03:40:11+00:00\",\"breadcrumb\":{\"@id\":\"https:\/\/apartments-zizic.com\/hr\/muzeji-u-trogiru\/#breadcrumb\"},\"inLanguage\":\"hr\",\"potentialAction\":[{\"@type\":\"ReadAction\",\"target\":[\"https:\/\/apartments-zizic.com\/hr\/muzeji-u-trogiru\/\"]}]},{\"@type\":\"BreadcrumbList\",\"@id\":\"https:\/\/apartments-zizic.com\/hr\/muzeji-u-trogiru\/#breadcrumb\",\"itemListElement\":[{\"@type\":\"ListItem\",\"position\":1,\"name\":\"Home\",\"item\":\"https:\/\/apartments-zizic.com\/hr\/pocetna\/\"},{\"@type\":\"ListItem\",\"position\":2,\"name\":\"Muzeji u Trogiru\"}]},{\"@type\":\"WebSite\",\"@id\":\"https:\/\/apartments-zizic.com\/hr\/#website\",\"url\":\"https:\/\/apartments-zizic.com\/hr\/\",\"name\":\"Apartments Zizic - Accommodation - Slatine - \u010ciovo island\",\"description\":\"Vacation rental, apartments, accommodation\",\"publisher\":{\"@id\":\"https:\/\/apartments-zizic.com\/hr\/#organization\"},\"potentialAction\":[{\"@type\":\"SearchAction\",\"target\":{\"@type\":\"EntryPoint\",\"urlTemplate\":\"https:\/\/apartments-zizic.com\/hr\/?s={search_term_string}\"},\"query-input\":{\"@type\":\"PropertyValueSpecification\",\"valueRequired\":true,\"valueName\":\"search_term_string\"}}],\"inLanguage\":\"hr\"},{\"@type\":\"Organization\",\"@id\":\"https:\/\/apartments-zizic.com\/hr\/#organization\",\"name\":\"Apartments Zizic\",\"url\":\"https:\/\/apartments-zizic.com\/hr\/\",\"logo\":{\"@type\":\"ImageObject\",\"inLanguage\":\"hr\",\"@id\":\"https:\/\/apartments-zizic.com\/hr\/#\/schema\/logo\/image\/\",\"url\":\"\",\"contentUrl\":\"\",\"caption\":\"Apartments Zizic\"},\"image\":{\"@id\":\"https:\/\/apartments-zizic.com\/hr\/#\/schema\/logo\/image\/\"},\"sameAs\":[\"https:\/\/www.facebook.com\/apartments.zizic.croatia\/\"]}]}<\/script>\n<!-- \/ Yoast SEO plugin. -->","yoast_head_json":{"title":"Muzeji u Trogiru | Apartments Zizic - Accommodation - Slatine - \u010ciovo island","robots":{"index":"index","follow":"follow","max-snippet":"max-snippet:-1","max-image-preview":"max-image-preview:large","max-video-preview":"max-video-preview:-1"},"canonical":"https:\/\/apartments-zizic.com\/hr\/muzeji-u-trogiru\/","og_locale":"hr_HR","og_type":"article","og_title":"Muzeji u Trogiru | Apartments Zizic - Accommodation - Slatine - \u010ciovo island","og_url":"https:\/\/apartments-zizic.com\/hr\/muzeji-u-trogiru\/","og_site_name":"Apartments Zizic - Accommodation - Slatine - \u010ciovo island","article_publisher":"https:\/\/www.facebook.com\/apartments.zizic.croatia\/","article_modified_time":"2020-01-08T03:40:11+00:00","twitter_misc":{"Procijenjeno vrijeme \u010ditanja":"6 minuta"},"schema":{"@context":"https:\/\/schema.org","@graph":[{"@type":"WebPage","@id":"https:\/\/apartments-zizic.com\/hr\/muzeji-u-trogiru\/","url":"https:\/\/apartments-zizic.com\/hr\/muzeji-u-trogiru\/","name":"Muzeji u Trogiru | Apartments Zizic - Accommodation - Slatine - \u010ciovo island","isPartOf":{"@id":"https:\/\/apartments-zizic.com\/hr\/#website"},"datePublished":"2012-10-27T13:31:37+00:00","dateModified":"2020-01-08T03:40:11+00:00","breadcrumb":{"@id":"https:\/\/apartments-zizic.com\/hr\/muzeji-u-trogiru\/#breadcrumb"},"inLanguage":"hr","potentialAction":[{"@type":"ReadAction","target":["https:\/\/apartments-zizic.com\/hr\/muzeji-u-trogiru\/"]}]},{"@type":"BreadcrumbList","@id":"https:\/\/apartments-zizic.com\/hr\/muzeji-u-trogiru\/#breadcrumb","itemListElement":[{"@type":"ListItem","position":1,"name":"Home","item":"https:\/\/apartments-zizic.com\/hr\/pocetna\/"},{"@type":"ListItem","position":2,"name":"Muzeji u Trogiru"}]},{"@type":"WebSite","@id":"https:\/\/apartments-zizic.com\/hr\/#website","url":"https:\/\/apartments-zizic.com\/hr\/","name":"Apartments Zizic - Accommodation - Slatine - \u010ciovo island","description":"Vacation rental, apartments, accommodation","publisher":{"@id":"https:\/\/apartments-zizic.com\/hr\/#organization"},"potentialAction":[{"@type":"SearchAction","target":{"@type":"EntryPoint","urlTemplate":"https:\/\/apartments-zizic.com\/hr\/?s={search_term_string}"},"query-input":{"@type":"PropertyValueSpecification","valueRequired":true,"valueName":"search_term_string"}}],"inLanguage":"hr"},{"@type":"Organization","@id":"https:\/\/apartments-zizic.com\/hr\/#organization","name":"Apartments Zizic","url":"https:\/\/apartments-zizic.com\/hr\/","logo":{"@type":"ImageObject","inLanguage":"hr","@id":"https:\/\/apartments-zizic.com\/hr\/#\/schema\/logo\/image\/","url":"","contentUrl":"","caption":"Apartments Zizic"},"image":{"@id":"https:\/\/apartments-zizic.com\/hr\/#\/schema\/logo\/image\/"},"sameAs":["https:\/\/www.facebook.com\/apartments.zizic.croatia\/"]}]}},"_links":{"self":[{"href":"https:\/\/apartments-zizic.com\/hr\/wp-json\/wp\/v2\/pages\/674","targetHints":{"allow":["GET"]}}],"collection":[{"href":"https:\/\/apartments-zizic.com\/hr\/wp-json\/wp\/v2\/pages"}],"about":[{"href":"https:\/\/apartments-zizic.com\/hr\/wp-json\/wp\/v2\/types\/page"}],"author":[{"embeddable":true,"href":"https:\/\/apartments-zizic.com\/hr\/wp-json\/wp\/v2\/users\/1"}],"replies":[{"embeddable":true,"href":"https:\/\/apartments-zizic.com\/hr\/wp-json\/wp\/v2\/comments?post=674"}],"version-history":[{"count":1,"href":"https:\/\/apartments-zizic.com\/hr\/wp-json\/wp\/v2\/pages\/674\/revisions"}],"predecessor-version":[{"id":4134,"href":"https:\/\/apartments-zizic.com\/hr\/wp-json\/wp\/v2\/pages\/674\/revisions\/4134"}],"wp:attachment":[{"href":"https:\/\/apartments-zizic.com\/hr\/wp-json\/wp\/v2\/media?parent=674"}],"curies":[{"name":"wp","href":"https:\/\/api.w.org\/{rel}","templated":true}]}}