{"id":657,"date":"2012-11-12T01:13:38","date_gmt":"2012-11-12T01:13:38","guid":{"rendered":"http:\/\/apartments-zizic.com\/about-croatia-2\/"},"modified":"2020-01-08T01:59:11","modified_gmt":"2020-01-08T01:59:11","slug":"o-hrvatskoj","status":"publish","type":"page","link":"https:\/\/apartments-zizic.com\/hr\/o-hrvatskoj\/","title":{"rendered":"O Hrvatskoj"},"content":{"rendered":"<div class=\"fusion-fullwidth fullwidth-box fusion-builder-row-1 nonhundred-percent-fullwidth non-hundred-percent-height-scrolling\" style=\"--awb-border-radius-top-left:0px;--awb-border-radius-top-right:0px;--awb-border-radius-bottom-right:0px;--awb-border-radius-bottom-left:0px;--awb-flex-wrap:wrap;\" ><div class=\"fusion-builder-row fusion-row\"><div class=\"fusion-layout-column fusion_builder_column fusion-builder-column-0 fusion_builder_column_1_1 1_1 fusion-one-full fusion-column-first fusion-column-last\" style=\"--awb-bg-size:cover;--awb-margin-bottom:0px;\"><div class=\"fusion-column-wrapper fusion-flex-column-wrapper-legacy\"><div class=\"fusion-title title fusion-title-1 fusion-sep-none fusion-title-text fusion-title-size-one\"><h1 class=\"fusion-title-heading title-heading-left\" style=\"margin:0;\"><h1>O Hrvatskoj<\/h1><\/h1><\/div><div class=\"fusion-text fusion-text-1\"><p style=\"text-align: justify;\"><strong>Geografski polo\u017eaj<\/strong><br \/>\nHrvatska zauzima najve\u0107i dio isto\u010dne obale Jadranskog mora, kao dijela Sredozemlja najdublje uvu\u010denog u europsko kopno. Na Hrvatsku se odnosi i glavnina ukupne obale Jadrana sa skoro svim otocima. Uski gorski pojas Dinarida odvaja njezin sredozemni dio od srednjo-europskog kontinentalnog dijela, koji se pru\u017ea od krajnjih isto\u010dnih obronaka Alpa na sjeverozapadu do obala Dunava na istoku, obuhva\u0107aju\u0107i ju\u017eni dio plodne Panonske nizine.<\/p>\n<p><strong>Povr\u0161ina<\/strong><br \/>\nKopneni dio iznosi 56 594 km2, a povr\u0161ina obalnog mora 31 479 km2.<\/p>\n<p><strong>Naseljenost<\/strong><br \/>\nHrvatska ima 4 290 612 stanovnika.<\/p>\n<p><strong>Nacionalni sastav<\/strong><br \/>\nVe\u0107inu stanovni\u0161tva \u010dine Hrvati, a najbrojnije su manjine Srbi, Bo\u0161njaci, Slovenci, Ma\u0111ari, \u010cesi, Talijani i Albanci.<\/p>\n<p><strong>Dr\u017eavno ure\u0111enje<\/strong><br \/>\nHrvatska je vi\u0161estrana\u010dka parlamentarna republika.<\/p>\n<p><strong>Glavni grad<\/strong><br \/>\nZagreb je sa 792 875 stanovnika gospodarsko, prometno, kulturno i akademsko sredi\u0161te zemlje.<\/p>\n<p><strong>Du\u017eina morske obale<\/strong><br \/>\n6 278 km, od toga 4 398 km otoka, hridi i grebena.<\/p>\n<p><strong>Broj otoka, oto\u010di\u0107a, hridi i grebena<\/strong><br \/>\n1 244. Najve\u0107i su otoci Krk i Cres. Nastanjeno je 50 otoka.<\/p>\n<p><strong>Najvi\u0161i vrh<\/strong><br \/>\nDinara 1831 m\/nm.<\/p>\n<p style=\"text-align: justify;\"><strong>Klima<\/strong><br \/>\nU Hrvatskoj postoje tri klimatske zone: u nizinama unutra\u0161njosti prevladava umjerena kontinentalna klima, na visinama iznad 1200 m planinska, a uzdu\u017e jadranske obale ugodna mediteranska klima s puno sun\u010danih dana gdje su ljeta suha i vru\u0107a, a zime blage i vla\u017ene. Prosje\u010dna temperatura zraka u nizinama unutra\u0161njosti je u sije\u010dnju od \u22122 do 0 \u00b0C i ne\u0161to ni\u017ea u gorju, u srpnju prosje\u010dne temperature zraka iznose od 20 do 22 \u00b0C u nizinama unutra\u0161njosti te oko 13 \u00b0C u najvi\u0161em gorju. Prosje\u010dna temperatura zraka u primorju je u sije\u010dnju u rasponu od 5 do 9 \u00b0C, a u srpnju od 23 do 26 \u00b0C. Temperatura mora zimi je oko 12 \u00b0C, a ljeti oko 25 \u00b0C.<\/p>\n<p style=\"text-align: justify;\"><strong>Novac<\/strong><br \/>\nSlu\u017ebena valuta u Hrvatskoj je kuna (1 kuna = 100 lipa). Strana valuta mijenja se u bankama, mjenja\u010dnicama, po\u0161tanskim uredima i u ve\u0107ini turisti\u010dkih agencija, hotela i kampova.<br \/>\nKreditne kartice (Eurocard\/Mastercard, Visa, American Express i Diners) primaju se u gotovo svim hotelima, marinama, restoranima i trgovinama te na bankomatima.<\/p>\n<p><strong>Elektri\u010dni napon gradske mre\u017ee<\/strong><br \/>\n220 V s frekvencijom 50 Hz.<\/p>\n<p><strong>Voda iz slavine pitka je u svim dijelovima Hrvatske.<\/strong><\/p>\n<p>Izvori: <a href=\"http:\/\/www.meteo.hr\" target=\"_blank\" rel=\"noopener noreferrer\">www.meteo.hr<\/a>, <a href=\"http:\/\/croatia.hr\/hr-HR\/Putovanje-Hrvatskom\/Korisne-informacije\" target=\"_blank\" rel=\"noopener noreferrer\">Hrvatska Turisti\u010dka Zajednica<\/a><\/p>\n<\/div><div class=\"fusion-clearfix\"><\/div><\/div><\/div><\/div><\/div>\n","protected":false},"excerpt":{"rendered":"","protected":false},"author":1,"featured_media":0,"parent":0,"menu_order":0,"comment_status":"closed","ping_status":"open","template":"","meta":{"ngg_post_thumbnail":0,"footnotes":""},"class_list":["post-657","page","type-page","status-publish","hentry"],"yoast_head":"<!-- This site is optimized with the Yoast SEO plugin v27.0 - https:\/\/yoast.com\/product\/yoast-seo-wordpress\/ -->\n<title>O Hrvatskoj | Apartments Zizic - Accommodation - Slatine - \u010ciovo island<\/title>\n<meta name=\"robots\" content=\"index, follow, max-snippet:-1, max-image-preview:large, max-video-preview:-1\" \/>\n<link rel=\"canonical\" href=\"https:\/\/apartments-zizic.com\/hr\/o-hrvatskoj\/\" \/>\n<meta property=\"og:locale\" content=\"hr_HR\" \/>\n<meta property=\"og:type\" content=\"article\" \/>\n<meta property=\"og:title\" content=\"O Hrvatskoj | Apartments Zizic - Accommodation - Slatine - \u010ciovo island\" \/>\n<meta property=\"og:url\" content=\"https:\/\/apartments-zizic.com\/hr\/o-hrvatskoj\/\" \/>\n<meta property=\"og:site_name\" content=\"Apartments Zizic - Accommodation - Slatine - \u010ciovo island\" \/>\n<meta property=\"article:publisher\" content=\"https:\/\/www.facebook.com\/apartments.zizic.croatia\/\" \/>\n<meta property=\"article:modified_time\" content=\"2020-01-08T01:59:11+00:00\" \/>\n<meta name=\"twitter:label1\" content=\"Procijenjeno vrijeme \u010ditanja\" \/>\n\t<meta name=\"twitter:data1\" content=\"3 minute\" \/>\n<script type=\"application\/ld+json\" class=\"yoast-schema-graph\">{\"@context\":\"https:\/\/schema.org\",\"@graph\":[{\"@type\":\"WebPage\",\"@id\":\"https:\/\/apartments-zizic.com\/hr\/o-hrvatskoj\/\",\"url\":\"https:\/\/apartments-zizic.com\/hr\/o-hrvatskoj\/\",\"name\":\"O Hrvatskoj | Apartments Zizic - Accommodation - Slatine - \u010ciovo island\",\"isPartOf\":{\"@id\":\"https:\/\/apartments-zizic.com\/hr\/#website\"},\"datePublished\":\"2012-11-12T01:13:38+00:00\",\"dateModified\":\"2020-01-08T01:59:11+00:00\",\"breadcrumb\":{\"@id\":\"https:\/\/apartments-zizic.com\/hr\/o-hrvatskoj\/#breadcrumb\"},\"inLanguage\":\"hr\",\"potentialAction\":[{\"@type\":\"ReadAction\",\"target\":[\"https:\/\/apartments-zizic.com\/hr\/o-hrvatskoj\/\"]}]},{\"@type\":\"BreadcrumbList\",\"@id\":\"https:\/\/apartments-zizic.com\/hr\/o-hrvatskoj\/#breadcrumb\",\"itemListElement\":[{\"@type\":\"ListItem\",\"position\":1,\"name\":\"Home\",\"item\":\"https:\/\/apartments-zizic.com\/hr\/pocetna\/\"},{\"@type\":\"ListItem\",\"position\":2,\"name\":\"O Hrvatskoj\"}]},{\"@type\":\"WebSite\",\"@id\":\"https:\/\/apartments-zizic.com\/hr\/#website\",\"url\":\"https:\/\/apartments-zizic.com\/hr\/\",\"name\":\"Apartments Zizic - Accommodation - Slatine - \u010ciovo island\",\"description\":\"Vacation rental, apartments, accommodation\",\"publisher\":{\"@id\":\"https:\/\/apartments-zizic.com\/hr\/#organization\"},\"potentialAction\":[{\"@type\":\"SearchAction\",\"target\":{\"@type\":\"EntryPoint\",\"urlTemplate\":\"https:\/\/apartments-zizic.com\/hr\/?s={search_term_string}\"},\"query-input\":{\"@type\":\"PropertyValueSpecification\",\"valueRequired\":true,\"valueName\":\"search_term_string\"}}],\"inLanguage\":\"hr\"},{\"@type\":\"Organization\",\"@id\":\"https:\/\/apartments-zizic.com\/hr\/#organization\",\"name\":\"Apartments Zizic\",\"url\":\"https:\/\/apartments-zizic.com\/hr\/\",\"logo\":{\"@type\":\"ImageObject\",\"inLanguage\":\"hr\",\"@id\":\"https:\/\/apartments-zizic.com\/hr\/#\/schema\/logo\/image\/\",\"url\":\"\",\"contentUrl\":\"\",\"caption\":\"Apartments Zizic\"},\"image\":{\"@id\":\"https:\/\/apartments-zizic.com\/hr\/#\/schema\/logo\/image\/\"},\"sameAs\":[\"https:\/\/www.facebook.com\/apartments.zizic.croatia\/\"]}]}<\/script>\n<!-- \/ Yoast SEO plugin. -->","yoast_head_json":{"title":"O Hrvatskoj | Apartments Zizic - Accommodation - Slatine - \u010ciovo island","robots":{"index":"index","follow":"follow","max-snippet":"max-snippet:-1","max-image-preview":"max-image-preview:large","max-video-preview":"max-video-preview:-1"},"canonical":"https:\/\/apartments-zizic.com\/hr\/o-hrvatskoj\/","og_locale":"hr_HR","og_type":"article","og_title":"O Hrvatskoj | Apartments Zizic - Accommodation - Slatine - \u010ciovo island","og_url":"https:\/\/apartments-zizic.com\/hr\/o-hrvatskoj\/","og_site_name":"Apartments Zizic - Accommodation - Slatine - \u010ciovo island","article_publisher":"https:\/\/www.facebook.com\/apartments.zizic.croatia\/","article_modified_time":"2020-01-08T01:59:11+00:00","twitter_misc":{"Procijenjeno vrijeme \u010ditanja":"3 minute"},"schema":{"@context":"https:\/\/schema.org","@graph":[{"@type":"WebPage","@id":"https:\/\/apartments-zizic.com\/hr\/o-hrvatskoj\/","url":"https:\/\/apartments-zizic.com\/hr\/o-hrvatskoj\/","name":"O Hrvatskoj | Apartments Zizic - Accommodation - Slatine - \u010ciovo island","isPartOf":{"@id":"https:\/\/apartments-zizic.com\/hr\/#website"},"datePublished":"2012-11-12T01:13:38+00:00","dateModified":"2020-01-08T01:59:11+00:00","breadcrumb":{"@id":"https:\/\/apartments-zizic.com\/hr\/o-hrvatskoj\/#breadcrumb"},"inLanguage":"hr","potentialAction":[{"@type":"ReadAction","target":["https:\/\/apartments-zizic.com\/hr\/o-hrvatskoj\/"]}]},{"@type":"BreadcrumbList","@id":"https:\/\/apartments-zizic.com\/hr\/o-hrvatskoj\/#breadcrumb","itemListElement":[{"@type":"ListItem","position":1,"name":"Home","item":"https:\/\/apartments-zizic.com\/hr\/pocetna\/"},{"@type":"ListItem","position":2,"name":"O Hrvatskoj"}]},{"@type":"WebSite","@id":"https:\/\/apartments-zizic.com\/hr\/#website","url":"https:\/\/apartments-zizic.com\/hr\/","name":"Apartments Zizic - Accommodation - Slatine - \u010ciovo island","description":"Vacation rental, apartments, accommodation","publisher":{"@id":"https:\/\/apartments-zizic.com\/hr\/#organization"},"potentialAction":[{"@type":"SearchAction","target":{"@type":"EntryPoint","urlTemplate":"https:\/\/apartments-zizic.com\/hr\/?s={search_term_string}"},"query-input":{"@type":"PropertyValueSpecification","valueRequired":true,"valueName":"search_term_string"}}],"inLanguage":"hr"},{"@type":"Organization","@id":"https:\/\/apartments-zizic.com\/hr\/#organization","name":"Apartments Zizic","url":"https:\/\/apartments-zizic.com\/hr\/","logo":{"@type":"ImageObject","inLanguage":"hr","@id":"https:\/\/apartments-zizic.com\/hr\/#\/schema\/logo\/image\/","url":"","contentUrl":"","caption":"Apartments Zizic"},"image":{"@id":"https:\/\/apartments-zizic.com\/hr\/#\/schema\/logo\/image\/"},"sameAs":["https:\/\/www.facebook.com\/apartments.zizic.croatia\/"]}]}},"_links":{"self":[{"href":"https:\/\/apartments-zizic.com\/hr\/wp-json\/wp\/v2\/pages\/657","targetHints":{"allow":["GET"]}}],"collection":[{"href":"https:\/\/apartments-zizic.com\/hr\/wp-json\/wp\/v2\/pages"}],"about":[{"href":"https:\/\/apartments-zizic.com\/hr\/wp-json\/wp\/v2\/types\/page"}],"author":[{"embeddable":true,"href":"https:\/\/apartments-zizic.com\/hr\/wp-json\/wp\/v2\/users\/1"}],"replies":[{"embeddable":true,"href":"https:\/\/apartments-zizic.com\/hr\/wp-json\/wp\/v2\/comments?post=657"}],"version-history":[{"count":3,"href":"https:\/\/apartments-zizic.com\/hr\/wp-json\/wp\/v2\/pages\/657\/revisions"}],"predecessor-version":[{"id":4118,"href":"https:\/\/apartments-zizic.com\/hr\/wp-json\/wp\/v2\/pages\/657\/revisions\/4118"}],"wp:attachment":[{"href":"https:\/\/apartments-zizic.com\/hr\/wp-json\/wp\/v2\/media?parent=657"}],"curies":[{"name":"wp","href":"https:\/\/api.w.org\/{rel}","templated":true}]}}