{"id":460,"date":"2012-10-27T00:33:14","date_gmt":"2012-10-27T00:33:14","guid":{"rendered":"http:\/\/apartments-zizic.com\/?page_id=460"},"modified":"2017-11-03T01:25:13","modified_gmt":"2017-11-03T01:25:13","slug":"kucni-red","status":"publish","type":"page","link":"https:\/\/apartments-zizic.com\/hr\/kucni-red\/","title":{"rendered":"Ku\u0107ni red"},"content":{"rendered":"<h1>Ku\u0107ni red<\/h1>\n<p><em><strong>Dobrodo\u0161li!<\/strong><\/em><\/p>\n<p><a href=\"http:\/\/apartments-zizic.com\/wp-content\/uploads\/Logo-180.png\" rel=\"attachment wp-att-1872\"><img decoding=\"async\" class=\"size-full wp-image-1872 alignnone\" src=\"http:\/\/apartments-zizic.com\/wp-content\/uploads\/Logo-180.png\" alt=\"Logo-180\" width=\"180\" height=\"91\" \/><\/a><\/p>\n<p class=\"dt-important-paragraph\">\u017delimo vas upoznati s ku\u0107nim redom kako bi vam boravak u na\u0161oj ku\u0107i bio ugodan, a za sve dodatne obavijesti obratite se doma\u0107inu.<\/p>\n<ul class=\"dt-list-style-check\">\n<li>Smje\u0161taj je na raspolaganju od 14.00 sati na dan dolaska do 10.00 sati na dan odlaska.<\/li>\n<li>Gosti su du\u017eni sami brinuti za svoje stvari I dragocijenostl ostavljene u apartmanima\/sobama i vlasnik ne odgovara za eventualni nestanak istih.<\/li>\n<li>Gosti su odgovorni za svoje pona\u0161anje u ku\u0107i i njezinoj okolici, a u slu\u010daju nezgode sami snose posljedice.<\/li>\n<li>Ulazna vrata apartmana\/sobe zaklju\u010davajte kada ste unutra, a kada izlazite vani obavezno zaklju\u010davajte vrata i prozore, zatvorite suncobrane, isklju\u010dite rasvjetu i sve elektri\u010dne ure\u0111aje (TV, klima ure\u0111aj, \u0161tednjak&#8230;) i zatvorite vodu.<\/li>\n<li>Vlasnik objekta ima pravo u odsutnosti gosta, u osobitim okolnostima, ulaziti u apartman\/sobu radi sprije\u010davanja nastanka mogu\u0107e \u0161tete ili opasnosti. 0 svom ulasku u apartmane\/sobe vlasnik je du\u017ean izvijestiti gosta u prvom slijede\u0107em kontaktu.<\/li>\n<li>Zabranjeno je uni\u0161tavanje opreme i namje\u0161taja, izazivanje nereda i ometanje drugih gostiju, a osobito se zabranjuje stvaranje buke u vremenu od 14.00 do 16.00 sati i od 23.00 do 7.00 sati.<\/li>\n<li>Sadr\u017eaje apartmana\/sobe mogu koristiti samo osobe koje su uredno prijavljene kao gosti, a doma\u0107in na tra\u017eenje gosta mo\u017ee odobriti eventualne posjete u odre\u0111enom vremenu.<\/li>\n<li>Nije dozvoljeno uno\u0161enje oru\u017eja, eksplozivnih i lakozapaljivih materijala.<\/li>\n<li>Kori\u0161tenje opreme i ure\u0111aja koji nisu sastavni dio ponude apartmana\/sobe, dozvoljeno je samo uz suglasnost doma\u0107ina.<\/li>\n<li>Dovo\u0111enje \u017eivotinja dozvoljeno je samo uz suglasnost doma\u0107ina.<\/li>\n<li>Ako do\u0111e do nestanka ili o\u0161te\u0107enja instalacija, namje\u0161taja, ure\u0111aja, opreme apartmana\/sobe, gost je du\u017ean obavijestiti doma\u0107ina. Ukoliko je do nestanka ili o\u0161te\u0107enja do\u0161lo krivnjom gosta, gost je du\u017ean nadoknaditi odgovaraju\u0107u protuvrijednost.<\/li>\n<li>Iz apartmana\/soba zabranjeno je izno\u0161enje ure\u0111aja i opreme (ru\u010dnici, pokriva\u010di i drugo).<\/li>\n<li>U slu\u010daju nepridr\u017eavanja ku\u0107nog reda, doma\u0107in ima pravo otkazati gostu daljnje pru\u017eanje usluga.<\/li>\n<li>Va\u0161u osobnu kartu Ili putovnicu predajte doma\u0107inu odmah po dolasku, radi prijave Turisti\u010dkom uredu.<\/li>\n<li>Svoje primjedbe, \u017eelje i pohvale mo\u017eete priop\u0107iti doma\u0107inu.<\/li>\n<\/ul>\n<p><strong><em>\u017delimo Vam ugodan boravak!<\/em><\/strong><\/p>\n","protected":false},"excerpt":{"rendered":"<p>Ku\u0107ni red Dobrodo\u0161li! \u017delimo vas upoznati s ku\u0107nim redom kako bi vam boravak u na\u0161oj ku\u0107i bio ugodan, a za sve dodatne obavijesti obratite se doma\u0107inu. Smje\u0161taj je na raspolaganju od 14.00 sati na dan dolaska do 10.00 sati na dan odlaska. Gosti su du\u017eni sami brinuti za svoje stvari I dragocijenostl ostavljene u apartmanima\/sobama  [&#8230;]<\/p>\n","protected":false},"author":1,"featured_media":0,"parent":0,"menu_order":0,"comment_status":"closed","ping_status":"open","template":"","meta":{"ngg_post_thumbnail":0,"footnotes":""},"class_list":["post-460","page","type-page","status-publish","hentry"],"yoast_head":"<!-- This site is optimized with the Yoast SEO plugin v27.0 - https:\/\/yoast.com\/product\/yoast-seo-wordpress\/ -->\n<title>Ku\u0107ni red | Apartments Zizic - Accommodation - Slatine - \u010ciovo island<\/title>\n<meta name=\"robots\" content=\"index, follow, max-snippet:-1, max-image-preview:large, max-video-preview:-1\" \/>\n<link rel=\"canonical\" href=\"https:\/\/apartments-zizic.com\/hr\/kucni-red\/\" \/>\n<meta property=\"og:locale\" content=\"hr_HR\" \/>\n<meta property=\"og:type\" content=\"article\" \/>\n<meta property=\"og:title\" content=\"Ku\u0107ni red | Apartments Zizic - Accommodation - Slatine - \u010ciovo island\" \/>\n<meta property=\"og:description\" content=\"Ku\u0107ni red Dobrodo\u0161li! \u017delimo vas upoznati s ku\u0107nim redom kako bi vam boravak u na\u0161oj ku\u0107i bio ugodan, a za sve dodatne obavijesti obratite se doma\u0107inu. Smje\u0161taj je na raspolaganju od 14.00 sati na dan dolaska do 10.00 sati na dan odlaska. Gosti su du\u017eni sami brinuti za svoje stvari I dragocijenostl ostavljene u apartmanima\/sobama [...]\" \/>\n<meta property=\"og:url\" content=\"https:\/\/apartments-zizic.com\/hr\/kucni-red\/\" \/>\n<meta property=\"og:site_name\" content=\"Apartments Zizic - Accommodation - Slatine - \u010ciovo island\" \/>\n<meta property=\"article:publisher\" content=\"https:\/\/www.facebook.com\/apartments.zizic.croatia\/\" \/>\n<meta property=\"article:modified_time\" content=\"2017-11-03T01:25:13+00:00\" \/>\n<meta property=\"og:image\" content=\"http:\/\/apartments-zizic.com\/wp-content\/uploads\/Logo-180.png\" \/>\n<meta name=\"twitter:label1\" content=\"Procijenjeno vrijeme \u010ditanja\" \/>\n\t<meta name=\"twitter:data1\" content=\"2 minute\" \/>\n<script type=\"application\/ld+json\" class=\"yoast-schema-graph\">{\"@context\":\"https:\/\/schema.org\",\"@graph\":[{\"@type\":\"WebPage\",\"@id\":\"https:\/\/apartments-zizic.com\/hr\/kucni-red\/\",\"url\":\"https:\/\/apartments-zizic.com\/hr\/kucni-red\/\",\"name\":\"Ku\u0107ni red | Apartments Zizic - Accommodation - Slatine - \u010ciovo island\",\"isPartOf\":{\"@id\":\"https:\/\/apartments-zizic.com\/hr\/#website\"},\"primaryImageOfPage\":{\"@id\":\"https:\/\/apartments-zizic.com\/hr\/kucni-red\/#primaryimage\"},\"image\":{\"@id\":\"https:\/\/apartments-zizic.com\/hr\/kucni-red\/#primaryimage\"},\"thumbnailUrl\":\"http:\/\/apartments-zizic.com\/wp-content\/uploads\/Logo-180.png\",\"datePublished\":\"2012-10-27T00:33:14+00:00\",\"dateModified\":\"2017-11-03T01:25:13+00:00\",\"breadcrumb\":{\"@id\":\"https:\/\/apartments-zizic.com\/hr\/kucni-red\/#breadcrumb\"},\"inLanguage\":\"hr\",\"potentialAction\":[{\"@type\":\"ReadAction\",\"target\":[\"https:\/\/apartments-zizic.com\/hr\/kucni-red\/\"]}]},{\"@type\":\"ImageObject\",\"inLanguage\":\"hr\",\"@id\":\"https:\/\/apartments-zizic.com\/hr\/kucni-red\/#primaryimage\",\"url\":\"http:\/\/apartments-zizic.com\/wp-content\/uploads\/Logo-180.png\",\"contentUrl\":\"http:\/\/apartments-zizic.com\/wp-content\/uploads\/Logo-180.png\"},{\"@type\":\"BreadcrumbList\",\"@id\":\"https:\/\/apartments-zizic.com\/hr\/kucni-red\/#breadcrumb\",\"itemListElement\":[{\"@type\":\"ListItem\",\"position\":1,\"name\":\"Home\",\"item\":\"https:\/\/apartments-zizic.com\/hr\/pocetna\/\"},{\"@type\":\"ListItem\",\"position\":2,\"name\":\"Ku\u0107ni red\"}]},{\"@type\":\"WebSite\",\"@id\":\"https:\/\/apartments-zizic.com\/hr\/#website\",\"url\":\"https:\/\/apartments-zizic.com\/hr\/\",\"name\":\"Apartments Zizic - Accommodation - Slatine - \u010ciovo island\",\"description\":\"Vacation rental, apartments, accommodation\",\"publisher\":{\"@id\":\"https:\/\/apartments-zizic.com\/hr\/#organization\"},\"potentialAction\":[{\"@type\":\"SearchAction\",\"target\":{\"@type\":\"EntryPoint\",\"urlTemplate\":\"https:\/\/apartments-zizic.com\/hr\/?s={search_term_string}\"},\"query-input\":{\"@type\":\"PropertyValueSpecification\",\"valueRequired\":true,\"valueName\":\"search_term_string\"}}],\"inLanguage\":\"hr\"},{\"@type\":\"Organization\",\"@id\":\"https:\/\/apartments-zizic.com\/hr\/#organization\",\"name\":\"Apartments Zizic\",\"url\":\"https:\/\/apartments-zizic.com\/hr\/\",\"logo\":{\"@type\":\"ImageObject\",\"inLanguage\":\"hr\",\"@id\":\"https:\/\/apartments-zizic.com\/hr\/#\/schema\/logo\/image\/\",\"url\":\"\",\"contentUrl\":\"\",\"caption\":\"Apartments Zizic\"},\"image\":{\"@id\":\"https:\/\/apartments-zizic.com\/hr\/#\/schema\/logo\/image\/\"},\"sameAs\":[\"https:\/\/www.facebook.com\/apartments.zizic.croatia\/\"]}]}<\/script>\n<!-- \/ Yoast SEO plugin. -->","yoast_head_json":{"title":"Ku\u0107ni red | Apartments Zizic - Accommodation - Slatine - \u010ciovo island","robots":{"index":"index","follow":"follow","max-snippet":"max-snippet:-1","max-image-preview":"max-image-preview:large","max-video-preview":"max-video-preview:-1"},"canonical":"https:\/\/apartments-zizic.com\/hr\/kucni-red\/","og_locale":"hr_HR","og_type":"article","og_title":"Ku\u0107ni red | Apartments Zizic - Accommodation - Slatine - \u010ciovo island","og_description":"Ku\u0107ni red Dobrodo\u0161li! \u017delimo vas upoznati s ku\u0107nim redom kako bi vam boravak u na\u0161oj ku\u0107i bio ugodan, a za sve dodatne obavijesti obratite se doma\u0107inu. Smje\u0161taj je na raspolaganju od 14.00 sati na dan dolaska do 10.00 sati na dan odlaska. Gosti su du\u017eni sami brinuti za svoje stvari I dragocijenostl ostavljene u apartmanima\/sobama [...]","og_url":"https:\/\/apartments-zizic.com\/hr\/kucni-red\/","og_site_name":"Apartments Zizic - Accommodation - Slatine - \u010ciovo island","article_publisher":"https:\/\/www.facebook.com\/apartments.zizic.croatia\/","article_modified_time":"2017-11-03T01:25:13+00:00","og_image":[{"url":"http:\/\/apartments-zizic.com\/wp-content\/uploads\/Logo-180.png","type":"","width":"","height":""}],"twitter_misc":{"Procijenjeno vrijeme \u010ditanja":"2 minute"},"schema":{"@context":"https:\/\/schema.org","@graph":[{"@type":"WebPage","@id":"https:\/\/apartments-zizic.com\/hr\/kucni-red\/","url":"https:\/\/apartments-zizic.com\/hr\/kucni-red\/","name":"Ku\u0107ni red | Apartments Zizic - Accommodation - Slatine - \u010ciovo island","isPartOf":{"@id":"https:\/\/apartments-zizic.com\/hr\/#website"},"primaryImageOfPage":{"@id":"https:\/\/apartments-zizic.com\/hr\/kucni-red\/#primaryimage"},"image":{"@id":"https:\/\/apartments-zizic.com\/hr\/kucni-red\/#primaryimage"},"thumbnailUrl":"http:\/\/apartments-zizic.com\/wp-content\/uploads\/Logo-180.png","datePublished":"2012-10-27T00:33:14+00:00","dateModified":"2017-11-03T01:25:13+00:00","breadcrumb":{"@id":"https:\/\/apartments-zizic.com\/hr\/kucni-red\/#breadcrumb"},"inLanguage":"hr","potentialAction":[{"@type":"ReadAction","target":["https:\/\/apartments-zizic.com\/hr\/kucni-red\/"]}]},{"@type":"ImageObject","inLanguage":"hr","@id":"https:\/\/apartments-zizic.com\/hr\/kucni-red\/#primaryimage","url":"http:\/\/apartments-zizic.com\/wp-content\/uploads\/Logo-180.png","contentUrl":"http:\/\/apartments-zizic.com\/wp-content\/uploads\/Logo-180.png"},{"@type":"BreadcrumbList","@id":"https:\/\/apartments-zizic.com\/hr\/kucni-red\/#breadcrumb","itemListElement":[{"@type":"ListItem","position":1,"name":"Home","item":"https:\/\/apartments-zizic.com\/hr\/pocetna\/"},{"@type":"ListItem","position":2,"name":"Ku\u0107ni red"}]},{"@type":"WebSite","@id":"https:\/\/apartments-zizic.com\/hr\/#website","url":"https:\/\/apartments-zizic.com\/hr\/","name":"Apartments Zizic - Accommodation - Slatine - \u010ciovo island","description":"Vacation rental, apartments, accommodation","publisher":{"@id":"https:\/\/apartments-zizic.com\/hr\/#organization"},"potentialAction":[{"@type":"SearchAction","target":{"@type":"EntryPoint","urlTemplate":"https:\/\/apartments-zizic.com\/hr\/?s={search_term_string}"},"query-input":{"@type":"PropertyValueSpecification","valueRequired":true,"valueName":"search_term_string"}}],"inLanguage":"hr"},{"@type":"Organization","@id":"https:\/\/apartments-zizic.com\/hr\/#organization","name":"Apartments Zizic","url":"https:\/\/apartments-zizic.com\/hr\/","logo":{"@type":"ImageObject","inLanguage":"hr","@id":"https:\/\/apartments-zizic.com\/hr\/#\/schema\/logo\/image\/","url":"","contentUrl":"","caption":"Apartments Zizic"},"image":{"@id":"https:\/\/apartments-zizic.com\/hr\/#\/schema\/logo\/image\/"},"sameAs":["https:\/\/www.facebook.com\/apartments.zizic.croatia\/"]}]}},"_links":{"self":[{"href":"https:\/\/apartments-zizic.com\/hr\/wp-json\/wp\/v2\/pages\/460","targetHints":{"allow":["GET"]}}],"collection":[{"href":"https:\/\/apartments-zizic.com\/hr\/wp-json\/wp\/v2\/pages"}],"about":[{"href":"https:\/\/apartments-zizic.com\/hr\/wp-json\/wp\/v2\/types\/page"}],"author":[{"embeddable":true,"href":"https:\/\/apartments-zizic.com\/hr\/wp-json\/wp\/v2\/users\/1"}],"replies":[{"embeddable":true,"href":"https:\/\/apartments-zizic.com\/hr\/wp-json\/wp\/v2\/comments?post=460"}],"version-history":[{"count":0,"href":"https:\/\/apartments-zizic.com\/hr\/wp-json\/wp\/v2\/pages\/460\/revisions"}],"wp:attachment":[{"href":"https:\/\/apartments-zizic.com\/hr\/wp-json\/wp\/v2\/media?parent=460"}],"curies":[{"name":"wp","href":"https:\/\/api.w.org\/{rel}","templated":true}]}}